{"id":26558,"date":"2026-02-27T00:33:05","date_gmt":"2026-02-27T00:33:05","guid":{"rendered":"https:\/\/nordicmart.andreevmaster.com\/product\/nomi-reol\/"},"modified":"2026-02-27T09:12:30","modified_gmt":"2026-02-27T09:12:30","slug":"nomi-reol","status":"publish","type":"product","link":"https:\/\/nordicmart.andreevmaster.com\/da\/vare\/nomi-reol\/","title":{"rendered":"Nomi reol"},"content":{"rendered":"<p>Nomi reol har mange funktionelle l\u00f8sninger. Den kan st\u00e5 p\u00e5 gulvet, s\u00e5 dit barn kan lege med sit leget\u00f8j og har fri adgang til det. Og n\u00e5r dit barn bliver st\u00f8rre, kan du h\u00e6nge reolen op p\u00e5 v\u00e6ggen. Men det vigtigste er, at du ogs\u00e5 kan placere reolen ved siden af sengen og skabe et vidunderligt lille hus til dit barn, hvor det kan lege og sove. Vigtigste fordele:<br \/>\n&#8211; kan stilles p\u00e5 gulvet, h\u00e6nges op p\u00e5 v\u00e6ggen eller placeres ved siden af sengen<br \/>\n&#8211; rummelige hylder, der forhindrer ting i at falde ned<br \/>\n&#8211; mulighed for v\u00e6gmontering<br \/>\n&#8211; opfylder europ\u00e6iske standarder og sikkerhedskrav M\u00e5l (cm):<br \/>\nh\u00f8jde: 120<br \/>\ndybde: 40<br \/>\nbredde: 74 M\u00f8belmaterialer og finish:<br \/>\n&#8211; siderne og toppen er lavet af lakeret MDF-plade i hvid farve<br \/>\n&#8211; alle hylder er lavet af egetr\u00e6sfiner<br \/>\n&#8211; malingen, der er brugt i lakeringprocessen, er sikker for b\u00f8rn, EN71\/3-godkendt og for\u00e5rsager ikke allergi.<br \/>\n Brugsanvisning:<br \/>\nM\u00f8blerne skal t\u00f8rres af med en bl\u00f8d bomuldsklud fugtet med vand eller et produkt beregnet til m\u00f8belpleje.<\/p>\n<p>Yderligere oplysninger:<br \/>\nM\u00f8blerne leveres i pakker, der er beregnet til selvmontering. Pakkerne indeholder detaljerede monteringsvejledninger samt tilbeh\u00f8r (skruer osv.).<\/p>\n","protected":false},"excerpt":{"rendered":"<p>Nomi reol har mange funktionelle l\u00f8sninger. Den kan st\u00e5 p\u00e5 gulvet, s\u00e5 dit barn kan lege med sit leget\u00f8j og har fri adgang til det. Og n\u00e5r dit barn bliver st\u00f8rre, kan du h\u00e6nge reolen op p\u00e5 v\u00e6ggen. Men det vigtigste er, at du ogs\u00e5 kan placere reolen ved siden af sengen og skabe et [&hellip;]<\/p>\n","protected":false},"featured_media":0,"comment_status":"open","ping_status":"closed","template":"","meta":[],"product_brand":[],"product_cat":[31],"product_tag":[],"class_list":{"0":"post-26558","1":"product","2":"type-product","3":"status-publish","5":"product_cat-uncategorized-da","7":"first","8":"instock","9":"shipping-taxable","10":"purchasable","11":"product-type-simple"},"_links":{"self":[{"href":"https:\/\/nordicmart.andreevmaster.com\/da\/wp-json\/wp\/v2\/product\/26558","targetHints":{"allow":["GET"]}}],"collection":[{"href":"https:\/\/nordicmart.andreevmaster.com\/da\/wp-json\/wp\/v2\/product"}],"about":[{"href":"https:\/\/nordicmart.andreevmaster.com\/da\/wp-json\/wp\/v2\/types\/product"}],"replies":[{"embeddable":true,"href":"https:\/\/nordicmart.andreevmaster.com\/da\/wp-json\/wp\/v2\/comments?post=26558"}],"wp:attachment":[{"href":"https:\/\/nordicmart.andreevmaster.com\/da\/wp-json\/wp\/v2\/media?parent=26558"}],"wp:term":[{"taxonomy":"product_brand","embeddable":true,"href":"https:\/\/nordicmart.andreevmaster.com\/da\/wp-json\/wp\/v2\/product_brand?post=26558"},{"taxonomy":"product_cat","embeddable":true,"href":"https:\/\/nordicmart.andreevmaster.com\/da\/wp-json\/wp\/v2\/product_cat?post=26558"},{"taxonomy":"product_tag","embeddable":true,"href":"https:\/\/nordicmart.andreevmaster.com\/da\/wp-json\/wp\/v2\/product_tag?post=26558"}],"curies":[{"name":"wp","href":"https:\/\/api.w.org\/{rel}","templated":true}]}}