{"id":26557,"date":"2026-02-27T00:33:05","date_gmt":"2026-02-27T00:33:05","guid":{"rendered":"https:\/\/nordicmart.andreevmaster.com\/product\/nomi-barneseng-junior-seng-70x140-med-skuffe\/"},"modified":"2026-02-27T09:12:30","modified_gmt":"2026-02-27T09:12:30","slug":"nomi-barneseng-junior-seng-70x140-med-skuffe","status":"publish","type":"product","link":"https:\/\/nordicmart.andreevmaster.com\/da\/vare\/nomi-barneseng-junior-seng-70x140-med-skuffe\/","title":{"rendered":"Nomi barneseng\/junior seng 70&#215;140 med skuffe"},"content":{"rendered":"<p>Barnesengen er altid hjertet i b\u00f8rnev\u00e6relset, hvor b\u00f8rnene kan hvile, dr\u00f8mme og lege. Men ud over at opfylde alle b\u00f8rns grundl\u00e6ggende behov har vi ogs\u00e5 fokuseret p\u00e5 den praktiske anvendelse af sengens funktioner i leg og st\u00f8tte til barnets udvikling.<br \/>\nDerfor har barnesengen i sofa- eller dagssengsversionen en praktisk h\u00f8jde fra gulvet, s\u00e5 babyer frit kan komme ind og ud af sengen, hvilket er s\u00e6rligt vigtigt for at opbygge deres uafh\u00e6ngighed og selvst\u00e6ndighed. En rummelig skuffe til diverse tilbeh\u00f8r kan let \u00e5bnes af alle sm\u00e5b\u00f8rn, og n\u00e5r vi s\u00e6tter en hyldebogreol fra samme kollektion p\u00e5 en sovesofa, skaber vi et hyggeligt rede til s\u00f8vn og leg med plads til barnets yndlingsbamse, en lampe osv.<\/p>\n<p>**De vigtigste fordele:**<br \/>\n&#8211; overholder europ\u00e6iske standarder og sikkerhedsnormer<br \/>\n&#8211; to aftagelige st\u00e6nger i den ene ramme, der g\u00f8r det muligt at komme ind og ud af sengen<br \/>\n&#8211; fire niveauer for madrasrammens position, der kan justeres efter barnets udviklingsniveau (28\/34\/ 48,5\/ 64,5 cm fra gulvet)<br \/>\n&#8211; kan omdannes til en sofa ved at afmontere en af rammerne<br \/>\n&#8211; kan omdannes til en sovesofa ved at afmontere to rammer samt hoved- og fodg\u00e6rde<br \/>\n&#8211; sovesofaen kan kombineres med en hyldereol fra samme serie<br \/>\n&#8211; rummelig skuffe p\u00e5 lydl\u00f8se Hafele-skinner<br \/>\n&#8211; skuffel\u00e5g<br \/>\n&#8211; ekstra faldsikring til sengen f\u00e5s (ekstraudstyr)<\/p>\n<p>**M\u00e5l (cm):**<br \/>\nl\u00e6ngde: 144<br \/>\nbredde: 795<br \/>\nh\u00f8jde: 96 <\/p>\n<p>**Yderligere oplysninger:**<br \/>\n&#8211; madras, der passer til barnesengen: 140 cm x 70 cm<br \/>\n&#8211; levetid: til ca. 5-\u00e5rs alderen.<\/p>\n<p>**M\u00f8beldesign og finish:**<br \/>\n&#8211; top er lavet af naturlig egfiner lakeret med farvel\u00f8s maling<br \/>\n&#8211; skuffefronter (2\/3) er lavet af MDF-plade i hvid b\u00f8rnesikker lak og egfiner (1\/3) lakeret med farvel\u00f8s maling<br \/>\n&#8211; ben er lavet af egetr\u00e6, lakeret med farvel\u00f8s b\u00f8rnesikker maling<br \/>\n&#8211; Skuffen er udstyret med sikre og lydl\u00f8se Hafele-skinner med selvlukkende system<br \/>\n&#8211; Stigerne er lavet af b\u00f8getr\u00e6, lakeret med hvid maling<br \/>\n&#8211; Madrasrammen er lavet af b\u00f8gefiner<br \/>\n&#8211; De lakker, der anvendes i produktionsprocessen, er b\u00f8rnesikre, certificeret i henhold til standarden EN71\/3 og for\u00e5rsager ikke allergi<\/p>\n<p>**Farver:**<br \/>\n&#8211; hvid, eg med mat finish<\/p>\n<p>**Brugsanvisning:**<br \/>\nM\u00f8blerne skal t\u00f8rres af med en bl\u00f8d bomuldsklud fugtet med vand eller m\u00f8belpolish.<\/p>\n<p>**Yderligere oplysninger:**<br \/>\nM\u00f8blerne leveres i kasser til selvmontering. Kasserne indeholder en detaljeret monteringsvejledning samt tilbeh\u00f8r (skruer osv.)<\/p>\n","protected":false},"excerpt":{"rendered":"<p>Barnesengen er altid hjertet i b\u00f8rnev\u00e6relset, hvor b\u00f8rnene kan hvile, dr\u00f8mme og lege. Men ud over at opfylde alle b\u00f8rns grundl\u00e6ggende behov har vi ogs\u00e5 fokuseret p\u00e5 den praktiske anvendelse af sengens funktioner i leg og st\u00f8tte til barnets udvikling. Derfor har barnesengen i sofa- eller dagssengsversionen en praktisk h\u00f8jde fra gulvet, s\u00e5 babyer frit [&hellip;]<\/p>\n","protected":false},"featured_media":0,"comment_status":"open","ping_status":"closed","template":"","meta":[],"product_brand":[],"product_cat":[31],"product_tag":[],"class_list":{"0":"post-26557","1":"product","2":"type-product","3":"status-publish","5":"product_cat-uncategorized-da","7":"first","8":"instock","9":"shipping-taxable","10":"purchasable","11":"product-type-simple"},"_links":{"self":[{"href":"https:\/\/nordicmart.andreevmaster.com\/da\/wp-json\/wp\/v2\/product\/26557","targetHints":{"allow":["GET"]}}],"collection":[{"href":"https:\/\/nordicmart.andreevmaster.com\/da\/wp-json\/wp\/v2\/product"}],"about":[{"href":"https:\/\/nordicmart.andreevmaster.com\/da\/wp-json\/wp\/v2\/types\/product"}],"replies":[{"embeddable":true,"href":"https:\/\/nordicmart.andreevmaster.com\/da\/wp-json\/wp\/v2\/comments?post=26557"}],"wp:attachment":[{"href":"https:\/\/nordicmart.andreevmaster.com\/da\/wp-json\/wp\/v2\/media?parent=26557"}],"wp:term":[{"taxonomy":"product_brand","embeddable":true,"href":"https:\/\/nordicmart.andreevmaster.com\/da\/wp-json\/wp\/v2\/product_brand?post=26557"},{"taxonomy":"product_cat","embeddable":true,"href":"https:\/\/nordicmart.andreevmaster.com\/da\/wp-json\/wp\/v2\/product_cat?post=26557"},{"taxonomy":"product_tag","embeddable":true,"href":"https:\/\/nordicmart.andreevmaster.com\/da\/wp-json\/wp\/v2\/product_tag?post=26557"}],"curies":[{"name":"wp","href":"https:\/\/api.w.org\/{rel}","templated":true}]}}