{"id":26556,"date":"2026-02-27T00:33:05","date_gmt":"2026-02-27T00:33:05","guid":{"rendered":"https:\/\/nordicmart.andreevmaster.com\/product\/nomi-kommode\/"},"modified":"2026-02-27T09:12:29","modified_gmt":"2026-02-27T09:12:29","slug":"nomi-kommode","status":"publish","type":"product","link":"https:\/\/nordicmart.andreevmaster.com\/da\/vare\/nomi-kommode\/","title":{"rendered":"Nomi kommode"},"content":{"rendered":"<p>Kommoden ved siden af babyens seng er et meget vigtigt element i b\u00f8rnev\u00e6relset. Tre rummelige skuffer giver plads til mange tilbeh\u00f8r, mindre og st\u00f8rre stykker t\u00f8j eller barnets skatte. De traditionelle knopper er erstattet med smilformede h\u00e5ndtag, som er meget behagelige for b\u00e5de b\u00f8rn og voksne. Pladen kan bruges som puslebord, s\u00e5 for\u00e6ldrene kan passe deres baby sikkert i den tidlige barndom.<br \/>\n**De vigtigste fordele:**<br \/>\n&#8211; tre rummelige skuffer<br \/>\n&#8211; kan udstyres med et puslebord<br \/>\n&#8211; brugervenlige h\u00e5ndtag<br \/>\n&#8211; kan monteres p\u00e5 v\u00e6ggen \u2013 anbefales<br \/>\n&#8211; overholder europ\u00e6iske standarder og sikkerhedsnormer<br \/>\n**M\u00e5l (cm):**<br \/>\nh\u00f8jde: 90<br \/>\ndybde: 50<br \/>\nbredde: 90<\/p>\n<p>**M\u00f8beldesign og finish:**<br \/>\n&#8211; top er lavet af naturlig egfiner lakeret med farvel\u00f8s maling<br \/>\n&#8211; skuffefronter er lavet af MDF-plade i hvid b\u00f8rnesikker lak<br \/>\n&#8211; ben er lavet af egetr\u00e6, lakeret med farvel\u00f8s b\u00f8rnesikker maling<br \/>\n&#8211; Siderne p\u00e5 kommoden er lavet af lamineret plade af h\u00f8j kvalitet, som er modstandsdygtig over for skader og fugt og nem at holde ren<br \/>\n&#8211; Skufferne er udstyret med sikre og lydl\u00f8se Hafele-skinner med selvlukkende system<br \/>\n&#8211; De lakker, der anvendes i produktionsprocessen, er b\u00f8rnesikre,<br \/>\ncertificerede og for\u00e5rsager ikke allergi<\/p>\n<p>**Farver:**<br \/>\n&#8211; hvid og eg, alt med mat finish<\/p>\n<p>**Brugsanvisning:**<br \/>\nM\u00f8blerne skal t\u00f8rres af med en bl\u00f8d bomuldsklud fugtet med vand eller m\u00f8belpolish.<br \/>\n**<br \/>\nYderligere oplysninger:**<br \/>\nM\u00f8blerne leveres i kasser til selvmontering. Kasserne indeholder en detaljeret monteringsvejledning samt tilbeh\u00f8r (skruer osv.)<\/p>\n","protected":false},"excerpt":{"rendered":"<p>Kommoden ved siden af babyens seng er et meget vigtigt element i b\u00f8rnev\u00e6relset. Tre rummelige skuffer giver plads til mange tilbeh\u00f8r, mindre og st\u00f8rre stykker t\u00f8j eller barnets skatte. De traditionelle knopper er erstattet med smilformede h\u00e5ndtag, som er meget behagelige for b\u00e5de b\u00f8rn og voksne. Pladen kan bruges som puslebord, s\u00e5 for\u00e6ldrene kan passe [&hellip;]<\/p>\n","protected":false},"featured_media":0,"comment_status":"open","ping_status":"closed","template":"","meta":[],"product_brand":[],"product_cat":[31],"product_tag":[],"class_list":{"0":"post-26556","1":"product","2":"type-product","3":"status-publish","5":"product_cat-uncategorized-da","7":"first","8":"instock","9":"shipping-taxable","10":"purchasable","11":"product-type-simple"},"_links":{"self":[{"href":"https:\/\/nordicmart.andreevmaster.com\/da\/wp-json\/wp\/v2\/product\/26556","targetHints":{"allow":["GET"]}}],"collection":[{"href":"https:\/\/nordicmart.andreevmaster.com\/da\/wp-json\/wp\/v2\/product"}],"about":[{"href":"https:\/\/nordicmart.andreevmaster.com\/da\/wp-json\/wp\/v2\/types\/product"}],"replies":[{"embeddable":true,"href":"https:\/\/nordicmart.andreevmaster.com\/da\/wp-json\/wp\/v2\/comments?post=26556"}],"wp:attachment":[{"href":"https:\/\/nordicmart.andreevmaster.com\/da\/wp-json\/wp\/v2\/media?parent=26556"}],"wp:term":[{"taxonomy":"product_brand","embeddable":true,"href":"https:\/\/nordicmart.andreevmaster.com\/da\/wp-json\/wp\/v2\/product_brand?post=26556"},{"taxonomy":"product_cat","embeddable":true,"href":"https:\/\/nordicmart.andreevmaster.com\/da\/wp-json\/wp\/v2\/product_cat?post=26556"},{"taxonomy":"product_tag","embeddable":true,"href":"https:\/\/nordicmart.andreevmaster.com\/da\/wp-json\/wp\/v2\/product_tag?post=26556"}],"curies":[{"name":"wp","href":"https:\/\/api.w.org\/{rel}","templated":true}]}}