{"id":26547,"date":"2026-02-27T00:33:02","date_gmt":"2026-02-27T00:33:02","guid":{"rendered":"https:\/\/nordicmart.andreevmaster.com\/product\/whisper-muslin-sengelinned-60x120\/"},"modified":"2026-02-27T09:12:28","modified_gmt":"2026-02-27T09:12:28","slug":"whisper-muslin-sengelinned-60x120","status":"publish","type":"product","link":"https:\/\/nordicmart.andreevmaster.com\/da\/vare\/whisper-muslin-sengelinned-60x120\/","title":{"rendered":"Whisper muslin sengelinned 60&#215;120"},"content":{"rendered":"<p>Lagenet er fremstillet af 100 % h\u00f8jkvalitets bomuldsmuslin med OEKO-TEX Standard 100-certificering, der garanterer enest\u00e5ende komfort og holdbarhed. Stoffet er bl\u00f8dt, men alligevel slidst\u00e6rkt, hvilket sikrer lang levetid. Bomulden, der er anvendt i dette lagen, er et naturligt, hudvenligt materiale. Dens \u00e5ndbarhed giver komfort hele natten. OEKO-TEX Standard 100-certificeringen garanterer, at bomulden er fri for skadelige stoffer. <\/p>\n<p>Detaljerede oplysninger: <\/p>\n<p>&#8211; lagen fremstillet af naturlig bomuld <\/p>\n<p>&#8211; delikat og bl\u00f8dt at r\u00f8re ved <\/p>\n<p>&#8211; afsluttet med et elastisk b\u00e5nd, der forhindrer, at det glider p\u00e5 madrassen <\/p>\n<p>&#8211; passer perfekt til barneseng <\/p>\n<p>Materiale: <\/p>\n<p>\u2022 100 % bomuld med OEKO-TEX Standard 100-certificering <\/p>\n<p>St\u00f8rrelse S: \u2022 &#8211; 60 x 120 <\/p>\n<p>Vaskeanvisning: <\/p>\n<p>\u2022 Maskinvask ved 30 \u00b0C <\/p>\n<p>\u2022 Kan stryges ved h\u00f8j temperatur <\/p>\n<p>\u2022 M\u00e5 ikke bleges <\/p>\n<p>\u2022 Kan t\u00f8rretumbles p\u00e5 et program til sarte tekstiler<\/p>\n","protected":false},"excerpt":{"rendered":"<p>Lagenet er fremstillet af 100 % h\u00f8jkvalitets bomuldsmuslin med OEKO-TEX Standard 100-certificering, der garanterer enest\u00e5ende komfort og holdbarhed. Stoffet er bl\u00f8dt, men alligevel slidst\u00e6rkt, hvilket sikrer lang levetid. Bomulden, der er anvendt i dette lagen, er et naturligt, hudvenligt materiale. Dens \u00e5ndbarhed giver komfort hele natten. OEKO-TEX Standard 100-certificeringen garanterer, at bomulden er fri for [&hellip;]<\/p>\n","protected":false},"featured_media":0,"comment_status":"open","ping_status":"closed","template":"","meta":[],"product_brand":[],"product_cat":[31],"product_tag":[],"class_list":{"0":"post-26547","1":"product","2":"type-product","3":"status-publish","5":"product_cat-uncategorized-da","7":"first","8":"instock","9":"shipping-taxable","10":"purchasable","11":"product-type-simple"},"_links":{"self":[{"href":"https:\/\/nordicmart.andreevmaster.com\/da\/wp-json\/wp\/v2\/product\/26547","targetHints":{"allow":["GET"]}}],"collection":[{"href":"https:\/\/nordicmart.andreevmaster.com\/da\/wp-json\/wp\/v2\/product"}],"about":[{"href":"https:\/\/nordicmart.andreevmaster.com\/da\/wp-json\/wp\/v2\/types\/product"}],"replies":[{"embeddable":true,"href":"https:\/\/nordicmart.andreevmaster.com\/da\/wp-json\/wp\/v2\/comments?post=26547"}],"wp:attachment":[{"href":"https:\/\/nordicmart.andreevmaster.com\/da\/wp-json\/wp\/v2\/media?parent=26547"}],"wp:term":[{"taxonomy":"product_brand","embeddable":true,"href":"https:\/\/nordicmart.andreevmaster.com\/da\/wp-json\/wp\/v2\/product_brand?post=26547"},{"taxonomy":"product_cat","embeddable":true,"href":"https:\/\/nordicmart.andreevmaster.com\/da\/wp-json\/wp\/v2\/product_cat?post=26547"},{"taxonomy":"product_tag","embeddable":true,"href":"https:\/\/nordicmart.andreevmaster.com\/da\/wp-json\/wp\/v2\/product_tag?post=26547"}],"curies":[{"name":"wp","href":"https:\/\/api.w.org\/{rel}","templated":true}]}}