{"id":26538,"date":"2026-02-27T00:33:00","date_gmt":"2026-02-27T00:33:00","guid":{"rendered":"https:\/\/nordicmart.andreevmaster.com\/product\/saet-med-muslin-klude-grove-4-stk-30x30-cm-1\/"},"modified":"2026-02-27T09:12:26","modified_gmt":"2026-02-27T09:12:26","slug":"saet-med-muslin-klude-grove-4-stk-30x30-cm-1","status":"publish","type":"product","link":"https:\/\/nordicmart.andreevmaster.com\/da\/vare\/saet-med-muslin-klude-grove-4-stk-30x30-cm-1\/","title":{"rendered":"S\u00e6t med muslin-klude Grove \u2013 4 stk. (30&#215;30 cm) (1)"},"content":{"rendered":"<p>Muslin-klude er uundv\u00e6rlige for alle nye m\u00f8dre og perfekte til daglig babypleje. De er fremstillet af bl\u00f8dt og sk\u00e5nsomt muslin og er sikre at bruge p\u00e5 babyens f\u00f8lsomme hud uden at for\u00e5rsage irritation. Takket v\u00e6re deres alsidighed og absorberende egenskaber er disse klude nyttige i mange situationer, hvilket g\u00f8r dem til et meget praktisk tilbeh\u00f8r. <\/p>\n<p>Anvendelse af muslin-klude:<br \/>\n-Under amning \u2013 Ideelle som hagesm\u00e6k eller beskyttelse under amning.<br \/>\n-Under bleeskift \u2013 Kan bruges som en bl\u00f8d pude under bleeskift.-B\u00f8vsen \u2013 Perfekt til at l\u00e6gge p\u00e5 skulderen for at beskytte dit t\u00f8j, n\u00e5r babyen b\u00f8vser efter amning. -Reng\u00f8ring \u2013 Fantastisk til at t\u00f8rre babyens ansigt og h\u00e6nder efter m\u00e5ltider. Kludene kommer i en kompakt st\u00f8rrelse p\u00e5 30 x 30 cm, hvilket g\u00f8r dem nemme at have med overalt \u2013 uanset om det er i tasken til en tur, p\u00e5 rejsen eller til daglig brug derhjemme. <\/p>\n<p>Et s\u00e6t med 4 muslin-klude er en uundv\u00e6rlig hj\u00e6lper for enhver mor, da det g\u00f8r babypleje nemmere i enhver situation. Det er et fremragende valg til en babygave eller andre lejligheder. <\/p>\n<p>Fordele ved muslin:<br \/>\n-Absorberende \u2013 Materialet absorberer fugt godt og t\u00f8rrer hurtigt efter brug.-\u00c5ndbarhed \u2013 Muslin er let og \u00e5ndbart, hvilket sikrer komfort selv p\u00e5 varme dage.-Bl\u00f8dhed \u2013 Det bliver bl\u00f8dere for hver vask, hvilket g\u00f8r det perfekt til nyf\u00f8dtes sarte hud. <\/p>\n<p>Materiale:<br \/>\n-100 % bomuld med Oeko-Tex Standard 100-certificering <\/p>\n<p>St\u00f8rrelse:<br \/>\n-30 x 30 cm <\/p>\n<p>Velegnet til nyf\u00f8dte. Skal bruges under for\u00e6ldrenes opsyn. <\/p>\n<p>Vaskeanvisning:<br \/>\n-Maskinvask ved 30 \u00b0C<br \/>\n-Kan stryges, mens det er fugtigt, ved h\u00f8j temperatur<br \/>\n-M\u00e5 ikke bleges<br \/>\n-T\u00f8rretumbles p\u00e5 et sk\u00e5neprogram<\/p>\n","protected":false},"excerpt":{"rendered":"<p>Muslin-klude er uundv\u00e6rlige for alle nye m\u00f8dre og perfekte til daglig babypleje. De er fremstillet af bl\u00f8dt og sk\u00e5nsomt muslin og er sikre at bruge p\u00e5 babyens f\u00f8lsomme hud uden at for\u00e5rsage irritation. Takket v\u00e6re deres alsidighed og absorberende egenskaber er disse klude nyttige i mange situationer, hvilket g\u00f8r dem til et meget praktisk tilbeh\u00f8r. [&hellip;]<\/p>\n","protected":false},"featured_media":0,"comment_status":"open","ping_status":"closed","template":"","meta":[],"product_brand":[],"product_cat":[31],"product_tag":[],"class_list":{"0":"post-26538","1":"product","2":"type-product","3":"status-publish","5":"product_cat-uncategorized-da","7":"first","8":"instock","9":"shipping-taxable","10":"purchasable","11":"product-type-simple"},"_links":{"self":[{"href":"https:\/\/nordicmart.andreevmaster.com\/da\/wp-json\/wp\/v2\/product\/26538","targetHints":{"allow":["GET"]}}],"collection":[{"href":"https:\/\/nordicmart.andreevmaster.com\/da\/wp-json\/wp\/v2\/product"}],"about":[{"href":"https:\/\/nordicmart.andreevmaster.com\/da\/wp-json\/wp\/v2\/types\/product"}],"replies":[{"embeddable":true,"href":"https:\/\/nordicmart.andreevmaster.com\/da\/wp-json\/wp\/v2\/comments?post=26538"}],"wp:attachment":[{"href":"https:\/\/nordicmart.andreevmaster.com\/da\/wp-json\/wp\/v2\/media?parent=26538"}],"wp:term":[{"taxonomy":"product_brand","embeddable":true,"href":"https:\/\/nordicmart.andreevmaster.com\/da\/wp-json\/wp\/v2\/product_brand?post=26538"},{"taxonomy":"product_cat","embeddable":true,"href":"https:\/\/nordicmart.andreevmaster.com\/da\/wp-json\/wp\/v2\/product_cat?post=26538"},{"taxonomy":"product_tag","embeddable":true,"href":"https:\/\/nordicmart.andreevmaster.com\/da\/wp-json\/wp\/v2\/product_tag?post=26538"}],"curies":[{"name":"wp","href":"https:\/\/api.w.org\/{rel}","templated":true}]}}