{"id":26527,"date":"2026-02-27T00:32:57","date_gmt":"2026-02-27T00:32:57","guid":{"rendered":"https:\/\/nordicmart.andreevmaster.com\/product\/manhattan-bogreol-phoebe\/"},"modified":"2026-02-27T09:12:24","modified_gmt":"2026-02-27T09:12:24","slug":"manhattan-bogreol-phoebe","status":"publish","type":"product","link":"https:\/\/nordicmart.andreevmaster.com\/da\/vare\/manhattan-bogreol-phoebe\/","title":{"rendered":"Manhattan bogreol Phoebe"},"content":{"rendered":"<p>Den nederste reol i Manhattan-serien er den perfekte tilf\u00f8jelse til ethvert b\u00f8rnev\u00e6relse. Den er ideel til opbevaring af dit barns skatte, leget\u00f8j og endda t\u00f8j.<br \/>\nDe rummelige skabe har plads til alle n\u00f8dvendige ting, s\u00e5som leget\u00f8j, t\u00f8j eller b\u00f8ger. **Vigtigste fordele:<br \/>\n **- seks hylder<br \/>\n &#8211; to skabe<br \/>\n &#8211; to skuffer<br \/>\n &#8211; praktisk brug af bogreolens top<br \/>\n &#8211; tidl\u00f8st design<br \/>\n &#8211; mulighed for v\u00e6gmontering \u2013 anbefales<br \/>\n &#8211; fri adgang til hylderne for de yngste b\u00f8rn<br \/>\n &#8211; opfylder europ\u00e6iske sikkerhedsstandarder **Overflade og produktionsdetaljer:**- fremstillet af lamineret plade af h\u00f8j kvalitet<br \/>\n &#8211; struktur af fyrretr\u00e6 **Farver:<br \/>\n **- hvid, gr\u00e5, fyrretr\u00e6 **M\u00e5l (cm):<br \/>\n **h\u00f8jde: 130<br \/>\n bredde: 89<br \/>\n dybde: 37 **Brugsanvisning:<br \/>\n **M\u00f8blerne skal t\u00f8rres af med en bl\u00f8d bomuldsklud fugtet med vand eller m\u00f8belpolish. **Yderligere oplysninger:<br \/>\n **M\u00f8blerne leveres i kasser til selvmontering. Kasserne indeholder en detaljeret monteringsvejledning samt tilbeh\u00f8r (skruer osv.).<\/p>\n","protected":false},"excerpt":{"rendered":"<p>Den nederste reol i Manhattan-serien er den perfekte tilf\u00f8jelse til ethvert b\u00f8rnev\u00e6relse. Den er ideel til opbevaring af dit barns skatte, leget\u00f8j og endda t\u00f8j. De rummelige skabe har plads til alle n\u00f8dvendige ting, s\u00e5som leget\u00f8j, t\u00f8j eller b\u00f8ger. **Vigtigste fordele: **- seks hylder &#8211; to skabe &#8211; to skuffer &#8211; praktisk brug af bogreolens [&hellip;]<\/p>\n","protected":false},"featured_media":0,"comment_status":"open","ping_status":"closed","template":"","meta":[],"product_brand":[],"product_cat":[31],"product_tag":[],"class_list":{"0":"post-26527","1":"product","2":"type-product","3":"status-publish","5":"product_cat-uncategorized-da","7":"first","8":"instock","9":"shipping-taxable","10":"purchasable","11":"product-type-simple"},"_links":{"self":[{"href":"https:\/\/nordicmart.andreevmaster.com\/da\/wp-json\/wp\/v2\/product\/26527","targetHints":{"allow":["GET"]}}],"collection":[{"href":"https:\/\/nordicmart.andreevmaster.com\/da\/wp-json\/wp\/v2\/product"}],"about":[{"href":"https:\/\/nordicmart.andreevmaster.com\/da\/wp-json\/wp\/v2\/types\/product"}],"replies":[{"embeddable":true,"href":"https:\/\/nordicmart.andreevmaster.com\/da\/wp-json\/wp\/v2\/comments?post=26527"}],"wp:attachment":[{"href":"https:\/\/nordicmart.andreevmaster.com\/da\/wp-json\/wp\/v2\/media?parent=26527"}],"wp:term":[{"taxonomy":"product_brand","embeddable":true,"href":"https:\/\/nordicmart.andreevmaster.com\/da\/wp-json\/wp\/v2\/product_brand?post=26527"},{"taxonomy":"product_cat","embeddable":true,"href":"https:\/\/nordicmart.andreevmaster.com\/da\/wp-json\/wp\/v2\/product_cat?post=26527"},{"taxonomy":"product_tag","embeddable":true,"href":"https:\/\/nordicmart.andreevmaster.com\/da\/wp-json\/wp\/v2\/product_tag?post=26527"}],"curies":[{"name":"wp","href":"https:\/\/api.w.org\/{rel}","templated":true}]}}