{"id":26525,"date":"2026-02-27T00:32:57","date_gmt":"2026-02-27T00:32:57","guid":{"rendered":"https:\/\/nordicmart.andreevmaster.com\/product\/masterkidz-laer-sund-mundhygiejne-med-eksemplet-med-en-hund-montessori-paedagogisk-vaegplakat\/"},"modified":"2026-02-27T09:12:23","modified_gmt":"2026-02-27T09:12:23","slug":"masterkidz-laer-sund-mundhygiejne-med-eksemplet-med-en-hund-montessori-paedagogisk-vaegplakat","status":"publish","type":"product","link":"https:\/\/nordicmart.andreevmaster.com\/da\/vare\/masterkidz-laer-sund-mundhygiejne-med-eksemplet-med-en-hund-montessori-paedagogisk-vaegplakat\/","title":{"rendered":"MASTERKIDZ L\u00e6r sund mundhygiejne med eksemplet med en hund &#8211; Montessori p\u00e6dagogisk v\u00e6gplakat"},"content":{"rendered":"<p>Dette p\u00e6dagogiske br\u00e6t kombinerer det sjove ved at rense en hunds t\u00e6nder med l\u00e6ring om mundhygiejne. Det har en venlig hund med en mund, der kan \u00e5bnes og afsl\u00f8rer 10 t\u00e6nder. S\u00e6ttet indeholder leget\u00f8jstandpasta, en tandb\u00f8rste og tandtr\u00e5d. B\u00f8rn kan lege, at de renser hundens t\u00e6nder ved at presse tandpasta p\u00e5 tandb\u00f8rsten, b\u00f8rste t\u00e6nderne og bruge tandtr\u00e5d, hvilket udvikler deres motoriske f\u00e6rdigheder og pr\u00e6cision. Leget\u00f8jet opmuntrer til samtaler om at passe p\u00e5 deres egne t\u00e6nder og kan leges med alene eller sammen med en anden. <\/p>\n<p>Egenskaber<\/p>\n<p>* &#8211; Leget\u00f8j til b\u00f8rn fra 2 \u00e5r og opefter.<br \/>\n* &#8211; Inkluderer tandb\u00f8rste, tandpasta og tandtr\u00e5d.<br \/>\n* &#8211; P\u00e6dagogisk tr\u00e6br\u00e6t, der hj\u00e6lper dit barn med at \u00f8ve sig i at b\u00f8rste t\u00e6nder og bruge tandtr\u00e5d.* &#8211; Leg med dette leget\u00f8j udvikler dit barns manuelle f\u00e6rdigheder. * &#8211; Hundens mund kan \u00e5bnes og afsl\u00f8rer 10 t\u00e6nder. * &#8211; Leget\u00f8jet er lavet af tr\u00e6. Ved at v\u00e6lge tr\u00e6leget\u00f8j passer du p\u00e5 milj\u00f8et og reducerer plastikaffald.<\/p>\n","protected":false},"excerpt":{"rendered":"<p>Dette p\u00e6dagogiske br\u00e6t kombinerer det sjove ved at rense en hunds t\u00e6nder med l\u00e6ring om mundhygiejne. Det har en venlig hund med en mund, der kan \u00e5bnes og afsl\u00f8rer 10 t\u00e6nder. S\u00e6ttet indeholder leget\u00f8jstandpasta, en tandb\u00f8rste og tandtr\u00e5d. B\u00f8rn kan lege, at de renser hundens t\u00e6nder ved at presse tandpasta p\u00e5 tandb\u00f8rsten, b\u00f8rste t\u00e6nderne og [&hellip;]<\/p>\n","protected":false},"featured_media":0,"comment_status":"open","ping_status":"closed","template":"","meta":[],"product_brand":[],"product_cat":[31],"product_tag":[],"class_list":{"0":"post-26525","1":"product","2":"type-product","3":"status-publish","5":"product_cat-uncategorized-da","7":"first","8":"instock","9":"shipping-taxable","10":"purchasable","11":"product-type-simple"},"_links":{"self":[{"href":"https:\/\/nordicmart.andreevmaster.com\/da\/wp-json\/wp\/v2\/product\/26525","targetHints":{"allow":["GET"]}}],"collection":[{"href":"https:\/\/nordicmart.andreevmaster.com\/da\/wp-json\/wp\/v2\/product"}],"about":[{"href":"https:\/\/nordicmart.andreevmaster.com\/da\/wp-json\/wp\/v2\/types\/product"}],"replies":[{"embeddable":true,"href":"https:\/\/nordicmart.andreevmaster.com\/da\/wp-json\/wp\/v2\/comments?post=26525"}],"wp:attachment":[{"href":"https:\/\/nordicmart.andreevmaster.com\/da\/wp-json\/wp\/v2\/media?parent=26525"}],"wp:term":[{"taxonomy":"product_brand","embeddable":true,"href":"https:\/\/nordicmart.andreevmaster.com\/da\/wp-json\/wp\/v2\/product_brand?post=26525"},{"taxonomy":"product_cat","embeddable":true,"href":"https:\/\/nordicmart.andreevmaster.com\/da\/wp-json\/wp\/v2\/product_cat?post=26525"},{"taxonomy":"product_tag","embeddable":true,"href":"https:\/\/nordicmart.andreevmaster.com\/da\/wp-json\/wp\/v2\/product_tag?post=26525"}],"curies":[{"name":"wp","href":"https:\/\/api.w.org\/{rel}","templated":true}]}}