{"id":26524,"date":"2026-02-27T00:32:57","date_gmt":"2026-02-27T00:32:57","guid":{"rendered":"https:\/\/nordicmart.andreevmaster.com\/product\/masterkidz-laeringsbraet-grontsager-laer-tal-og-farver-montessori\/"},"modified":"2026-02-27T09:12:23","modified_gmt":"2026-02-27T09:12:23","slug":"masterkidz-laeringsbraet-grontsager-laer-tal-og-farver-montessori","status":"publish","type":"product","link":"https:\/\/nordicmart.andreevmaster.com\/da\/vare\/masterkidz-laeringsbraet-grontsager-laer-tal-og-farver-montessori\/","title":{"rendered":"MASTERKIDZ L\u00e6ringsbr\u00e6t Gr\u00f8ntsager L\u00e6r tal og farver Montessori"},"content":{"rendered":"<p>Et tr\u00e6br\u00e6t til at l\u00e6re tal og farver fra MASTERKIDZ. Br\u00e6ttet er designet til at hj\u00e6lpe b\u00f8rn med at udvikle deres sanser. B\u00f8rnene skal matche den rigtige gr\u00f8ntsag med antallet af prikker og farven. Br\u00e6ttet udvikler ogs\u00e5 barnets manuelle f\u00e6rdigheder, ogs\u00e5 kaldet &#8220;finmotorik&#8221;.<\/p>\n<p>Egenskaber:<\/p>\n<p>* &#8211; til b\u00f8rn fra 3 \u00e5r<br \/>\n* &#8211; lavet af tr\u00e6<br \/>\n* &#8211; h\u00f8j kvalitet<br \/>\n* &#8211; hj\u00e6lper med at l\u00e6re tal og farver &#8211; barnet matcher den rigtige gr\u00f8ntsag med antallet af prikker og farven<br \/>\n* &#8211; udvikler manuelle f\u00e6rdigheder, dvs. finmotorik<\/p>\n","protected":false},"excerpt":{"rendered":"<p>Et tr\u00e6br\u00e6t til at l\u00e6re tal og farver fra MASTERKIDZ. Br\u00e6ttet er designet til at hj\u00e6lpe b\u00f8rn med at udvikle deres sanser. B\u00f8rnene skal matche den rigtige gr\u00f8ntsag med antallet af prikker og farven. Br\u00e6ttet udvikler ogs\u00e5 barnets manuelle f\u00e6rdigheder, ogs\u00e5 kaldet &#8220;finmotorik&#8221;. Egenskaber: * &#8211; til b\u00f8rn fra 3 \u00e5r * &#8211; lavet af [&hellip;]<\/p>\n","protected":false},"featured_media":0,"comment_status":"open","ping_status":"closed","template":"","meta":[],"product_brand":[],"product_cat":[31],"product_tag":[],"class_list":{"0":"post-26524","1":"product","2":"type-product","3":"status-publish","5":"product_cat-uncategorized-da","7":"first","8":"instock","9":"shipping-taxable","10":"purchasable","11":"product-type-simple"},"_links":{"self":[{"href":"https:\/\/nordicmart.andreevmaster.com\/da\/wp-json\/wp\/v2\/product\/26524","targetHints":{"allow":["GET"]}}],"collection":[{"href":"https:\/\/nordicmart.andreevmaster.com\/da\/wp-json\/wp\/v2\/product"}],"about":[{"href":"https:\/\/nordicmart.andreevmaster.com\/da\/wp-json\/wp\/v2\/types\/product"}],"replies":[{"embeddable":true,"href":"https:\/\/nordicmart.andreevmaster.com\/da\/wp-json\/wp\/v2\/comments?post=26524"}],"wp:attachment":[{"href":"https:\/\/nordicmart.andreevmaster.com\/da\/wp-json\/wp\/v2\/media?parent=26524"}],"wp:term":[{"taxonomy":"product_brand","embeddable":true,"href":"https:\/\/nordicmart.andreevmaster.com\/da\/wp-json\/wp\/v2\/product_brand?post=26524"},{"taxonomy":"product_cat","embeddable":true,"href":"https:\/\/nordicmart.andreevmaster.com\/da\/wp-json\/wp\/v2\/product_cat?post=26524"},{"taxonomy":"product_tag","embeddable":true,"href":"https:\/\/nordicmart.andreevmaster.com\/da\/wp-json\/wp\/v2\/product_tag?post=26524"}],"curies":[{"name":"wp","href":"https:\/\/api.w.org\/{rel}","templated":true}]}}