{"id":26523,"date":"2026-02-27T00:32:57","date_gmt":"2026-02-27T00:32:57","guid":{"rendered":"https:\/\/nordicmart.andreevmaster.com\/product\/masterkidz-matching-shadows-pairing-object-recognition-montessori-2\/"},"modified":"2026-02-27T09:12:23","modified_gmt":"2026-02-27T09:12:23","slug":"masterkidz-matching-shadows-pairing-object-recognition-montessori-2","status":"publish","type":"product","link":"https:\/\/nordicmart.andreevmaster.com\/da\/vare\/masterkidz-matching-shadows-pairing-object-recognition-montessori-2\/","title":{"rendered":"MASTERKIDZ Matching Shadows Pairing Object Recognition Montessori"},"content":{"rendered":"<p>Formmatchningspuslespillet er et p\u00e6dagogisk leget\u00f8j til b\u00f8rn, der elsker at opdage verden gennem leg. Farverige, robuste klodser med illustrationer af hverdagsobjekter, dyr og k\u00f8ret\u00f8jer opmuntrer dit barn til at matche og l\u00e6re nye ord og former. Takket v\u00e6re udskiftelige brikker og en enkel mekanisme bliver legen aldrig kedelig, og dit barn kan udvikle sine f\u00e6rdigheder p\u00e5 mange sv\u00e6rhedsgrader.<\/p>\n<p>Egenskaber:<\/p>\n<p>* &#8211; Fremstillet af tr\u00e6 af h\u00f8j kvalitet<br \/>\n* &#8211; Tre sv\u00e6rhedsgrader takket v\u00e6re udskiftelige kort: identiske illustrationer, farverige silhuetter og sorte silhuetter.<\/p>\n<p>Leget\u00f8jet udvikler:<\/p>\n<p>* &#8211; Opfattelsesevne<br \/>\n* &#8211; Logik<br \/>\n* &#8211; T\u00e5lmodighed<\/p>\n","protected":false},"excerpt":{"rendered":"<p>Formmatchningspuslespillet er et p\u00e6dagogisk leget\u00f8j til b\u00f8rn, der elsker at opdage verden gennem leg. Farverige, robuste klodser med illustrationer af hverdagsobjekter, dyr og k\u00f8ret\u00f8jer opmuntrer dit barn til at matche og l\u00e6re nye ord og former. Takket v\u00e6re udskiftelige brikker og en enkel mekanisme bliver legen aldrig kedelig, og dit barn kan udvikle sine f\u00e6rdigheder [&hellip;]<\/p>\n","protected":false},"featured_media":0,"comment_status":"open","ping_status":"closed","template":"","meta":[],"product_brand":[],"product_cat":[31],"product_tag":[],"class_list":{"0":"post-26523","1":"product","2":"type-product","3":"status-publish","5":"product_cat-uncategorized-da","7":"first","8":"instock","9":"shipping-taxable","10":"purchasable","11":"product-type-simple"},"_links":{"self":[{"href":"https:\/\/nordicmart.andreevmaster.com\/da\/wp-json\/wp\/v2\/product\/26523","targetHints":{"allow":["GET"]}}],"collection":[{"href":"https:\/\/nordicmart.andreevmaster.com\/da\/wp-json\/wp\/v2\/product"}],"about":[{"href":"https:\/\/nordicmart.andreevmaster.com\/da\/wp-json\/wp\/v2\/types\/product"}],"replies":[{"embeddable":true,"href":"https:\/\/nordicmart.andreevmaster.com\/da\/wp-json\/wp\/v2\/comments?post=26523"}],"wp:attachment":[{"href":"https:\/\/nordicmart.andreevmaster.com\/da\/wp-json\/wp\/v2\/media?parent=26523"}],"wp:term":[{"taxonomy":"product_brand","embeddable":true,"href":"https:\/\/nordicmart.andreevmaster.com\/da\/wp-json\/wp\/v2\/product_brand?post=26523"},{"taxonomy":"product_cat","embeddable":true,"href":"https:\/\/nordicmart.andreevmaster.com\/da\/wp-json\/wp\/v2\/product_cat?post=26523"},{"taxonomy":"product_tag","embeddable":true,"href":"https:\/\/nordicmart.andreevmaster.com\/da\/wp-json\/wp\/v2\/product_tag?post=26523"}],"curies":[{"name":"wp","href":"https:\/\/api.w.org\/{rel}","templated":true}]}}