{"id":26522,"date":"2026-02-27T00:32:56","date_gmt":"2026-02-27T00:32:56","guid":{"rendered":"https:\/\/nordicmart.andreevmaster.com\/product\/masterkidz-emotion-learning-board-wooden-eggs-whats-your-mood-montessori-2\/"},"modified":"2026-02-27T09:12:22","modified_gmt":"2026-02-27T09:12:22","slug":"masterkidz-emotion-learning-board-wooden-eggs-whats-your-mood-montessori-2","status":"publish","type":"product","link":"https:\/\/nordicmart.andreevmaster.com\/da\/vare\/masterkidz-emotion-learning-board-wooden-eggs-whats-your-mood-montessori-2\/","title":{"rendered":"MASTERKIDZ Emotion Learning Board Wooden Eggs What&#8217;s Your Mood? Montessori"},"content":{"rendered":"<p>Et tr\u00e6emotion-l\u00e6ringsbr\u00e6t fra MASTERKIDZ. Br\u00e6ttet er designet til at hj\u00e6lpe b\u00f8rn med at udvikle f\u00f8lelsesm\u00e6ssig bevidsthed og sociale f\u00e6rdigheder. B\u00f8rn kan kombinere de \u00f8verste og nederste dele p\u00e5 forskellige m\u00e5der for at skabe ansigtsudtryk. Det er et s\u00e6rligt nyttigt redskab til at opmuntre b\u00f8rn til at udtrykke deres f\u00f8lelser nonverbalt. Det kan ogs\u00e5 bruges som et redskab til at l\u00e6re b\u00f8rn om empati ved at bede dem g\u00e6tte eller gengive andres f\u00f8lelser ved hj\u00e6lp af disse klodser.<\/p>\n<p>Egenskaber:<\/p>\n<p>* &#8211; Lavet af tr\u00e6 af h\u00f8j kvalitet<br \/>\n* &#8211; Hj\u00e6lper b\u00f8rn med at l\u00e6re at genkende og udtrykke deres f\u00f8lelser<\/p>\n<p>Leget\u00f8jet udvikler:<\/p>\n<p>* &#8211; F\u00f8lelsesm\u00e6ssig bevidsthed<br \/>\n* &#8211; Empati<br \/>\n* &#8211; Sociale f\u00e6rdigheder<br \/>\n* &#8211; Fantasi<\/p>\n","protected":false},"excerpt":{"rendered":"<p>Et tr\u00e6emotion-l\u00e6ringsbr\u00e6t fra MASTERKIDZ. Br\u00e6ttet er designet til at hj\u00e6lpe b\u00f8rn med at udvikle f\u00f8lelsesm\u00e6ssig bevidsthed og sociale f\u00e6rdigheder. B\u00f8rn kan kombinere de \u00f8verste og nederste dele p\u00e5 forskellige m\u00e5der for at skabe ansigtsudtryk. Det er et s\u00e6rligt nyttigt redskab til at opmuntre b\u00f8rn til at udtrykke deres f\u00f8lelser nonverbalt. Det kan ogs\u00e5 bruges som [&hellip;]<\/p>\n","protected":false},"featured_media":0,"comment_status":"open","ping_status":"closed","template":"","meta":[],"product_brand":[],"product_cat":[31],"product_tag":[],"class_list":{"0":"post-26522","1":"product","2":"type-product","3":"status-publish","5":"product_cat-uncategorized-da","7":"first","8":"instock","9":"shipping-taxable","10":"purchasable","11":"product-type-simple"},"_links":{"self":[{"href":"https:\/\/nordicmart.andreevmaster.com\/da\/wp-json\/wp\/v2\/product\/26522","targetHints":{"allow":["GET"]}}],"collection":[{"href":"https:\/\/nordicmart.andreevmaster.com\/da\/wp-json\/wp\/v2\/product"}],"about":[{"href":"https:\/\/nordicmart.andreevmaster.com\/da\/wp-json\/wp\/v2\/types\/product"}],"replies":[{"embeddable":true,"href":"https:\/\/nordicmart.andreevmaster.com\/da\/wp-json\/wp\/v2\/comments?post=26522"}],"wp:attachment":[{"href":"https:\/\/nordicmart.andreevmaster.com\/da\/wp-json\/wp\/v2\/media?parent=26522"}],"wp:term":[{"taxonomy":"product_brand","embeddable":true,"href":"https:\/\/nordicmart.andreevmaster.com\/da\/wp-json\/wp\/v2\/product_brand?post=26522"},{"taxonomy":"product_cat","embeddable":true,"href":"https:\/\/nordicmart.andreevmaster.com\/da\/wp-json\/wp\/v2\/product_cat?post=26522"},{"taxonomy":"product_tag","embeddable":true,"href":"https:\/\/nordicmart.andreevmaster.com\/da\/wp-json\/wp\/v2\/product_tag?post=26522"}],"curies":[{"name":"wp","href":"https:\/\/api.w.org\/{rel}","templated":true}]}}