{"id":26521,"date":"2026-02-27T00:32:56","date_gmt":"2026-02-27T00:32:56","guid":{"rendered":"https:\/\/nordicmart.andreevmaster.com\/product\/masterkidz-learning-emotions-montessori-wooden-game-2\/"},"modified":"2026-02-27T09:12:22","modified_gmt":"2026-02-27T09:12:22","slug":"masterkidz-learning-emotions-montessori-wooden-game-2","status":"publish","type":"product","link":"https:\/\/nordicmart.andreevmaster.com\/da\/vare\/masterkidz-learning-emotions-montessori-wooden-game-2\/","title":{"rendered":"MASTERKIDZ Learning Emotions Montessori Wooden Game"},"content":{"rendered":"<p>Dette h\u00e5ndholdte l\u00e6ringsbr\u00e6t udvikler b\u00f8rns emotionelle intelligens og l\u00e6rer dem at genkende f\u00f8lelser og stemninger, herunder frygt, gl\u00e6de, tristhed og vrede.Br\u00e6ttet best\u00e5r af 4 klodser, som barnet kan bruge til at skabe op til 64 forskellige ansigter, der udtrykker forskellige f\u00f8lelser. \u00d8velser udf\u00f8rt ved hj\u00e6lp af dette br\u00e6t giver gode muligheder for at l\u00e6re b\u00f8rn korrekt f\u00f8lelsesm\u00e6ssig styring, hvordan de skal h\u00e5ndtere deres f\u00f8lelser, og hvad de betyder. Produktet er velegnet til individuelt arbejde, b\u00e5de hjemme og hos specialister.<\/p>\n<p>\u00d8velse 1<\/p>\n<p>Kast terningen A. Bed barnet om at arrangere de 4 tr\u00e6klodser, s\u00e5 ansigtsudtrykket matcher det m\u00f8nster, der er kastet p\u00e5 terningen. Dette er en god \u00f8velse for barnet til at observere, hvordan \u00e6ndringer i vores \u00f8jne, mund osv. p\u00e5virker vores f\u00f8lelser.<\/p>\n<p>\u00d8velse 2<\/p>\n<p>Bed dit barn om at bruge de 4 tr\u00e6klodser og arrangere dem p\u00e5 en m\u00e5de, der viser deres f\u00f8lelser i dag. Dette vil opmuntre dit barn til at udtrykke sine f\u00f8lelser, s\u00e5 for\u00e6ldre og l\u00e6rere kan forst\u00e5 dem bedre. Endnu vigtigere er det, at vi ogs\u00e5 kan l\u00e6re dem f\u00f8lelsesm\u00e6ssig styring, hvordan de skal h\u00e5ndtere deres f\u00f8lelser, og hvad de betyder.<\/p>\n<p>\u00d8velse 3<\/p>\n<p>Kast den anden terning. Bed b\u00f8rnene om at arrangere de 4 tr\u00e6klodser, s\u00e5 de viser, hvordan de ville have det, hvis de stod i den situation, der vises p\u00e5 terningen. Der er 6 forskellige situationer, og b\u00f8rn kan reagere forskelligt p\u00e5 den samme situation. Hvis b\u00f8rnene for eksempel ser en hund, vil nogle v\u00e6re meget glade, fordi de elsker dyr. Andre vil dog v\u00e6re bange, fordi de er bange for hunde. For\u00e6ldre eller l\u00e6rere b\u00f8r sp\u00f8rge b\u00f8rnene, hvorfor de reagerer s\u00e5dan i denne situation. Dette er en meget god \u00f8velse mellem b\u00f8rn og voksne, som giver en bedre forst\u00e5else af b\u00f8rnene. Det giver ogs\u00e5 voksne en god mulighed for at l\u00e6re vores b\u00f8rn, hvordan de kan h\u00e5ndtere deres f\u00f8lelser p\u00e5 en passende m\u00e5de. \u00d8velse 4 I f\u00f8lelsesm\u00e6ssig uddannelse er det ogs\u00e5 vigtigt, at vores b\u00f8rn er i stand til at genkende og forst\u00e5 andres f\u00f8lelser. Dette er en af de grundl\u00e6ggende f\u00e6rdigheder, som b\u00f8rn skal l\u00e6re. Vi kan bede barnet om at g\u00e6tte p\u00e5 et andet barns f\u00f8lelser og bruge 4 tr\u00e6pinde til at lave et ansigtsudtryk. <\/p>\n<p>Leget\u00f8jet er udelukkende lavet af tr\u00e6. Ved at v\u00e6lge Masterkidz tr\u00e6leget\u00f8j passer du p\u00e5 milj\u00f8et og reducerer plastikaffald.<\/p>\n","protected":false},"excerpt":{"rendered":"<p>Dette h\u00e5ndholdte l\u00e6ringsbr\u00e6t udvikler b\u00f8rns emotionelle intelligens og l\u00e6rer dem at genkende f\u00f8lelser og stemninger, herunder frygt, gl\u00e6de, tristhed og vrede.Br\u00e6ttet best\u00e5r af 4 klodser, som barnet kan bruge til at skabe op til 64 forskellige ansigter, der udtrykker forskellige f\u00f8lelser. \u00d8velser udf\u00f8rt ved hj\u00e6lp af dette br\u00e6t giver gode muligheder for at l\u00e6re b\u00f8rn [&hellip;]<\/p>\n","protected":false},"featured_media":0,"comment_status":"open","ping_status":"closed","template":"","meta":[],"product_brand":[],"product_cat":[31],"product_tag":[],"class_list":{"0":"post-26521","1":"product","2":"type-product","3":"status-publish","5":"product_cat-uncategorized-da","7":"first","8":"instock","9":"shipping-taxable","10":"purchasable","11":"product-type-simple"},"_links":{"self":[{"href":"https:\/\/nordicmart.andreevmaster.com\/da\/wp-json\/wp\/v2\/product\/26521","targetHints":{"allow":["GET"]}}],"collection":[{"href":"https:\/\/nordicmart.andreevmaster.com\/da\/wp-json\/wp\/v2\/product"}],"about":[{"href":"https:\/\/nordicmart.andreevmaster.com\/da\/wp-json\/wp\/v2\/types\/product"}],"replies":[{"embeddable":true,"href":"https:\/\/nordicmart.andreevmaster.com\/da\/wp-json\/wp\/v2\/comments?post=26521"}],"wp:attachment":[{"href":"https:\/\/nordicmart.andreevmaster.com\/da\/wp-json\/wp\/v2\/media?parent=26521"}],"wp:term":[{"taxonomy":"product_brand","embeddable":true,"href":"https:\/\/nordicmart.andreevmaster.com\/da\/wp-json\/wp\/v2\/product_brand?post=26521"},{"taxonomy":"product_cat","embeddable":true,"href":"https:\/\/nordicmart.andreevmaster.com\/da\/wp-json\/wp\/v2\/product_cat?post=26521"},{"taxonomy":"product_tag","embeddable":true,"href":"https:\/\/nordicmart.andreevmaster.com\/da\/wp-json\/wp\/v2\/product_tag?post=26521"}],"curies":[{"name":"wp","href":"https:\/\/api.w.org\/{rel}","templated":true}]}}