{"id":26520,"date":"2026-02-27T00:32:56","date_gmt":"2026-02-27T00:32:56","guid":{"rendered":"https:\/\/nordicmart.andreevmaster.com\/product\/masterkidz-tidlig-programmeringsundervisning-logikspil-find-vejen-til-osten\/"},"modified":"2026-02-27T09:12:22","modified_gmt":"2026-02-27T09:12:22","slug":"masterkidz-tidlig-programmeringsundervisning-logikspil-find-vejen-til-osten","status":"publish","type":"product","link":"https:\/\/nordicmart.andreevmaster.com\/da\/vare\/masterkidz-tidlig-programmeringsundervisning-logikspil-find-vejen-til-osten\/","title":{"rendered":"MASTERKIDZ Tidlig programmeringsundervisning Logikspil Find vejen til osten!"},"content":{"rendered":"<p>Spillet &#8220;Find vejen til osten&#8221; er designet til at v\u00e6re det f\u00f8rste spil, der introducerer b\u00f8rn til programmeringens verden. Gennem leg giver det dem mulighed for at udvikle f\u00e6rdigheder, der er nyttige for senere kodningsl\u00e6ring: logisk t\u00e6nkning, probleml\u00f8sning og forst\u00e5else af \u00e5rsag og virkning. Spillet best\u00e5r i at bruge musekommandoer til at styre musen hen til osten, mens man undg\u00e5r katten og forhindringer. Derudover forbedrer spillet sm\u00e5 h\u00e6nderes fingerf\u00e6rdighed og perfektionerer h\u00e5nd-\u00f8je-koordinationen. De f\u00f8rste skridt i programmering beh\u00f8ver ikke at v\u00e6re sv\u00e6re; de kan v\u00e6re lettere, n\u00e5r man begynder tidligt nok. Kendskab til programmeringsinstruktioners sprog giver dig en ekstra fordel i den videre kodningsundervisning.<br \/>\nFunktioner:<br \/>\n* &#8211; introducerer b\u00f8rn til programmeringens verden<br \/>\n* &#8211; en voksen s\u00e6tter forhindringer op &#8211; barnets opgave er at styre musen hen til osten &#8211; undg\u00e5 forhindringer og passere under broer<br \/>\n* &#8211; vigtigt &#8211; musens vej m\u00e5 ikke krydse sig selv, og den kan kun st\u00e5 p\u00e5 et givet felt \u00e9n gang<br \/>\n* &#8211; gennem leg giver det b\u00f8rnene mulighed for at udvikle grundl\u00e6ggende f\u00e6rdigheder, der vil v\u00e6re nyttige for senere kodningsundervisning<br \/>\n* &#8211; gennem leg \u00f8ver barnet sig i logisk t\u00e6nkning og koncentrerer sig villigt om spillet<br \/>\n* &#8211; brug af retningsinstruktioner forbereder barnet til videre programmeringsundervisning<\/p>\n<p>Leget\u00f8jet udvikler:* &#8211; logisk t\u00e6nkning* &#8211; koncentration* &#8211; forst\u00e5else af \u00e5rsag og virkning* &#8211; motoriske f\u00e6rdigheder* &#8211; h\u00e5nd-\u00f8je-koordination* &#8211; l\u00e6rer retninger* &#8211; giver et grundlag for videre programmeringsundervisning<\/p>\n","protected":false},"excerpt":{"rendered":"<p>Spillet &#8220;Find vejen til osten&#8221; er designet til at v\u00e6re det f\u00f8rste spil, der introducerer b\u00f8rn til programmeringens verden. Gennem leg giver det dem mulighed for at udvikle f\u00e6rdigheder, der er nyttige for senere kodningsl\u00e6ring: logisk t\u00e6nkning, probleml\u00f8sning og forst\u00e5else af \u00e5rsag og virkning. Spillet best\u00e5r i at bruge musekommandoer til at styre musen hen [&hellip;]<\/p>\n","protected":false},"featured_media":0,"comment_status":"open","ping_status":"closed","template":"","meta":[],"product_brand":[],"product_cat":[31],"product_tag":[],"class_list":{"0":"post-26520","1":"product","2":"type-product","3":"status-publish","5":"product_cat-uncategorized-da","7":"first","8":"instock","9":"shipping-taxable","10":"purchasable","11":"product-type-simple"},"_links":{"self":[{"href":"https:\/\/nordicmart.andreevmaster.com\/da\/wp-json\/wp\/v2\/product\/26520","targetHints":{"allow":["GET"]}}],"collection":[{"href":"https:\/\/nordicmart.andreevmaster.com\/da\/wp-json\/wp\/v2\/product"}],"about":[{"href":"https:\/\/nordicmart.andreevmaster.com\/da\/wp-json\/wp\/v2\/types\/product"}],"replies":[{"embeddable":true,"href":"https:\/\/nordicmart.andreevmaster.com\/da\/wp-json\/wp\/v2\/comments?post=26520"}],"wp:attachment":[{"href":"https:\/\/nordicmart.andreevmaster.com\/da\/wp-json\/wp\/v2\/media?parent=26520"}],"wp:term":[{"taxonomy":"product_brand","embeddable":true,"href":"https:\/\/nordicmart.andreevmaster.com\/da\/wp-json\/wp\/v2\/product_brand?post=26520"},{"taxonomy":"product_cat","embeddable":true,"href":"https:\/\/nordicmart.andreevmaster.com\/da\/wp-json\/wp\/v2\/product_cat?post=26520"},{"taxonomy":"product_tag","embeddable":true,"href":"https:\/\/nordicmart.andreevmaster.com\/da\/wp-json\/wp\/v2\/product_tag?post=26520"}],"curies":[{"name":"wp","href":"https:\/\/api.w.org\/{rel}","templated":true}]}}