{"id":26519,"date":"2026-02-27T00:32:55","date_gmt":"2026-02-27T00:32:55","guid":{"rendered":"https:\/\/nordicmart.andreevmaster.com\/product\/masterkidz-paedagogisk-tavle-spejl-laere-at-blande-farver\/"},"modified":"2026-02-27T09:12:22","modified_gmt":"2026-02-27T09:12:22","slug":"masterkidz-paedagogisk-tavle-spejl-laere-at-blande-farver","status":"publish","type":"product","link":"https:\/\/nordicmart.andreevmaster.com\/da\/vare\/masterkidz-paedagogisk-tavle-spejl-laere-at-blande-farver\/","title":{"rendered":"MASTERKIDZ P\u00e6dagogisk tavle Spejl L\u00e6re at blande farver"},"content":{"rendered":"<p>At arrangere og matche former og farver spiller en vigtig rolle i et barns sunde udvikling. Puslespil er ekstremt vigtige, og deres sv\u00e6rhedsgrad b\u00f8r tilpasses barnets alder.<\/p>\n<p>Funktioner:<\/p>\n<p>* &#8211; Tavlen l\u00e6rer b\u00f8rn, hvordan andre farver skabes ud fra de tre grundfarver \u2013 hvordan man blander farver<br \/>\n* &#8211; B\u00f8rnene kan ogs\u00e5 se deres spejlbillede i forskellige farvede spejle<br \/>\n* &#8211; S\u00e6ttet indeholder 1 br\u00e6t<\/p>\n<p>Leget\u00f8jet udvikler:<\/p>\n<p>* &#8211; motoriske f\u00e6rdigheder<br \/>\n* &#8211; sensoriske f\u00e6rdigheder<br \/>\n* &#8211; h\u00e5nd-\u00f8je-koordination<br \/>\n* &#8211; fantasi<br \/>\n* &#8211; koncentration<br \/>\n* &#8211; nysgerrighed<\/p>\n","protected":false},"excerpt":{"rendered":"<p>At arrangere og matche former og farver spiller en vigtig rolle i et barns sunde udvikling. Puslespil er ekstremt vigtige, og deres sv\u00e6rhedsgrad b\u00f8r tilpasses barnets alder. Funktioner: * &#8211; Tavlen l\u00e6rer b\u00f8rn, hvordan andre farver skabes ud fra de tre grundfarver \u2013 hvordan man blander farver * &#8211; B\u00f8rnene kan ogs\u00e5 se deres spejlbillede [&hellip;]<\/p>\n","protected":false},"featured_media":0,"comment_status":"open","ping_status":"closed","template":"","meta":[],"product_brand":[],"product_cat":[31],"product_tag":[],"class_list":{"0":"post-26519","1":"product","2":"type-product","3":"status-publish","5":"product_cat-uncategorized-da","7":"first","8":"instock","9":"shipping-taxable","10":"purchasable","11":"product-type-simple"},"_links":{"self":[{"href":"https:\/\/nordicmart.andreevmaster.com\/da\/wp-json\/wp\/v2\/product\/26519","targetHints":{"allow":["GET"]}}],"collection":[{"href":"https:\/\/nordicmart.andreevmaster.com\/da\/wp-json\/wp\/v2\/product"}],"about":[{"href":"https:\/\/nordicmart.andreevmaster.com\/da\/wp-json\/wp\/v2\/types\/product"}],"replies":[{"embeddable":true,"href":"https:\/\/nordicmart.andreevmaster.com\/da\/wp-json\/wp\/v2\/comments?post=26519"}],"wp:attachment":[{"href":"https:\/\/nordicmart.andreevmaster.com\/da\/wp-json\/wp\/v2\/media?parent=26519"}],"wp:term":[{"taxonomy":"product_brand","embeddable":true,"href":"https:\/\/nordicmart.andreevmaster.com\/da\/wp-json\/wp\/v2\/product_brand?post=26519"},{"taxonomy":"product_cat","embeddable":true,"href":"https:\/\/nordicmart.andreevmaster.com\/da\/wp-json\/wp\/v2\/product_cat?post=26519"},{"taxonomy":"product_tag","embeddable":true,"href":"https:\/\/nordicmart.andreevmaster.com\/da\/wp-json\/wp\/v2\/product_tag?post=26519"}],"curies":[{"name":"wp","href":"https:\/\/api.w.org\/{rel}","templated":true}]}}