{"id":26518,"date":"2026-02-27T00:32:55","date_gmt":"2026-02-27T00:32:55","guid":{"rendered":"https:\/\/nordicmart.andreevmaster.com\/product\/masterkidz-skab-til-opbevaring-af-laererige-tavler\/"},"modified":"2026-02-27T09:12:22","modified_gmt":"2026-02-27T09:12:22","slug":"masterkidz-skab-til-opbevaring-af-laererige-tavler","status":"publish","type":"product","link":"https:\/\/nordicmart.andreevmaster.com\/da\/vare\/masterkidz-skab-til-opbevaring-af-laererige-tavler\/","title":{"rendered":"MASTERKIDZ Skab til opbevaring af l\u00e6rerige tavler"},"content":{"rendered":"<p>For at holde orden p\u00e5 det sted, hvor b\u00f8rnene leger, er det en god id\u00e9 at l\u00e6re dem, hvor de skal l\u00e6gge hvert leget\u00f8j. Hvert leget\u00f8j skal have sin egen faste opbevaringsplads for at undg\u00e5 kaos.<\/p>\n<p>Dette tr\u00e6skab er specielt designet til opbevaring af Masterkidz h\u00e5ndholdte tavler. Det kan rumme op til 10 tavler p\u00e5 28 x 28 cm, hvilket g\u00f8r det til en meget praktisk l\u00f8sning. Du kan k\u00f8be hjul til skabet, hvilket g\u00f8r det meget nemmere at flytte, selv n\u00e5r det er fyldt. Hjulene kan l\u00e5ses for at fastg\u00f8re m\u00f8blet uden at skulle fjerne dem.<\/p>\n<p>Der kan placeres en tavle oven p\u00e5 skabet for at skabe et mobilt legecenter. Dette g\u00f8r leget\u00f8jet s\u00e6rligt praktisk at bruge.<\/p>\n<p>M\u00f8blet er lavet af tr\u00e6. N\u00e5r du v\u00e6lger Masterkidz tr\u00e6produkter, passer du p\u00e5 milj\u00f8et og reducerer plastikaffald.<\/p>\n","protected":false},"excerpt":{"rendered":"<p>For at holde orden p\u00e5 det sted, hvor b\u00f8rnene leger, er det en god id\u00e9 at l\u00e6re dem, hvor de skal l\u00e6gge hvert leget\u00f8j. Hvert leget\u00f8j skal have sin egen faste opbevaringsplads for at undg\u00e5 kaos. Dette tr\u00e6skab er specielt designet til opbevaring af Masterkidz h\u00e5ndholdte tavler. Det kan rumme op til 10 tavler p\u00e5 [&hellip;]<\/p>\n","protected":false},"featured_media":0,"comment_status":"open","ping_status":"closed","template":"","meta":[],"product_brand":[],"product_cat":[31],"product_tag":[],"class_list":{"0":"post-26518","1":"product","2":"type-product","3":"status-publish","5":"product_cat-uncategorized-da","7":"first","8":"instock","9":"shipping-taxable","10":"purchasable","11":"product-type-simple"},"_links":{"self":[{"href":"https:\/\/nordicmart.andreevmaster.com\/da\/wp-json\/wp\/v2\/product\/26518","targetHints":{"allow":["GET"]}}],"collection":[{"href":"https:\/\/nordicmart.andreevmaster.com\/da\/wp-json\/wp\/v2\/product"}],"about":[{"href":"https:\/\/nordicmart.andreevmaster.com\/da\/wp-json\/wp\/v2\/types\/product"}],"replies":[{"embeddable":true,"href":"https:\/\/nordicmart.andreevmaster.com\/da\/wp-json\/wp\/v2\/comments?post=26518"}],"wp:attachment":[{"href":"https:\/\/nordicmart.andreevmaster.com\/da\/wp-json\/wp\/v2\/media?parent=26518"}],"wp:term":[{"taxonomy":"product_brand","embeddable":true,"href":"https:\/\/nordicmart.andreevmaster.com\/da\/wp-json\/wp\/v2\/product_brand?post=26518"},{"taxonomy":"product_cat","embeddable":true,"href":"https:\/\/nordicmart.andreevmaster.com\/da\/wp-json\/wp\/v2\/product_cat?post=26518"},{"taxonomy":"product_tag","embeddable":true,"href":"https:\/\/nordicmart.andreevmaster.com\/da\/wp-json\/wp\/v2\/product_tag?post=26518"}],"curies":[{"name":"wp","href":"https:\/\/api.w.org\/{rel}","templated":true}]}}