{"id":26517,"date":"2026-02-27T00:32:55","date_gmt":"2026-02-27T00:32:55","guid":{"rendered":"https:\/\/nordicmart.andreevmaster.com\/product\/masterkidz-realistisk-frugtkokkensaet-10-dele\/"},"modified":"2026-02-27T09:12:21","modified_gmt":"2026-02-27T09:12:21","slug":"masterkidz-realistisk-frugtkokkensaet-10-dele","status":"publish","type":"product","link":"https:\/\/nordicmart.andreevmaster.com\/da\/vare\/masterkidz-realistisk-frugtkokkensaet-10-dele\/","title":{"rendered":"MASTERKIDZ Realistisk frugtk\u00f8kkens\u00e6t, 10 dele"},"content":{"rendered":"<p>Det er sjovt at lege i k\u00f8kkenet! Ved at &#8220;lave mad&#8221; til hele familien eller bamser og dukker l\u00e6rer b\u00f8rnene at bruge k\u00f8kkenudstyr korrekt og sikkert.<\/p>\n<p>Egenskaber:<\/p>\n<p>* &#8211; S\u00e6ttet best\u00e5r af 10 stykker frugt<br \/>\n* &#8211; Frugten kan bruges til leg i k\u00f8kkenet eller som rekvisitter i skolekomedier.<br \/>\n* &#8211; Frugten ligner den \u00e6gte vare, b\u00e5de i farve og tekstur \u2013 man kunne n\u00e6sten tro, det var \u00e6gte!<br \/>\n* &#8211; De passer perfekt i en sk\u00e5l (MK12715) til gr\u00f8ntsager og frugt (MK10377), og gr\u00f8ntsagerne og frugterne kan ogs\u00e5 placeres i to metalkurve (MK12715)<\/p>\n<p>Leget\u00f8jet udvikler:<\/p>\n<p>* &#8211; sensoriske f\u00e6rdigheder<br \/>\n* &#8211; motoriske f\u00e6rdigheder<br \/>\n* &#8211; h\u00e5nd-\u00f8je-koordination<\/p>\n","protected":false},"excerpt":{"rendered":"<p>Det er sjovt at lege i k\u00f8kkenet! Ved at &#8220;lave mad&#8221; til hele familien eller bamser og dukker l\u00e6rer b\u00f8rnene at bruge k\u00f8kkenudstyr korrekt og sikkert. Egenskaber: * &#8211; S\u00e6ttet best\u00e5r af 10 stykker frugt * &#8211; Frugten kan bruges til leg i k\u00f8kkenet eller som rekvisitter i skolekomedier. * &#8211; Frugten ligner den \u00e6gte [&hellip;]<\/p>\n","protected":false},"featured_media":0,"comment_status":"open","ping_status":"closed","template":"","meta":[],"product_brand":[],"product_cat":[31],"product_tag":[],"class_list":{"0":"post-26517","1":"product","2":"type-product","3":"status-publish","5":"product_cat-uncategorized-da","7":"first","8":"instock","9":"shipping-taxable","10":"purchasable","11":"product-type-simple"},"_links":{"self":[{"href":"https:\/\/nordicmart.andreevmaster.com\/da\/wp-json\/wp\/v2\/product\/26517","targetHints":{"allow":["GET"]}}],"collection":[{"href":"https:\/\/nordicmart.andreevmaster.com\/da\/wp-json\/wp\/v2\/product"}],"about":[{"href":"https:\/\/nordicmart.andreevmaster.com\/da\/wp-json\/wp\/v2\/types\/product"}],"replies":[{"embeddable":true,"href":"https:\/\/nordicmart.andreevmaster.com\/da\/wp-json\/wp\/v2\/comments?post=26517"}],"wp:attachment":[{"href":"https:\/\/nordicmart.andreevmaster.com\/da\/wp-json\/wp\/v2\/media?parent=26517"}],"wp:term":[{"taxonomy":"product_brand","embeddable":true,"href":"https:\/\/nordicmart.andreevmaster.com\/da\/wp-json\/wp\/v2\/product_brand?post=26517"},{"taxonomy":"product_cat","embeddable":true,"href":"https:\/\/nordicmart.andreevmaster.com\/da\/wp-json\/wp\/v2\/product_cat?post=26517"},{"taxonomy":"product_tag","embeddable":true,"href":"https:\/\/nordicmart.andreevmaster.com\/da\/wp-json\/wp\/v2\/product_tag?post=26517"}],"curies":[{"name":"wp","href":"https:\/\/api.w.org\/{rel}","templated":true}]}}