{"id":26516,"date":"2026-02-27T00:32:55","date_gmt":"2026-02-27T00:32:55","guid":{"rendered":"https:\/\/nordicmart.andreevmaster.com\/product\/masterdkiz-lille-opbevaringsskab-til-praktiske-laeringsbraetter-til-3-braetter\/"},"modified":"2026-02-27T09:12:21","modified_gmt":"2026-02-27T09:12:21","slug":"masterdkiz-lille-opbevaringsskab-til-praktiske-laeringsbraetter-til-3-braetter","status":"publish","type":"product","link":"https:\/\/nordicmart.andreevmaster.com\/da\/vare\/masterdkiz-lille-opbevaringsskab-til-praktiske-laeringsbraetter-til-3-braetter\/","title":{"rendered":"MASTERDKIZ Lille opbevaringsskab til praktiske l\u00e6ringsbr\u00e6tter til 3 br\u00e6tter"},"content":{"rendered":"<p>Masterkidz tr\u00e6skab er en praktisk l\u00f8sning til opbevaring af praktiske tavler. Det kan rumme op til 3 tavler p\u00e5 28 x 28 cm, hvilket er ideelt til sm\u00e5 samlinger. Der kan placeres en ekstra tavle oven p\u00e5 skabet, men hvis du har brug for endnu mere opbevaringsplads, kan du altid tilf\u00f8je et andet identisk skab ovenp\u00e5. Dette skab er lavet af tr\u00e6, hvilket er milj\u00f8venligt og bidrager til at reducere plastikaffald. Den robuste konstruktion sikrer holdbarhed og sikkerhed. <\/p>\n<p>Hold dine b\u00f8rns legeplads ryddelig med dette funktionelle og milj\u00f8venlige skab!<\/p>\n","protected":false},"excerpt":{"rendered":"<p>Masterkidz tr\u00e6skab er en praktisk l\u00f8sning til opbevaring af praktiske tavler. Det kan rumme op til 3 tavler p\u00e5 28 x 28 cm, hvilket er ideelt til sm\u00e5 samlinger. Der kan placeres en ekstra tavle oven p\u00e5 skabet, men hvis du har brug for endnu mere opbevaringsplads, kan du altid tilf\u00f8je et andet identisk skab [&hellip;]<\/p>\n","protected":false},"featured_media":0,"comment_status":"open","ping_status":"closed","template":"","meta":[],"product_brand":[],"product_cat":[31],"product_tag":[],"class_list":{"0":"post-26516","1":"product","2":"type-product","3":"status-publish","5":"product_cat-uncategorized-da","7":"first","8":"instock","9":"shipping-taxable","10":"purchasable","11":"product-type-simple"},"_links":{"self":[{"href":"https:\/\/nordicmart.andreevmaster.com\/da\/wp-json\/wp\/v2\/product\/26516","targetHints":{"allow":["GET"]}}],"collection":[{"href":"https:\/\/nordicmart.andreevmaster.com\/da\/wp-json\/wp\/v2\/product"}],"about":[{"href":"https:\/\/nordicmart.andreevmaster.com\/da\/wp-json\/wp\/v2\/types\/product"}],"replies":[{"embeddable":true,"href":"https:\/\/nordicmart.andreevmaster.com\/da\/wp-json\/wp\/v2\/comments?post=26516"}],"wp:attachment":[{"href":"https:\/\/nordicmart.andreevmaster.com\/da\/wp-json\/wp\/v2\/media?parent=26516"}],"wp:term":[{"taxonomy":"product_brand","embeddable":true,"href":"https:\/\/nordicmart.andreevmaster.com\/da\/wp-json\/wp\/v2\/product_brand?post=26516"},{"taxonomy":"product_cat","embeddable":true,"href":"https:\/\/nordicmart.andreevmaster.com\/da\/wp-json\/wp\/v2\/product_cat?post=26516"},{"taxonomy":"product_tag","embeddable":true,"href":"https:\/\/nordicmart.andreevmaster.com\/da\/wp-json\/wp\/v2\/product_tag?post=26516"}],"curies":[{"name":"wp","href":"https:\/\/api.w.org\/{rel}","templated":true}]}}