{"id":26515,"date":"2026-02-27T00:32:54","date_gmt":"2026-02-27T00:32:54","guid":{"rendered":"https:\/\/nordicmart.andreevmaster.com\/product\/masterkidz-magnetisk-labyrint-farvesorterer-edu\/"},"modified":"2026-02-27T09:12:21","modified_gmt":"2026-02-27T09:12:21","slug":"masterkidz-magnetisk-labyrint-farvesorterer-edu","status":"publish","type":"product","link":"https:\/\/nordicmart.andreevmaster.com\/da\/vare\/masterkidz-magnetisk-labyrint-farvesorterer-edu\/","title":{"rendered":"MASTERKIDZ Magnetisk labyrint farvesorterer EDU"},"content":{"rendered":"<p>Den magnetiske labyrint fra MASTERKIDZ er et p\u00e6dagogisk puslespil, der vil begejstre alle b\u00f8rn! Den er lavet af tr\u00e6 af h\u00f8j kvalitet og kombinerer l\u00e6ring og sjov, s\u00e5 sm\u00e5b\u00f8rn kan sortere farverige kugler ved hj\u00e6lp af en magnetisk pind. Farverige is og tydelige markeringer g\u00f8r det til et fascinerende eventyr at l\u00e6re farver, og den solide konstruktion garanterer langvarig og sikker leg. <\/p>\n<p>Egenskaber: <\/p>\n<p>* \u2714\ufe0f Fremstillet af tr\u00e6 af h\u00f8j kvalitet<br \/>\n* \u2714\ufe0f Farverige kugler, der kan sorteres i 5 farver: r\u00f8d, gul, bl\u00e5, gr\u00f8n, orange<br \/>\n* \u2714\ufe0f Magnetisk pind til at flytte kuglerne under det gennemsigtige l\u00e5g<br \/>\n* \u2714\ufe0f Tydelige farvem\u00e6rker og tildelte pladser i form af is<br \/>\n* \u2714\ufe0f Sikkert, lukket design \u2013 kuglerne falder ikke ud under leg<br \/>\n* \u2714\ufe0f Kompakt st\u00f8rrelse, ideel til hjemmet, b\u00f8rnehaven eller rejser<\/p>\n<p>Leget\u00f8jet udvikler:<\/p>\n<p>* \u2b50 H\u00e5nd-\u00f8je-koordination<br \/>\n* \u2b50 Motoriske f\u00e6rdigheder<br \/>\n* \u2b50 Farvegenkendelse<br \/>\n* \u2b50 Logik<br \/>\n* \u2b50 T\u00e5lmodighed<br \/>\n* \u2b50 Koncentration<\/p>\n","protected":false},"excerpt":{"rendered":"<p>Den magnetiske labyrint fra MASTERKIDZ er et p\u00e6dagogisk puslespil, der vil begejstre alle b\u00f8rn! Den er lavet af tr\u00e6 af h\u00f8j kvalitet og kombinerer l\u00e6ring og sjov, s\u00e5 sm\u00e5b\u00f8rn kan sortere farverige kugler ved hj\u00e6lp af en magnetisk pind. Farverige is og tydelige markeringer g\u00f8r det til et fascinerende eventyr at l\u00e6re farver, og den [&hellip;]<\/p>\n","protected":false},"featured_media":0,"comment_status":"open","ping_status":"closed","template":"","meta":[],"product_brand":[],"product_cat":[31],"product_tag":[],"class_list":{"0":"post-26515","1":"product","2":"type-product","3":"status-publish","5":"product_cat-uncategorized-da","7":"first","8":"instock","9":"shipping-taxable","10":"purchasable","11":"product-type-simple"},"_links":{"self":[{"href":"https:\/\/nordicmart.andreevmaster.com\/da\/wp-json\/wp\/v2\/product\/26515","targetHints":{"allow":["GET"]}}],"collection":[{"href":"https:\/\/nordicmart.andreevmaster.com\/da\/wp-json\/wp\/v2\/product"}],"about":[{"href":"https:\/\/nordicmart.andreevmaster.com\/da\/wp-json\/wp\/v2\/types\/product"}],"replies":[{"embeddable":true,"href":"https:\/\/nordicmart.andreevmaster.com\/da\/wp-json\/wp\/v2\/comments?post=26515"}],"wp:attachment":[{"href":"https:\/\/nordicmart.andreevmaster.com\/da\/wp-json\/wp\/v2\/media?parent=26515"}],"wp:term":[{"taxonomy":"product_brand","embeddable":true,"href":"https:\/\/nordicmart.andreevmaster.com\/da\/wp-json\/wp\/v2\/product_brand?post=26515"},{"taxonomy":"product_cat","embeddable":true,"href":"https:\/\/nordicmart.andreevmaster.com\/da\/wp-json\/wp\/v2\/product_cat?post=26515"},{"taxonomy":"product_tag","embeddable":true,"href":"https:\/\/nordicmart.andreevmaster.com\/da\/wp-json\/wp\/v2\/product_tag?post=26515"}],"curies":[{"name":"wp","href":"https:\/\/api.w.org\/{rel}","templated":true}]}}