{"id":26514,"date":"2026-02-27T00:32:54","date_gmt":"2026-02-27T00:32:54","guid":{"rendered":"https:\/\/nordicmart.andreevmaster.com\/product\/masterkidz-magnetisk-paedagogisk-tavle-kompas-montessori\/"},"modified":"2026-02-27T09:12:21","modified_gmt":"2026-02-27T09:12:21","slug":"masterkidz-magnetisk-paedagogisk-tavle-kompas-montessori","status":"publish","type":"product","link":"https:\/\/nordicmart.andreevmaster.com\/da\/vare\/masterkidz-magnetisk-paedagogisk-tavle-kompas-montessori\/","title":{"rendered":"MASTERKIDZ Magnetisk p\u00e6dagogisk tavle Kompas Montessori"},"content":{"rendered":"<p>Et p\u00e6dagogisk tr\u00e6br\u00e6t, der giver b\u00f8rn mulighed for at se, hvordan magneter fungerer med egne \u00f8jne. Leget\u00f8jet indeholder en stor hesteskoformet magnet med markerede poler samt en blokformet magnet. Br\u00e6ttet har ogs\u00e5 en beholder med jernfilsp\u00e5ner. Ved at tiltr\u00e6kke dem kan b\u00f8rnene observere magnetiske linjer. Leget\u00f8jet indeholder ogs\u00e5 et kompas.<br \/>\n### Egenskaber:<\/p>\n<p>* &#8211; Et p\u00e6dagogisk leget\u00f8j, der forklarer f\u00e6nomenet magnetisme, som er s\u00e5 fascinerende for de sm\u00e5.<br \/>\n* &#8211; Lavet af tr\u00e6<br \/>\n* &#8211; Leget\u00f8jet i form af en plade har to magneter med markerede poler, en gennemsigtig beholder med jernfilsp\u00e5ner og et kompas med en tegning af kloden og dens magnetiske linjer. Takket v\u00e6re alle disse elementer bliver det aldrig kedeligt at lege med det.<br \/>\n* &#8211; B\u00f8rnene kan lege ved at tiltr\u00e6kke magneten til magnetfelter med modsatte poler. Dette l\u00e6rer dem den grundl\u00e6ggende teori om magnetisme. To magneter kan ogs\u00e5 tiltr\u00e6kkes af hinanden. Man kan selvf\u00f8lgelig eksperimentere og pr\u00f8ve at bringe enderne med modsatte poler sammen. S\u00e5 vil barnet observere f\u00e6nomenet frast\u00f8dning.* &#8211; En anden m\u00e5de at lege p\u00e5 er at tiltr\u00e6kke jernfilsp\u00e5ner, der befinder sig i en gennemsigtig plastikbeholder. De giver mulighed for at observere magnetfeltlinjerne og fuldt ud forst\u00e5 f\u00e6nomenet magnetisme. * &#8211; Den sidste attraktion, som Masterkidz-undervisningsbr\u00e6ttet garanterer, er et kompas. Barnet kan lege med det og lede efter retninger, eller det kan bruges til undervisningsform\u00e5l. Ved siden af kompasset er der en tegning, der forklarer klodens magnetiske linjer.<\/p>\n<p>Masterkidz-leget\u00f8j er h\u00f8jkvalitets, holdbart og sikkert p\u00e6dagogisk leget\u00f8j af tr\u00e6. Designet og tilpasset forskellige stadier af barnets udvikling. Kreativ, eventyrlig og p\u00e6dagogisk leg er de st\u00f8rste fordele ved dette brands leget\u00f8j. Uvurderlig st\u00f8tte til Montessori-metoden. Det bedste valg til dit hjem, b\u00f8rnehave, hotel eller restaurant. Skab det perfekte legehj\u00f8rne eller en stor p\u00e6dagogisk v\u00e6g. Tilbuddet omfatter v\u00e6gmonterede og mobile tavler, oplyste borde og paneler til leg med maling. Tema-p\u00e6dagogiske moduler og meget mere. Et utroligt stort udvalg af tilbeh\u00f8r og uendelige muligheder for kreativ leg.<\/p>\n","protected":false},"excerpt":{"rendered":"<p>Et p\u00e6dagogisk tr\u00e6br\u00e6t, der giver b\u00f8rn mulighed for at se, hvordan magneter fungerer med egne \u00f8jne. Leget\u00f8jet indeholder en stor hesteskoformet magnet med markerede poler samt en blokformet magnet. Br\u00e6ttet har ogs\u00e5 en beholder med jernfilsp\u00e5ner. Ved at tiltr\u00e6kke dem kan b\u00f8rnene observere magnetiske linjer. Leget\u00f8jet indeholder ogs\u00e5 et kompas. ### Egenskaber: * &#8211; Et [&hellip;]<\/p>\n","protected":false},"featured_media":0,"comment_status":"open","ping_status":"closed","template":"","meta":[],"product_brand":[],"product_cat":[31],"product_tag":[],"class_list":{"0":"post-26514","1":"product","2":"type-product","3":"status-publish","5":"product_cat-uncategorized-da","7":"first","8":"instock","9":"shipping-taxable","10":"purchasable","11":"product-type-simple"},"_links":{"self":[{"href":"https:\/\/nordicmart.andreevmaster.com\/da\/wp-json\/wp\/v2\/product\/26514","targetHints":{"allow":["GET"]}}],"collection":[{"href":"https:\/\/nordicmart.andreevmaster.com\/da\/wp-json\/wp\/v2\/product"}],"about":[{"href":"https:\/\/nordicmart.andreevmaster.com\/da\/wp-json\/wp\/v2\/types\/product"}],"replies":[{"embeddable":true,"href":"https:\/\/nordicmart.andreevmaster.com\/da\/wp-json\/wp\/v2\/comments?post=26514"}],"wp:attachment":[{"href":"https:\/\/nordicmart.andreevmaster.com\/da\/wp-json\/wp\/v2\/media?parent=26514"}],"wp:term":[{"taxonomy":"product_brand","embeddable":true,"href":"https:\/\/nordicmart.andreevmaster.com\/da\/wp-json\/wp\/v2\/product_brand?post=26514"},{"taxonomy":"product_cat","embeddable":true,"href":"https:\/\/nordicmart.andreevmaster.com\/da\/wp-json\/wp\/v2\/product_cat?post=26514"},{"taxonomy":"product_tag","embeddable":true,"href":"https:\/\/nordicmart.andreevmaster.com\/da\/wp-json\/wp\/v2\/product_tag?post=26514"}],"curies":[{"name":"wp","href":"https:\/\/api.w.org\/{rel}","templated":true}]}}