{"id":26513,"date":"2026-02-27T00:32:54","date_gmt":"2026-02-27T00:32:54","guid":{"rendered":"https:\/\/nordicmart.andreevmaster.com\/product\/masterkidz-trae-sansesorterer-med-lydkombination-montessori\/"},"modified":"2026-02-27T09:12:21","modified_gmt":"2026-02-27T09:12:21","slug":"masterkidz-trae-sansesorterer-med-lydkombination-montessori","status":"publish","type":"product","link":"https:\/\/nordicmart.andreevmaster.com\/da\/vare\/masterkidz-trae-sansesorterer-med-lydkombination-montessori\/","title":{"rendered":"MASTERKIDZ Tr\u00e6-sansesorterer med lydkombination Montessori"},"content":{"rendered":"<p>Otte tr\u00e6klodser, der afgiver forskellige lyde, n\u00e5r de rystes. B\u00f8rnene skal matche par af klodser, der afgiver de samme lyde. S\u00e6ttet indeholder ogs\u00e5 en tom klods, der kan fyldes med forskellige genstande, s\u00e5som sand, sm\u00e5sten eller sm\u00e5 klodser, for at se, hvilke lyde de afgiver, n\u00e5r de rystes. <\/p>\n<p>### Egenskaber:<\/p>\n<p>* &#8211; B\u00f8rns sensoriske udvikling er et centralt emne i den tidlige uddannelse. Med hj\u00e6lp fra Masterkidz-sorteringsspillet kan b\u00f8rn \u00f8ve deres h\u00f8resans og udvikle vigtige f\u00e6rdigheder.* &#8211; S\u00e6ttet best\u00e5r af et br\u00e6t og otte tr\u00e6kubber, der afgiver forskellige lyde, n\u00e5r de rystes. Barnets opgave er at matche kubberne parvis ud fra de lyde, de afgiver. De skal finde par af kubber, der afgiver den samme lyd. * &#8211; En ekstra funktion ved leget\u00f8jet er, at man kan fylde den tomme kube med ethvert materiale for at se, hvilken lyd den afgiver. Vi opfordrer dig til at pr\u00f8ve at fylde den med sand, sm\u00e5 plastleget\u00f8j og sm\u00e5sten for at se forskellen i lyden, n\u00e5r den rystes.<br \/>\n* &#8211; Dette p\u00e6dagogiske leget\u00f8j til b\u00f8rn er lavet af tr\u00e6. Ved at v\u00e6lge Masterkidz tr\u00e6leget\u00f8j passer du p\u00e5 milj\u00f8et og reducerer plastikaffald.<\/p>\n<p>Masterkidz leget\u00f8j er p\u00e6dagogisk leget\u00f8j af h\u00f8j kvalitet, holdbart og sikkert. Designet og tilpasset forskellige stadier af barnets udvikling. Kreativ, eventyrlig og p\u00e6dagogisk leg er de st\u00f8rste fordele ved dette brands leget\u00f8j. Uvurderlig st\u00f8tte til Montessori-metoden. Det bedste valg til dit hjem, b\u00f8rnehave, hotel eller restaurant. Skab det perfekte legehj\u00f8rne eller en stor p\u00e6dagogisk v\u00e6g. Tilbuddet omfatter v\u00e6gmonterede og mobile tavler, oplyste borde og paneler til leg med maling. Tema-p\u00e6dagogiske moduler og meget mere. Et utroligt stort udvalg af tilbeh\u00f8r og uendelige muligheder for kreativ leg.<\/p>\n","protected":false},"excerpt":{"rendered":"<p>Otte tr\u00e6klodser, der afgiver forskellige lyde, n\u00e5r de rystes. B\u00f8rnene skal matche par af klodser, der afgiver de samme lyde. S\u00e6ttet indeholder ogs\u00e5 en tom klods, der kan fyldes med forskellige genstande, s\u00e5som sand, sm\u00e5sten eller sm\u00e5 klodser, for at se, hvilke lyde de afgiver, n\u00e5r de rystes. ### Egenskaber: * &#8211; B\u00f8rns sensoriske udvikling [&hellip;]<\/p>\n","protected":false},"featured_media":0,"comment_status":"open","ping_status":"closed","template":"","meta":[],"product_brand":[],"product_cat":[31],"product_tag":[],"class_list":{"0":"post-26513","1":"product","2":"type-product","3":"status-publish","5":"product_cat-uncategorized-da","7":"first","8":"instock","9":"shipping-taxable","10":"purchasable","11":"product-type-simple"},"_links":{"self":[{"href":"https:\/\/nordicmart.andreevmaster.com\/da\/wp-json\/wp\/v2\/product\/26513","targetHints":{"allow":["GET"]}}],"collection":[{"href":"https:\/\/nordicmart.andreevmaster.com\/da\/wp-json\/wp\/v2\/product"}],"about":[{"href":"https:\/\/nordicmart.andreevmaster.com\/da\/wp-json\/wp\/v2\/types\/product"}],"replies":[{"embeddable":true,"href":"https:\/\/nordicmart.andreevmaster.com\/da\/wp-json\/wp\/v2\/comments?post=26513"}],"wp:attachment":[{"href":"https:\/\/nordicmart.andreevmaster.com\/da\/wp-json\/wp\/v2\/media?parent=26513"}],"wp:term":[{"taxonomy":"product_brand","embeddable":true,"href":"https:\/\/nordicmart.andreevmaster.com\/da\/wp-json\/wp\/v2\/product_brand?post=26513"},{"taxonomy":"product_cat","embeddable":true,"href":"https:\/\/nordicmart.andreevmaster.com\/da\/wp-json\/wp\/v2\/product_cat?post=26513"},{"taxonomy":"product_tag","embeddable":true,"href":"https:\/\/nordicmart.andreevmaster.com\/da\/wp-json\/wp\/v2\/product_tag?post=26513"}],"curies":[{"name":"wp","href":"https:\/\/api.w.org\/{rel}","templated":true}]}}