{"id":26512,"date":"2026-02-27T00:32:53","date_gmt":"2026-02-27T00:32:53","guid":{"rendered":"https:\/\/nordicmart.andreevmaster.com\/product\/masterkidz-traeformssorterer-til-materialer-og-overfladestrukturer-montessori\/"},"modified":"2026-02-27T09:12:20","modified_gmt":"2026-02-27T09:12:20","slug":"masterkidz-traeformssorterer-til-materialer-og-overfladestrukturer-montessori","status":"publish","type":"product","link":"https:\/\/nordicmart.andreevmaster.com\/da\/vare\/masterkidz-traeformssorterer-til-materialer-og-overfladestrukturer-montessori\/","title":{"rendered":"MASTERKIDZ Tr\u00e6formssorterer til materialer og overfladestrukturer Montessori"},"content":{"rendered":"<p>Et fantastisk interaktivt tr\u00e6leget\u00f8j fra Masterkidz, der hj\u00e6lper med at udvikle dit barns f\u00f8lesans. Tr\u00e6sortereren kombinerer flere meget vigtige funktioner. Dit barn kan matche former, farver og blokkenes tekstur. S\u00e6ttet indeholder 4 par matchende tr\u00e6blokke, som f\u00f8rst skal placeres p\u00e5 tr\u00e6pladen og derefter parres med hinanden.Leget\u00f8jet kan ogs\u00e5 bruges til at l\u00e6re de fire grundfarver: r\u00f8d, bl\u00e5, gul og gr\u00f8n. Det eneste, der kr\u00e6ves, er lidt hj\u00e6lp fra en omsorgsperson. Omsorgspersonen kan ogs\u00e5 bruge klodser med forskellige teksturer og bede barnet beskrive den overflade, det r\u00f8rer ved. Dette udvikler barnets fantasi og f\u00f8lesans.<\/p>\n<p>P\u00e6dagogisk leget\u00f8j af tr\u00e6. Ved at v\u00e6lge Masterkidz tr\u00e6leget\u00f8j reducerer du plastikaffald og passer p\u00e5 milj\u00f8et. Interaktivt leget\u00f8j til b\u00f8rn er en god gaveid\u00e9.<\/p>\n","protected":false},"excerpt":{"rendered":"<p>Et fantastisk interaktivt tr\u00e6leget\u00f8j fra Masterkidz, der hj\u00e6lper med at udvikle dit barns f\u00f8lesans. Tr\u00e6sortereren kombinerer flere meget vigtige funktioner. Dit barn kan matche former, farver og blokkenes tekstur. S\u00e6ttet indeholder 4 par matchende tr\u00e6blokke, som f\u00f8rst skal placeres p\u00e5 tr\u00e6pladen og derefter parres med hinanden.Leget\u00f8jet kan ogs\u00e5 bruges til at l\u00e6re de fire grundfarver: [&hellip;]<\/p>\n","protected":false},"featured_media":0,"comment_status":"open","ping_status":"closed","template":"","meta":[],"product_brand":[],"product_cat":[31],"product_tag":[],"class_list":{"0":"post-26512","1":"product","2":"type-product","3":"status-publish","5":"product_cat-uncategorized-da","7":"first","8":"instock","9":"shipping-taxable","10":"purchasable","11":"product-type-simple"},"_links":{"self":[{"href":"https:\/\/nordicmart.andreevmaster.com\/da\/wp-json\/wp\/v2\/product\/26512","targetHints":{"allow":["GET"]}}],"collection":[{"href":"https:\/\/nordicmart.andreevmaster.com\/da\/wp-json\/wp\/v2\/product"}],"about":[{"href":"https:\/\/nordicmart.andreevmaster.com\/da\/wp-json\/wp\/v2\/types\/product"}],"replies":[{"embeddable":true,"href":"https:\/\/nordicmart.andreevmaster.com\/da\/wp-json\/wp\/v2\/comments?post=26512"}],"wp:attachment":[{"href":"https:\/\/nordicmart.andreevmaster.com\/da\/wp-json\/wp\/v2\/media?parent=26512"}],"wp:term":[{"taxonomy":"product_brand","embeddable":true,"href":"https:\/\/nordicmart.andreevmaster.com\/da\/wp-json\/wp\/v2\/product_brand?post=26512"},{"taxonomy":"product_cat","embeddable":true,"href":"https:\/\/nordicmart.andreevmaster.com\/da\/wp-json\/wp\/v2\/product_cat?post=26512"},{"taxonomy":"product_tag","embeddable":true,"href":"https:\/\/nordicmart.andreevmaster.com\/da\/wp-json\/wp\/v2\/product_tag?post=26512"}],"curies":[{"name":"wp","href":"https:\/\/api.w.org\/{rel}","templated":true}]}}