{"id":26511,"date":"2026-02-27T00:32:53","date_gmt":"2026-02-27T00:32:53","guid":{"rendered":"https:\/\/nordicmart.andreevmaster.com\/product\/masterkidz-tomrerbaelte-med-12-vaerktojer\/"},"modified":"2026-02-27T09:12:20","modified_gmt":"2026-02-27T09:12:20","slug":"masterkidz-tomrerbaelte-med-12-vaerktojer","status":"publish","type":"product","link":"https:\/\/nordicmart.andreevmaster.com\/da\/vare\/masterkidz-tomrerbaelte-med-12-vaerktojer\/","title":{"rendered":"MASTERKIDZ T\u00f8mrerb\u00e6lte med 12 v\u00e6rkt\u00f8jer"},"content":{"rendered":"<p>Et stofb\u00e6lte og et s\u00e6t med 12 t\u00f8mrerredskaber fra MASTERKIDZ. S\u00e6ttet giver mulighed for at udf\u00f8re alle former for t\u00f8mrerarbejde og indeholder ogs\u00e5 et medarbejder-ID-kort, hvor dit barn kan skrive sit navn og kl\u00e6be et foto p\u00e5. Din lille vil f\u00f8le sig som en rigtig professionel, der kan l\u00f8se ethvert problem!<\/p>\n<p>Et fantastisk leget\u00f8j til b\u00f8rn, der giver dem mulighed for at f\u00f8le sig som professionelle og specialister i renoverings- og reparationsarbejde! S\u00e6ttet indeholder 12 tr\u00e6v\u00e6rkt\u00f8jer, som g\u00f8r det muligt at udf\u00f8re ethvert job. S\u00e6ttet indeholder ogs\u00e5 et v\u00e6rkt\u00f8jsb\u00e6lte til at b\u00e6re alle genstandene. S\u00e6ttet indeholder f\u00f8lgende v\u00e6rkt\u00f8jer: * skruen\u00f8gle * hammer * skruetr\u00e6kker * skruer og dyvler * s\u00f8m * medarbejder-ID * og meget mere!<\/p>\n","protected":false},"excerpt":{"rendered":"<p>Et stofb\u00e6lte og et s\u00e6t med 12 t\u00f8mrerredskaber fra MASTERKIDZ. S\u00e6ttet giver mulighed for at udf\u00f8re alle former for t\u00f8mrerarbejde og indeholder ogs\u00e5 et medarbejder-ID-kort, hvor dit barn kan skrive sit navn og kl\u00e6be et foto p\u00e5. Din lille vil f\u00f8le sig som en rigtig professionel, der kan l\u00f8se ethvert problem! Et fantastisk leget\u00f8j til [&hellip;]<\/p>\n","protected":false},"featured_media":0,"comment_status":"open","ping_status":"closed","template":"","meta":[],"product_brand":[],"product_cat":[31],"product_tag":[],"class_list":{"0":"post-26511","1":"product","2":"type-product","3":"status-publish","5":"product_cat-uncategorized-da","7":"first","8":"instock","9":"shipping-taxable","10":"purchasable","11":"product-type-simple"},"_links":{"self":[{"href":"https:\/\/nordicmart.andreevmaster.com\/da\/wp-json\/wp\/v2\/product\/26511","targetHints":{"allow":["GET"]}}],"collection":[{"href":"https:\/\/nordicmart.andreevmaster.com\/da\/wp-json\/wp\/v2\/product"}],"about":[{"href":"https:\/\/nordicmart.andreevmaster.com\/da\/wp-json\/wp\/v2\/types\/product"}],"replies":[{"embeddable":true,"href":"https:\/\/nordicmart.andreevmaster.com\/da\/wp-json\/wp\/v2\/comments?post=26511"}],"wp:attachment":[{"href":"https:\/\/nordicmart.andreevmaster.com\/da\/wp-json\/wp\/v2\/media?parent=26511"}],"wp:term":[{"taxonomy":"product_brand","embeddable":true,"href":"https:\/\/nordicmart.andreevmaster.com\/da\/wp-json\/wp\/v2\/product_brand?post=26511"},{"taxonomy":"product_cat","embeddable":true,"href":"https:\/\/nordicmart.andreevmaster.com\/da\/wp-json\/wp\/v2\/product_cat?post=26511"},{"taxonomy":"product_tag","embeddable":true,"href":"https:\/\/nordicmart.andreevmaster.com\/da\/wp-json\/wp\/v2\/product_tag?post=26511"}],"curies":[{"name":"wp","href":"https:\/\/api.w.org\/{rel}","templated":true}]}}