{"id":26510,"date":"2026-02-27T00:32:53","date_gmt":"2026-02-27T00:32:53","guid":{"rendered":"https:\/\/nordicmart.andreevmaster.com\/product\/masterkidz-redningscenter-i-rygsaek\/"},"modified":"2026-02-27T09:12:20","modified_gmt":"2026-02-27T09:12:20","slug":"masterkidz-redningscenter-i-rygsaek","status":"publish","type":"product","link":"https:\/\/nordicmart.andreevmaster.com\/da\/vare\/masterkidz-redningscenter-i-rygsaek\/","title":{"rendered":"MASTERKIDZ Redningscenter i rygs\u00e6k"},"content":{"rendered":"<p>Masterkidz Safety Emergency Center i en rygs\u00e6k er et innovativt s\u00e6t, der giver b\u00f8rn mulighed for at lege med alle redningstjenester p\u00e5 \u00e9t sted. Takket v\u00e6re det gennemt\u00e6nkte design kan rygs\u00e6kken p\u00e5 f\u00e5 \u00f8jeblikke omdannes til et redningscenter, der omfatter et hospital, en brandstation og en politistation. Leget\u00f8jet er let, nemt at b\u00e6re og folde sammen, hvilket g\u00f8r b\u00f8rnene ivrige efter at tage det med p\u00e5 alle ture.<\/p>\n<p>Funktioner:<\/p>\n<p>* &#8211; S\u00e6ttet indeholder en speciel rygs\u00e6k med indbygget beredskabsstation<br \/>\n* &#8211; S\u00e6ttet indeholder tr\u00e6figurer, leget\u00f8jsbiler og tilbeh\u00f8r<br \/>\n* &#8211; Alle elementer har deres plads i rygs\u00e6kken, hvilket g\u00f8r det nemt at holde orden<br \/>\n* &#8211; Rygs\u00e6kken \u00e5bnes med lynl\u00e5s \u2013 hurtig pakning og udpakning<\/p>\n<p>Leget\u00f8jet udvikler:<\/p>\n<p>* &#8211; Fantasi<br \/>\n* &#8211; Kreativitet<br \/>\n* &#8211; Organisatoriske evner<br \/>\n* &#8211; Manuel fingerf\u00e6rdighed<\/p>\n","protected":false},"excerpt":{"rendered":"<p>Masterkidz Safety Emergency Center i en rygs\u00e6k er et innovativt s\u00e6t, der giver b\u00f8rn mulighed for at lege med alle redningstjenester p\u00e5 \u00e9t sted. Takket v\u00e6re det gennemt\u00e6nkte design kan rygs\u00e6kken p\u00e5 f\u00e5 \u00f8jeblikke omdannes til et redningscenter, der omfatter et hospital, en brandstation og en politistation. Leget\u00f8jet er let, nemt at b\u00e6re og folde [&hellip;]<\/p>\n","protected":false},"featured_media":0,"comment_status":"open","ping_status":"closed","template":"","meta":[],"product_brand":[],"product_cat":[31],"product_tag":[],"class_list":{"0":"post-26510","1":"product","2":"type-product","3":"status-publish","5":"product_cat-uncategorized-da","7":"first","8":"instock","9":"shipping-taxable","10":"purchasable","11":"product-type-simple"},"_links":{"self":[{"href":"https:\/\/nordicmart.andreevmaster.com\/da\/wp-json\/wp\/v2\/product\/26510","targetHints":{"allow":["GET"]}}],"collection":[{"href":"https:\/\/nordicmart.andreevmaster.com\/da\/wp-json\/wp\/v2\/product"}],"about":[{"href":"https:\/\/nordicmart.andreevmaster.com\/da\/wp-json\/wp\/v2\/types\/product"}],"replies":[{"embeddable":true,"href":"https:\/\/nordicmart.andreevmaster.com\/da\/wp-json\/wp\/v2\/comments?post=26510"}],"wp:attachment":[{"href":"https:\/\/nordicmart.andreevmaster.com\/da\/wp-json\/wp\/v2\/media?parent=26510"}],"wp:term":[{"taxonomy":"product_brand","embeddable":true,"href":"https:\/\/nordicmart.andreevmaster.com\/da\/wp-json\/wp\/v2\/product_brand?post=26510"},{"taxonomy":"product_cat","embeddable":true,"href":"https:\/\/nordicmart.andreevmaster.com\/da\/wp-json\/wp\/v2\/product_cat?post=26510"},{"taxonomy":"product_tag","embeddable":true,"href":"https:\/\/nordicmart.andreevmaster.com\/da\/wp-json\/wp\/v2\/product_tag?post=26510"}],"curies":[{"name":"wp","href":"https:\/\/api.w.org\/{rel}","templated":true}]}}