{"id":26509,"date":"2026-02-27T00:32:53","date_gmt":"2026-02-27T00:32:53","guid":{"rendered":"https:\/\/nordicmart.andreevmaster.com\/product\/masterkidz-traemarkedskiosk-leg\/"},"modified":"2026-02-27T09:12:20","modified_gmt":"2026-02-27T09:12:20","slug":"masterkidz-traemarkedskiosk-leg","status":"publish","type":"product","link":"https:\/\/nordicmart.andreevmaster.com\/da\/vare\/masterkidz-traemarkedskiosk-leg\/","title":{"rendered":"MASTERKIDZ Tr\u00e6markedskiosk Leg"},"content":{"rendered":"<p>Masterkidz tr\u00e6markedskiosk er det perfekte leget\u00f8j til b\u00f8rn, der elsker at lege butik og lade som om de er butiksindehavere. Takket v\u00e6re sin robuste tr\u00e6konstruktion og realistiske detaljer giver kiosken mulighed for kreativ og l\u00e6rerig leg, b\u00e5de alene og i en gruppe. B\u00f8rnene kan udstille produkter, betjene kunder og l\u00e6re det grundl\u00e6ggende om handel gennem leg. <\/p>\n<p>Egenskaber: <\/p>\n<p>* &#8211; Robust konstruktion af h\u00f8jkvalitets tr\u00e6, der sikrer holdbarhed og sikkerhed<br \/>\n* &#8211; To udstillingsniveauer: \u00f8verste med tre rum, nederste med to st\u00f8rre rum<br \/>\n* &#8211; Stofoverd\u00e6kning i en levende farve giver standen et realistisk look<br \/>\n* &#8211; Kompatibel med andet Masterkidz-tilbeh\u00f8r, s\u00e5som indk\u00f8bsvogn eller kasseapparat<br \/>\n* &#8211; Stor kapacitet, der giver mulighed for at udstille mange produkter<\/p>\n<p>Leget\u00f8jet udvikler:<\/p>\n<p>* &#8211; Fantasi<br \/>\n* &#8211; Kreativitet<br \/>\n* &#8211; Sociale og kommunikative f\u00e6rdigheder<br \/>\n* &#8211; Manuel fingerf\u00e6rdighed<br \/>\n* &#8211; Uafh\u00e6ngighed<\/p>\n","protected":false},"excerpt":{"rendered":"<p>Masterkidz tr\u00e6markedskiosk er det perfekte leget\u00f8j til b\u00f8rn, der elsker at lege butik og lade som om de er butiksindehavere. Takket v\u00e6re sin robuste tr\u00e6konstruktion og realistiske detaljer giver kiosken mulighed for kreativ og l\u00e6rerig leg, b\u00e5de alene og i en gruppe. B\u00f8rnene kan udstille produkter, betjene kunder og l\u00e6re det grundl\u00e6ggende om handel gennem [&hellip;]<\/p>\n","protected":false},"featured_media":0,"comment_status":"open","ping_status":"closed","template":"","meta":[],"product_brand":[],"product_cat":[31],"product_tag":[],"class_list":{"0":"post-26509","1":"product","2":"type-product","3":"status-publish","5":"product_cat-uncategorized-da","7":"first","8":"instock","9":"shipping-taxable","10":"purchasable","11":"product-type-simple"},"_links":{"self":[{"href":"https:\/\/nordicmart.andreevmaster.com\/da\/wp-json\/wp\/v2\/product\/26509","targetHints":{"allow":["GET"]}}],"collection":[{"href":"https:\/\/nordicmart.andreevmaster.com\/da\/wp-json\/wp\/v2\/product"}],"about":[{"href":"https:\/\/nordicmart.andreevmaster.com\/da\/wp-json\/wp\/v2\/types\/product"}],"replies":[{"embeddable":true,"href":"https:\/\/nordicmart.andreevmaster.com\/da\/wp-json\/wp\/v2\/comments?post=26509"}],"wp:attachment":[{"href":"https:\/\/nordicmart.andreevmaster.com\/da\/wp-json\/wp\/v2\/media?parent=26509"}],"wp:term":[{"taxonomy":"product_brand","embeddable":true,"href":"https:\/\/nordicmart.andreevmaster.com\/da\/wp-json\/wp\/v2\/product_brand?post=26509"},{"taxonomy":"product_cat","embeddable":true,"href":"https:\/\/nordicmart.andreevmaster.com\/da\/wp-json\/wp\/v2\/product_cat?post=26509"},{"taxonomy":"product_tag","embeddable":true,"href":"https:\/\/nordicmart.andreevmaster.com\/da\/wp-json\/wp\/v2\/product_tag?post=26509"}],"curies":[{"name":"wp","href":"https:\/\/api.w.org\/{rel}","templated":true}]}}