{"id":26508,"date":"2026-02-27T00:32:52","date_gmt":"2026-02-27T00:32:52","guid":{"rendered":"https:\/\/nordicmart.andreevmaster.com\/product\/masterkidz-sensorisk-tavle-med-spejle-og-linser-billedforvraengning-montessori\/"},"modified":"2026-02-27T09:12:19","modified_gmt":"2026-02-27T09:12:19","slug":"masterkidz-sensorisk-tavle-med-spejle-og-linser-billedforvraengning-montessori","status":"publish","type":"product","link":"https:\/\/nordicmart.andreevmaster.com\/da\/vare\/masterkidz-sensorisk-tavle-med-spejle-og-linser-billedforvraengning-montessori\/","title":{"rendered":"MASTERKIDZ Sensorisk tavle med spejle og linser Billedforvr\u00e6ngning Montessori"},"content":{"rendered":"<p>Et fantastisk sensorisk leget\u00f8j fra MASTERKIDZ, der ikke kun giver masser af underholdning, men ogs\u00e5 l\u00e6rer. Tr\u00e6br\u00e6ttet bruger tre typer spejle og en linse til at vise verden lidt anderledes, end vi ser den med det blotte \u00f8je. B\u00f8rn kan se et buet billede reflekteret i et konkavt spejl, en lidt anderledes version i et konvekst spejl og se alt t\u00e6t p\u00e5 takket v\u00e6re en forst\u00f8rrelseslinse. Det sidste spejl er et almindeligt spejl, hvor b\u00f8rn kan se sig selv for at udvikle selvbevidsthed og selvtillid.Leget\u00f8jet kan bruges til at l\u00e6re b\u00f8rn grundl\u00e6ggende information om det billede, det menneskelige \u00f8je ser, og lysets egenskaber. Det er en ideel m\u00e5de at stimulere et barns nysgerrighed om verden og besvare mange af deres sp\u00f8rgsm\u00e5l. Dette p\u00e6dagogiske leget\u00f8j til b\u00f8rn er lavet af tr\u00e6. Pas p\u00e5 milj\u00f8et ved at v\u00e6lge Masterkidz tr\u00e6leget\u00f8j og reducere plastikaffald.<\/p>\n<p>Egenskaber:<\/p>\n<p>* &#8211; til b\u00f8rn over 3 \u00e5r<br \/>\n* &#8211; 3 typer spejle + en linse, der fungerer som et forst\u00f8rrelsesglas<br \/>\n* &#8211; underholder og l\u00e6rer<br \/>\n* &#8211; stimulerer b\u00f8rns nysgerrighed om verden<br \/>\n* &#8211; lavet af tr\u00e6<\/p>\n","protected":false},"excerpt":{"rendered":"<p>Et fantastisk sensorisk leget\u00f8j fra MASTERKIDZ, der ikke kun giver masser af underholdning, men ogs\u00e5 l\u00e6rer. Tr\u00e6br\u00e6ttet bruger tre typer spejle og en linse til at vise verden lidt anderledes, end vi ser den med det blotte \u00f8je. B\u00f8rn kan se et buet billede reflekteret i et konkavt spejl, en lidt anderledes version i et [&hellip;]<\/p>\n","protected":false},"featured_media":0,"comment_status":"open","ping_status":"closed","template":"","meta":[],"product_brand":[],"product_cat":[31],"product_tag":[],"class_list":{"0":"post-26508","1":"product","2":"type-product","3":"status-publish","5":"product_cat-uncategorized-da","7":"first","8":"instock","9":"shipping-taxable","10":"purchasable","11":"product-type-simple"},"_links":{"self":[{"href":"https:\/\/nordicmart.andreevmaster.com\/da\/wp-json\/wp\/v2\/product\/26508","targetHints":{"allow":["GET"]}}],"collection":[{"href":"https:\/\/nordicmart.andreevmaster.com\/da\/wp-json\/wp\/v2\/product"}],"about":[{"href":"https:\/\/nordicmart.andreevmaster.com\/da\/wp-json\/wp\/v2\/types\/product"}],"replies":[{"embeddable":true,"href":"https:\/\/nordicmart.andreevmaster.com\/da\/wp-json\/wp\/v2\/comments?post=26508"}],"wp:attachment":[{"href":"https:\/\/nordicmart.andreevmaster.com\/da\/wp-json\/wp\/v2\/media?parent=26508"}],"wp:term":[{"taxonomy":"product_brand","embeddable":true,"href":"https:\/\/nordicmart.andreevmaster.com\/da\/wp-json\/wp\/v2\/product_brand?post=26508"},{"taxonomy":"product_cat","embeddable":true,"href":"https:\/\/nordicmart.andreevmaster.com\/da\/wp-json\/wp\/v2\/product_cat?post=26508"},{"taxonomy":"product_tag","embeddable":true,"href":"https:\/\/nordicmart.andreevmaster.com\/da\/wp-json\/wp\/v2\/product_tag?post=26508"}],"curies":[{"name":"wp","href":"https:\/\/api.w.org\/{rel}","templated":true}]}}