{"id":26507,"date":"2026-02-27T00:32:52","date_gmt":"2026-02-27T00:32:52","guid":{"rendered":"https:\/\/nordicmart.andreevmaster.com\/product\/masterkidz-paedagogisk-traebraet-til-at-taelle-pa-fingrene\/"},"modified":"2026-02-27T09:12:19","modified_gmt":"2026-02-27T09:12:19","slug":"masterkidz-paedagogisk-traebraet-til-at-taelle-pa-fingrene","status":"publish","type":"product","link":"https:\/\/nordicmart.andreevmaster.com\/da\/vare\/masterkidz-paedagogisk-traebraet-til-at-taelle-pa-fingrene\/","title":{"rendered":"MASTERKIDZ P\u00e6dagogisk tr\u00e6br\u00e6t til at t\u00e6lle p\u00e5 fingrene"},"content":{"rendered":"<p>MASTERKIDZ tr\u00e6plade til at t\u00e6lle p\u00e5 fingrene er en fantastisk hj\u00e6lp til de sm\u00e5, der lige er begyndt p\u00e5 deres matematiske eventyr. De farverige h\u00e6nder p\u00e5 pladen er tydeligt m\u00e6rket med navnene p\u00e5 fingrene og siderne: h\u00f8jre og venstre. Hver finger har ogs\u00e5 et nummer, s\u00e5 n\u00e5r barnet f\u00f8rst har forst\u00e5et princippet, kan det anvende sin viden til at t\u00e6lle p\u00e5 sine egne fingre. At l\u00e6re at t\u00e6lle beh\u00f8ver ikke at v\u00e6re sv\u00e6rt eller kompliceret! Takket v\u00e6re dette vidunderlige p\u00e6dagogiske br\u00e6t til b\u00f8rn l\u00e6rer de at t\u00e6lle p\u00e5 fingrene uden problemer. Leget\u00f8jet best\u00e5r af to farverige h\u00e6nder placeret p\u00e5 et tr\u00e6br\u00e6t. H\u00e6nderne er m\u00e6rket med siderne: h\u00f8jre og venstre. Fingrene er ogs\u00e5 m\u00e6rket \u2013 b\u00e5de med navnene p\u00e5 fingrene og med tal, der kan tildeles dem, n\u00e5r man t\u00e6ller p\u00e5 fingrene.Den viden, b\u00f8rnene f\u00e5r ved at lege med Masterkidz-l\u00e6ringstavlen, kan de bruge i deres videre matematikundervisning. De vil bruge t\u00e6lling p\u00e5 fingrene i begyndelsen af deres eventyr med tal og senere til at forbedre deres matematiske f\u00e6rdigheder. Leget\u00f8jet er lavet af tr\u00e6. Ved at v\u00e6lge Masterkidz-tr\u00e6leget\u00f8j passer du p\u00e5 milj\u00f8et og reducerer plastikaffald.<\/p>\n<p>Egenskaber:<\/p>\n<p>&#8211; til b\u00f8rn fra 3 \u00e5r<\/p>\n<p>&#8211; lavet af tr\u00e6<\/p>\n<p>&#8211; hj\u00e6lper b\u00f8rn med at l\u00e6re at t\u00e6lle p\u00e5 fingrene<\/p>\n<p>&#8211; br\u00e6ttet best\u00e5r af to farverige h\u00e6nder med passende beskrivelser<\/p>\n","protected":false},"excerpt":{"rendered":"<p>MASTERKIDZ tr\u00e6plade til at t\u00e6lle p\u00e5 fingrene er en fantastisk hj\u00e6lp til de sm\u00e5, der lige er begyndt p\u00e5 deres matematiske eventyr. De farverige h\u00e6nder p\u00e5 pladen er tydeligt m\u00e6rket med navnene p\u00e5 fingrene og siderne: h\u00f8jre og venstre. Hver finger har ogs\u00e5 et nummer, s\u00e5 n\u00e5r barnet f\u00f8rst har forst\u00e5et princippet, kan det anvende [&hellip;]<\/p>\n","protected":false},"featured_media":0,"comment_status":"open","ping_status":"closed","template":"","meta":[],"product_brand":[],"product_cat":[31],"product_tag":[],"class_list":{"0":"post-26507","1":"product","2":"type-product","3":"status-publish","5":"product_cat-uncategorized-da","7":"first","8":"instock","9":"shipping-taxable","10":"purchasable","11":"product-type-simple"},"_links":{"self":[{"href":"https:\/\/nordicmart.andreevmaster.com\/da\/wp-json\/wp\/v2\/product\/26507","targetHints":{"allow":["GET"]}}],"collection":[{"href":"https:\/\/nordicmart.andreevmaster.com\/da\/wp-json\/wp\/v2\/product"}],"about":[{"href":"https:\/\/nordicmart.andreevmaster.com\/da\/wp-json\/wp\/v2\/types\/product"}],"replies":[{"embeddable":true,"href":"https:\/\/nordicmart.andreevmaster.com\/da\/wp-json\/wp\/v2\/comments?post=26507"}],"wp:attachment":[{"href":"https:\/\/nordicmart.andreevmaster.com\/da\/wp-json\/wp\/v2\/media?parent=26507"}],"wp:term":[{"taxonomy":"product_brand","embeddable":true,"href":"https:\/\/nordicmart.andreevmaster.com\/da\/wp-json\/wp\/v2\/product_brand?post=26507"},{"taxonomy":"product_cat","embeddable":true,"href":"https:\/\/nordicmart.andreevmaster.com\/da\/wp-json\/wp\/v2\/product_cat?post=26507"},{"taxonomy":"product_tag","embeddable":true,"href":"https:\/\/nordicmart.andreevmaster.com\/da\/wp-json\/wp\/v2\/product_tag?post=26507"}],"curies":[{"name":"wp","href":"https:\/\/api.w.org\/{rel}","templated":true}]}}