{"id":26506,"date":"2026-02-27T00:32:52","date_gmt":"2026-02-27T00:32:52","guid":{"rendered":"https:\/\/nordicmart.andreevmaster.com\/product\/masterkidz-tic-tac-toe-traespil-til-born-logisk-puslespil\/"},"modified":"2026-02-27T09:12:19","modified_gmt":"2026-02-27T09:12:19","slug":"masterkidz-tic-tac-toe-traespil-til-born-logisk-puslespil","status":"publish","type":"product","link":"https:\/\/nordicmart.andreevmaster.com\/da\/vare\/masterkidz-tic-tac-toe-traespil-til-born-logisk-puslespil\/","title":{"rendered":"MASTERKIDZ Tic-Tac-Toe Tr\u00e6spil til b\u00f8rn Logisk puslespil"},"content":{"rendered":"<p>Tic-tac-toe er en fantastisk m\u00e5de at udvikle logiske t\u00e6nkeevner og stimulere udviklingen af b\u00f8rns gr\u00e5 substans. Spillet er perfekt til s\u00f8skende, der kan lide at konkurrere og tilbringe tid sammen, men det er ogs\u00e5 et fantastisk leget\u00f8j til b\u00f8rnehaven. <\/p>\n<p>Leget\u00f8jet best\u00e5r af et tr\u00e6br\u00e6t opdelt i 3 r\u00e6kker og 3 kolonner. I alt er der 9 felter, hvor symboler kan placeres \u2013 den ene spiller bruger cirkler, og den anden bruger krydser. Hver spiller har ret til at placere et symbol og derefter give turen videre til sin modstander. Spillet forts\u00e6tter, indtil en af spillerne placerer 3 symboler p\u00e5 en linje \u2013 lodret, vandret eller diagonalt. Hvis der ikke er flere mulige tr\u00e6k, og ingen har placeret den kr\u00e6vede linje, ender spillet uafgjort.<\/p>\n<p>Leget\u00f8jet er lavet af tr\u00e6. Ved at v\u00e6lge Masterkidz tr\u00e6leget\u00f8j reducerer du plastikaffald og passer p\u00e5 milj\u00f8et.<\/p>\n","protected":false},"excerpt":{"rendered":"<p>Tic-tac-toe er en fantastisk m\u00e5de at udvikle logiske t\u00e6nkeevner og stimulere udviklingen af b\u00f8rns gr\u00e5 substans. Spillet er perfekt til s\u00f8skende, der kan lide at konkurrere og tilbringe tid sammen, men det er ogs\u00e5 et fantastisk leget\u00f8j til b\u00f8rnehaven. Leget\u00f8jet best\u00e5r af et tr\u00e6br\u00e6t opdelt i 3 r\u00e6kker og 3 kolonner. I alt er der [&hellip;]<\/p>\n","protected":false},"featured_media":0,"comment_status":"open","ping_status":"closed","template":"","meta":[],"product_brand":[],"product_cat":[31],"product_tag":[],"class_list":{"0":"post-26506","1":"product","2":"type-product","3":"status-publish","5":"product_cat-uncategorized-da","7":"first","8":"instock","9":"shipping-taxable","10":"purchasable","11":"product-type-simple"},"_links":{"self":[{"href":"https:\/\/nordicmart.andreevmaster.com\/da\/wp-json\/wp\/v2\/product\/26506","targetHints":{"allow":["GET"]}}],"collection":[{"href":"https:\/\/nordicmart.andreevmaster.com\/da\/wp-json\/wp\/v2\/product"}],"about":[{"href":"https:\/\/nordicmart.andreevmaster.com\/da\/wp-json\/wp\/v2\/types\/product"}],"replies":[{"embeddable":true,"href":"https:\/\/nordicmart.andreevmaster.com\/da\/wp-json\/wp\/v2\/comments?post=26506"}],"wp:attachment":[{"href":"https:\/\/nordicmart.andreevmaster.com\/da\/wp-json\/wp\/v2\/media?parent=26506"}],"wp:term":[{"taxonomy":"product_brand","embeddable":true,"href":"https:\/\/nordicmart.andreevmaster.com\/da\/wp-json\/wp\/v2\/product_brand?post=26506"},{"taxonomy":"product_cat","embeddable":true,"href":"https:\/\/nordicmart.andreevmaster.com\/da\/wp-json\/wp\/v2\/product_cat?post=26506"},{"taxonomy":"product_tag","embeddable":true,"href":"https:\/\/nordicmart.andreevmaster.com\/da\/wp-json\/wp\/v2\/product_tag?post=26506"}],"curies":[{"name":"wp","href":"https:\/\/api.w.org\/{rel}","templated":true}]}}