{"id":26505,"date":"2026-02-27T00:32:52","date_gmt":"2026-02-27T00:32:52","guid":{"rendered":"https:\/\/nordicmart.andreevmaster.com\/product\/masterkidz-little-stylist-beauty-studio-set-med-taske\/"},"modified":"2026-02-27T09:12:19","modified_gmt":"2026-02-27T09:12:19","slug":"masterkidz-little-stylist-beauty-studio-set-med-taske","status":"publish","type":"product","link":"https:\/\/nordicmart.andreevmaster.com\/da\/vare\/masterkidz-little-stylist-beauty-studio-set-med-taske\/","title":{"rendered":"MASTERKIDZ Little Stylist Beauty Studio Set med taske"},"content":{"rendered":"<p>Et charmerende s\u00e6t tr\u00e6rekvisitter, der giver piger mulighed for at lege, at de styler h\u00e5r og negle og maler ansigter. De kan tage deres kosmetik med sig overalt takket v\u00e6re den medf\u00f8lgende stofpose. <\/p>\n<p>### Egenskaber: <\/p>\n<p>* &#8211; Alle b\u00f8rn elsker at efterligne voksne. Derfor elsker de sm\u00e5 leget\u00f8j, der giver dem mulighed for netop det. Et s\u00e5dant leget\u00f8j er Masterkidz-s\u00e6ttet med kosmetik og stylingtilbeh\u00f8r. De tr\u00e6rekvisitter er meget realistiske og giver dit barn mulighed for at f\u00f8le sig som en rigtig stylist.<br \/>\n* &#8211; S\u00e6ttet indeholder mange interessante ting, der er uundv\u00e6rlige i den daglige styling: neglelak, l\u00e6bestift, en h\u00e5rt\u00f8rrer, en h\u00e5rb\u00f8rste, en \u00f8jenskyggepalet og pensel, et spejl, en b\u00f8rste og endda en mobiltelefon. Det er et s\u00e6t, som man finder i enhver kvindes h\u00e5ndtaske eller kosmetikpung!<br \/>\n* &#8211; Leget\u00f8jet er lavet af tr\u00e6. N\u00e5r du v\u00e6lger Masterkidz tr\u00e6leget\u00f8j, passer du p\u00e5 milj\u00f8et og reducerer plastikaffaldet.<\/p>\n<p>Masterkidz leget\u00f8j er h\u00f8jkvalitets, holdbart og sikkert tr\u00e6leget\u00f8j til l\u00e6ring. Designet og tilpasset til forskellige stadier af barnets udvikling. Kreativ, eventyrlig og l\u00e6rerig leg er de st\u00f8rste fordele ved dette brands leget\u00f8j. Uvurderlig st\u00f8tte til Montessori-metoden. Det bedste valg til dit hjem, b\u00f8rnehave, hotel eller restaurant. Skab det perfekte legehj\u00f8rne eller en stor p\u00e6dagogisk v\u00e6g. Tilbuddet omfatter v\u00e6gmonterede og mobile tavler, oplyste borde og paneler til leg med maling. Tema-p\u00e6dagogiske moduler og meget mere. Et utroligt stort udvalg af tilbeh\u00f8r og uendelige muligheder for kreativ leg.<\/p>\n","protected":false},"excerpt":{"rendered":"<p>Et charmerende s\u00e6t tr\u00e6rekvisitter, der giver piger mulighed for at lege, at de styler h\u00e5r og negle og maler ansigter. De kan tage deres kosmetik med sig overalt takket v\u00e6re den medf\u00f8lgende stofpose. ### Egenskaber: * &#8211; Alle b\u00f8rn elsker at efterligne voksne. Derfor elsker de sm\u00e5 leget\u00f8j, der giver dem mulighed for netop det. [&hellip;]<\/p>\n","protected":false},"featured_media":0,"comment_status":"open","ping_status":"closed","template":"","meta":[],"product_brand":[],"product_cat":[31],"product_tag":[],"class_list":{"0":"post-26505","1":"product","2":"type-product","3":"status-publish","5":"product_cat-uncategorized-da","7":"first","8":"instock","9":"shipping-taxable","10":"purchasable","11":"product-type-simple"},"_links":{"self":[{"href":"https:\/\/nordicmart.andreevmaster.com\/da\/wp-json\/wp\/v2\/product\/26505","targetHints":{"allow":["GET"]}}],"collection":[{"href":"https:\/\/nordicmart.andreevmaster.com\/da\/wp-json\/wp\/v2\/product"}],"about":[{"href":"https:\/\/nordicmart.andreevmaster.com\/da\/wp-json\/wp\/v2\/types\/product"}],"replies":[{"embeddable":true,"href":"https:\/\/nordicmart.andreevmaster.com\/da\/wp-json\/wp\/v2\/comments?post=26505"}],"wp:attachment":[{"href":"https:\/\/nordicmart.andreevmaster.com\/da\/wp-json\/wp\/v2\/media?parent=26505"}],"wp:term":[{"taxonomy":"product_brand","embeddable":true,"href":"https:\/\/nordicmart.andreevmaster.com\/da\/wp-json\/wp\/v2\/product_brand?post=26505"},{"taxonomy":"product_cat","embeddable":true,"href":"https:\/\/nordicmart.andreevmaster.com\/da\/wp-json\/wp\/v2\/product_cat?post=26505"},{"taxonomy":"product_tag","embeddable":true,"href":"https:\/\/nordicmart.andreevmaster.com\/da\/wp-json\/wp\/v2\/product_tag?post=26505"}],"curies":[{"name":"wp","href":"https:\/\/api.w.org\/{rel}","templated":true}]}}