{"id":26504,"date":"2026-02-27T00:32:51","date_gmt":"2026-02-27T00:32:51","guid":{"rendered":"https:\/\/nordicmart.andreevmaster.com\/product\/masterkidz-mini-brandstation-i-trae\/"},"modified":"2026-02-27T09:12:19","modified_gmt":"2026-02-27T09:12:19","slug":"masterkidz-mini-brandstation-i-trae","status":"publish","type":"product","link":"https:\/\/nordicmart.andreevmaster.com\/da\/vare\/masterkidz-mini-brandstation-i-trae\/","title":{"rendered":"MASTERKIDZ Mini brandstation i tr\u00e6"},"content":{"rendered":"<p>Brandstation med tilbeh\u00f8r til leg med brandm\u00e6nd. S\u00e6ttet indeholder 2 brandmandsfigurer, en brandbil og elementer som flammer, kegler og en brandslukker. Leg kan v\u00e6re flerdimensionel, og der er masser af scener at udspille. Den eneste gr\u00e6nse er din fantasi!<\/p>\n<p>Egenskaber:<\/p>\n<p>* \u2714\ufe0f S\u00e6ttet indeholder en brandstation med rutsjebane, garage og et sted, hvor brandm\u00e6ndene kan hvile sig<br \/>\n* \u2714\ufe0f Indeholder 2 brandmandsfigurer, en brandbil, flammer, kegler og en brandslukker<br \/>\n* \u2714\ufe0f Alle elementer er lavet af tr\u00e6 af h\u00f8j kvalitet<\/p>\n<p>Leget\u00f8jet udvikler:<\/p>\n<p>* \u2b50 Fantasi<br \/>\n* \u2b50 Kreativitet<br \/>\n* \u2b50 Sociale f\u00e6rdigheder<\/p>\n","protected":false},"excerpt":{"rendered":"<p>Brandstation med tilbeh\u00f8r til leg med brandm\u00e6nd. S\u00e6ttet indeholder 2 brandmandsfigurer, en brandbil og elementer som flammer, kegler og en brandslukker. Leg kan v\u00e6re flerdimensionel, og der er masser af scener at udspille. Den eneste gr\u00e6nse er din fantasi! Egenskaber: * \u2714\ufe0f S\u00e6ttet indeholder en brandstation med rutsjebane, garage og et sted, hvor brandm\u00e6ndene kan [&hellip;]<\/p>\n","protected":false},"featured_media":0,"comment_status":"open","ping_status":"closed","template":"","meta":[],"product_brand":[],"product_cat":[31],"product_tag":[],"class_list":{"0":"post-26504","1":"product","2":"type-product","3":"status-publish","5":"product_cat-uncategorized-da","7":"first","8":"instock","9":"shipping-taxable","10":"purchasable","11":"product-type-simple"},"_links":{"self":[{"href":"https:\/\/nordicmart.andreevmaster.com\/da\/wp-json\/wp\/v2\/product\/26504","targetHints":{"allow":["GET"]}}],"collection":[{"href":"https:\/\/nordicmart.andreevmaster.com\/da\/wp-json\/wp\/v2\/product"}],"about":[{"href":"https:\/\/nordicmart.andreevmaster.com\/da\/wp-json\/wp\/v2\/types\/product"}],"replies":[{"embeddable":true,"href":"https:\/\/nordicmart.andreevmaster.com\/da\/wp-json\/wp\/v2\/comments?post=26504"}],"wp:attachment":[{"href":"https:\/\/nordicmart.andreevmaster.com\/da\/wp-json\/wp\/v2\/media?parent=26504"}],"wp:term":[{"taxonomy":"product_brand","embeddable":true,"href":"https:\/\/nordicmart.andreevmaster.com\/da\/wp-json\/wp\/v2\/product_brand?post=26504"},{"taxonomy":"product_cat","embeddable":true,"href":"https:\/\/nordicmart.andreevmaster.com\/da\/wp-json\/wp\/v2\/product_cat?post=26504"},{"taxonomy":"product_tag","embeddable":true,"href":"https:\/\/nordicmart.andreevmaster.com\/da\/wp-json\/wp\/v2\/product_tag?post=26504"}],"curies":[{"name":"wp","href":"https:\/\/api.w.org\/{rel}","templated":true}]}}