{"id":26503,"date":"2026-02-27T00:32:51","date_gmt":"2026-02-27T00:32:51","guid":{"rendered":"https:\/\/nordicmart.andreevmaster.com\/product\/masterkidz-traeformssorterer-farverige-montessori-frugter\/"},"modified":"2026-02-27T09:12:18","modified_gmt":"2026-02-27T09:12:18","slug":"masterkidz-traeformssorterer-farverige-montessori-frugter","status":"publish","type":"product","link":"https:\/\/nordicmart.andreevmaster.com\/da\/vare\/masterkidz-traeformssorterer-farverige-montessori-frugter\/","title":{"rendered":"MASTERKIDZ Tr\u00e6formssorterer Farverige Montessori-frugter"},"content":{"rendered":"<p>Et tr\u00e6leget\u00f8j til b\u00f8rn fra MASTERKIDZ, der hj\u00e6lper sm\u00e5b\u00f8rn med at l\u00e6re om forskellige sunde frugter. Den \u00e5benlyse funktion af formsortereren er at udvikle logisk t\u00e6nkning og finmotorik hos sm\u00e5 b\u00f8rn, dvs. koordinationen af deres sm\u00e5 h\u00e6nder. Takket v\u00e6re de farverige frugter kan tr\u00e6klodserne ogs\u00e5 bruges til at l\u00e6re farver. Masterkidz Colorful Fruit Shape Sorter er et fantastisk tr\u00e6leget\u00f8j til b\u00f8rn, der har mange anvendelsesmuligheder. Dette leget\u00f8j er ikke kun godt til at underholde dit barn. Takket v\u00e6re tr\u00e6klodserne i form af farverige frugter kan dit barn l\u00e6re deres navne og blive opmuntret til at spise dem. En anden funktion af leget\u00f8jet er at udvikle logiske t\u00e6nkeevner. Barnet skal matche frugterne med de passende huller i tr\u00e6br\u00e6ttet, hvilket kr\u00e6ver, at de fokuserer og analyserer formerne. N\u00e5r de har fundet den form, der passer til det rigtige hul, er barnets opgave at placere den i hullet, hvilket kr\u00e6ver h\u00e5nd-\u00f8je-koordination. Leget\u00f8jet er udelukkende lavet af tr\u00e6. Ved at k\u00f8be Masterkidz tr\u00e6leget\u00f8j passer du p\u00e5 milj\u00f8et og reducerer plastikaffald.<\/p>\n<p>Egenskaber:<\/p>\n<p>* &#8211; til b\u00f8rn fra 2 \u00e5r<br \/>\n* &#8211; udvikler logiske t\u00e6nkeevner<br \/>\n* &#8211; lavet af tr\u00e6<br \/>\n* &#8211; l\u00e6rer former og farver<br \/>\n* &#8211; forbedrer h\u00e5nd-\u00f8je-koordinationen<\/p>\n","protected":false},"excerpt":{"rendered":"<p>Et tr\u00e6leget\u00f8j til b\u00f8rn fra MASTERKIDZ, der hj\u00e6lper sm\u00e5b\u00f8rn med at l\u00e6re om forskellige sunde frugter. Den \u00e5benlyse funktion af formsortereren er at udvikle logisk t\u00e6nkning og finmotorik hos sm\u00e5 b\u00f8rn, dvs. koordinationen af deres sm\u00e5 h\u00e6nder. Takket v\u00e6re de farverige frugter kan tr\u00e6klodserne ogs\u00e5 bruges til at l\u00e6re farver. Masterkidz Colorful Fruit Shape Sorter [&hellip;]<\/p>\n","protected":false},"featured_media":0,"comment_status":"open","ping_status":"closed","template":"","meta":[],"product_brand":[],"product_cat":[31],"product_tag":[],"class_list":{"0":"post-26503","1":"product","2":"type-product","3":"status-publish","5":"product_cat-uncategorized-da","7":"first","8":"instock","9":"shipping-taxable","10":"purchasable","11":"product-type-simple"},"_links":{"self":[{"href":"https:\/\/nordicmart.andreevmaster.com\/da\/wp-json\/wp\/v2\/product\/26503","targetHints":{"allow":["GET"]}}],"collection":[{"href":"https:\/\/nordicmart.andreevmaster.com\/da\/wp-json\/wp\/v2\/product"}],"about":[{"href":"https:\/\/nordicmart.andreevmaster.com\/da\/wp-json\/wp\/v2\/types\/product"}],"replies":[{"embeddable":true,"href":"https:\/\/nordicmart.andreevmaster.com\/da\/wp-json\/wp\/v2\/comments?post=26503"}],"wp:attachment":[{"href":"https:\/\/nordicmart.andreevmaster.com\/da\/wp-json\/wp\/v2\/media?parent=26503"}],"wp:term":[{"taxonomy":"product_brand","embeddable":true,"href":"https:\/\/nordicmart.andreevmaster.com\/da\/wp-json\/wp\/v2\/product_brand?post=26503"},{"taxonomy":"product_cat","embeddable":true,"href":"https:\/\/nordicmart.andreevmaster.com\/da\/wp-json\/wp\/v2\/product_cat?post=26503"},{"taxonomy":"product_tag","embeddable":true,"href":"https:\/\/nordicmart.andreevmaster.com\/da\/wp-json\/wp\/v2\/product_tag?post=26503"}],"curies":[{"name":"wp","href":"https:\/\/api.w.org\/{rel}","templated":true}]}}