{"id":26496,"date":"2026-02-27T00:32:49","date_gmt":"2026-02-27T00:32:49","guid":{"rendered":"https:\/\/nordicmart.andreevmaster.com\/product\/masterkidz-sensorisk-led-panelkasse-montessori-mosaikblokke-140-stk\/"},"modified":"2026-02-27T09:12:17","modified_gmt":"2026-02-27T09:12:17","slug":"masterkidz-sensorisk-led-panelkasse-montessori-mosaikblokke-140-stk","status":"publish","type":"product","link":"https:\/\/nordicmart.andreevmaster.com\/da\/vare\/masterkidz-sensorisk-led-panelkasse-montessori-mosaikblokke-140-stk\/","title":{"rendered":"MASTERKIDZ Sensorisk LED-panelkasse + Montessori-mosaikblokke 140 stk."},"content":{"rendered":"<p>Masterkidz Sensory LED Box Panel er en robust tr\u00e6kasse med hvid LED-belysning, designet af det kendte m\u00e6rke Masterkidz. Den giver mulighed for en r\u00e6kke aktiviteter, der underst\u00f8tter udviklingen af kreativitet, s\u00e5som at blande farver eller l\u00e6re gennem STEM-systemet. Der opn\u00e5s imponerende resultater, n\u00e5r lyset passerer gennem forskellige materialer \u2013 blade, papir, en bakke med sand eller klart vand. Panelet fungerer perfekt sammen med de gennemsigtige, farvede geometriske former, der f\u00f8lger med i s\u00e6ttet, og som underst\u00f8tter udviklingen af kreativitet og fantasi under legen. <\/p>\n<p>Egenskaber: <\/p>\n<p>* &#8211; Kasse lavet af europ\u00e6isk b\u00f8getr\u00e6 og russisk birkekrydsfiner<br \/>\n* &#8211; Kabell\u00e6ngde: 1,5 m<br \/>\n* &#8211; Designet til forskellige sensoriske og p\u00e6dagogiske aktiviteter<br \/>\n* &#8211; Skaber attraktive lyseffekter med forskellige materialer<br \/>\n* &#8211; Fungerer perfekt sammen med Masterkidz-tilbeh\u00f8r<br \/>\n* &#8211; H\u00f8j kvalitet sikrer holdbarhed og sikkerhed<br \/>\n* &#8211; Produktet er IKKE vandt\u00e6t<\/p>\n<p>Leget\u00f8jet udvikler:<\/p>\n<p>* &#8211; Kreativitet<br \/>\n* &#8211; Fantasi<br \/>\n* &#8211; Motoriske f\u00e6rdigheder<br \/>\n* &#8211; Sensoriske f\u00e6rdigheder<\/p>\n<p>S\u00e6ttet indeholder:<\/p>\n<p>* &#8211; Tr\u00e6kasse med LED-panel<br \/>\n* &#8211; S\u00e6t med farverige Montessori Tangram Mosaic-klodser, 140 stk.<\/p>\n<p>S\u00e6tets komponenter:<\/p>\n<p>* &#8211; ME04062<br \/>\n* &#8211; ME30368<\/p>\n<p>Komponenter, der er kompatible med LED-br\u00e6ttet:<\/p>\n<p>* &#8211; Bl\u00f8de farverige bogstaver og tal &#8211; ME15945<br \/>\n* &#8211; Farverige bogstaver &#8211; ME07308<br \/>\n* &#8211; Store farverige geometriske former &#8211; ME08602<br \/>\n* &#8211; Farverige sm\u00e5sten &#8211; ME30375<br \/>\n* &#8211; Farverige geometriske former mosaik &#8211; ME30368<br \/>\n* &#8211; Akryl vandlegebakke &#8211; ME12395<br \/>\n* &#8211; Akryl malingsbakke &#8211; ME12401<br \/>\n* &#8211; Tr\u00e6 sandlegebakke &#8211; ME07216<br \/>\n* &#8211; Ramme til montering af STEM-tavlepaneler &#8211; ME14801<\/p>\n<p>&#8211; Bl\u00f8de farverige bogstaver og tal &#8211; ME15945<\/p>\n<p>&#8211; Farverige bogstaver &#8211; ME07308<\/p>\n<p>&#8211; Store farverige geometriske former &#8211; ME08602<\/p>\n<p>&#8211; Farverige sm\u00e5sten &#8211; ME30375<\/p>\n<p>&#8211; Farverig geometrisk form mosaik &#8211; ME30368<\/p>\n<p>&#8211; Akryl vandlegebakke &#8211; ME12395<\/p>\n<p>&#8211; Akryl malingbakke &#8211; ME12401<\/p>\n<p>&#8211; Tr\u00e6 sandlege ramme &#8211; ME07216<\/p>\n<p>&#8211; Ramme til montering af STEM-br\u00e6tpaneler &#8211; ME14801<\/p>\n","protected":false},"excerpt":{"rendered":"<p>Masterkidz Sensory LED Box Panel er en robust tr\u00e6kasse med hvid LED-belysning, designet af det kendte m\u00e6rke Masterkidz. Den giver mulighed for en r\u00e6kke aktiviteter, der underst\u00f8tter udviklingen af kreativitet, s\u00e5som at blande farver eller l\u00e6re gennem STEM-systemet. Der opn\u00e5s imponerende resultater, n\u00e5r lyset passerer gennem forskellige materialer \u2013 blade, papir, en bakke med sand [&hellip;]<\/p>\n","protected":false},"featured_media":0,"comment_status":"open","ping_status":"closed","template":"","meta":[],"product_brand":[],"product_cat":[31],"product_tag":[],"class_list":{"0":"post-26496","1":"product","2":"type-product","3":"status-publish","5":"product_cat-uncategorized-da","7":"first","8":"instock","9":"shipping-taxable","10":"purchasable","11":"product-type-simple"},"_links":{"self":[{"href":"https:\/\/nordicmart.andreevmaster.com\/da\/wp-json\/wp\/v2\/product\/26496","targetHints":{"allow":["GET"]}}],"collection":[{"href":"https:\/\/nordicmart.andreevmaster.com\/da\/wp-json\/wp\/v2\/product"}],"about":[{"href":"https:\/\/nordicmart.andreevmaster.com\/da\/wp-json\/wp\/v2\/types\/product"}],"replies":[{"embeddable":true,"href":"https:\/\/nordicmart.andreevmaster.com\/da\/wp-json\/wp\/v2\/comments?post=26496"}],"wp:attachment":[{"href":"https:\/\/nordicmart.andreevmaster.com\/da\/wp-json\/wp\/v2\/media?parent=26496"}],"wp:term":[{"taxonomy":"product_brand","embeddable":true,"href":"https:\/\/nordicmart.andreevmaster.com\/da\/wp-json\/wp\/v2\/product_brand?post=26496"},{"taxonomy":"product_cat","embeddable":true,"href":"https:\/\/nordicmart.andreevmaster.com\/da\/wp-json\/wp\/v2\/product_cat?post=26496"},{"taxonomy":"product_tag","embeddable":true,"href":"https:\/\/nordicmart.andreevmaster.com\/da\/wp-json\/wp\/v2\/product_tag?post=26496"}],"curies":[{"name":"wp","href":"https:\/\/api.w.org\/{rel}","templated":true}]}}