{"id":26495,"date":"2026-02-27T00:32:49","date_gmt":"2026-02-27T00:32:49","guid":{"rendered":"https:\/\/nordicmart.andreevmaster.com\/product\/masterkidz-5-i-1-togbraetsaet-sensorisk-motorisk-braet-laering-af-sanser-og-folelser\/"},"modified":"2026-02-27T09:12:17","modified_gmt":"2026-02-27T09:12:17","slug":"masterkidz-5-i-1-togbraetsaet-sensorisk-motorisk-braet-laering-af-sanser-og-folelser","status":"publish","type":"product","link":"https:\/\/nordicmart.andreevmaster.com\/da\/vare\/masterkidz-5-i-1-togbraetsaet-sensorisk-motorisk-braet-laering-af-sanser-og-folelser\/","title":{"rendered":"MASTERKIDZ 5-i-1 togbr\u00e6ts\u00e6t Sensorisk motorisk br\u00e6t L\u00e6ring af sanser og f\u00f8lelser"},"content":{"rendered":"<p>Masterkidz Flex-v\u00e6gmonteringssystemet er en innovativ l\u00f8sning, der g\u00f8r det nemt og hurtigt at udskifte tavler uden brug af v\u00e6rkt\u00f8j. Takket v\u00e6re dette system kan du glemme alt om problemer med beskadigede v\u00e6gge efter boring og kedsomhed forbundet med tavler, der ikke \u00e6ndres i \u00e5revis. Masterkidz Flex giver dig mulighed for frit at tilpasse undervisningsmaterialer til b\u00f8rns aktuelle behov og interesser. Systemet er designet i form af et lokomotiv med vogne. Systemet har 5 rammer til tavler. Det tager mindre end et minut at fjerne en og inds\u00e6tte en anden. L\u00e6rerne kan frit udveksle hj\u00e6lpemidler mellem klasserne og f.eks. v\u00e6lge leget\u00f8j fra andre l\u00e6ringskategorier. <\/p>\n<p>Egenskaber:<\/p>\n<p>* &#8211; System udstyret med 5 rammer til tavler<br \/>\n* &#8211; Hurtig montering og demontering \u2013 det tager mindre end et minut at udskifte en tavle<br \/>\n* &#8211; Muligg\u00f8r fri sammens\u00e6tning af hj\u00e6lpemidler: sensoriske, fingerf\u00e6rdighed, matematiske og andre<br \/>\n* &#8211; Intet v\u00e6rkt\u00f8j kr\u00e6ves<br \/>\n* &#8211; Togformet design \u2013 attraktivt udseende og dekorativ funktion<br \/>\n* &#8211; Fremstillet af massivt tr\u00e6<\/p>\n<p>S\u00e6ttet indeholder:<\/p>\n<p>* &#8211; Togformet monteringssystem til undervisningsplader med vogne<br \/>\n* &#8211; Undervisningsplade til ledningsevneeksperimenter<br \/>\n* &#8211; Montessori-undervisningsplade til perle-labyrint<br \/>\n* &#8211; Montessori-undervisningsplade til f\u00f8lelsesl\u00e6ring og -h\u00e5ndtering<br \/>\n* &#8211; Montessori-undervisningsplade til f\u00f8lesansen<br \/>\n* &#8211; Fleksibel Montessori-undervisningsplade til l\u00e6ring af tal<\/p>\n<p>S\u00e6ttet indeholder:<\/p>\n<p>* &#8211; ME06486<br \/>\n* &#8211; ME15518<br \/>\n* &#8211; ME03690<br \/>\n* &#8211; ME15860<br \/>\n* &#8211; ME15792<br \/>\n* &#8211; ME09524<\/p>\n","protected":false},"excerpt":{"rendered":"<p>Masterkidz Flex-v\u00e6gmonteringssystemet er en innovativ l\u00f8sning, der g\u00f8r det nemt og hurtigt at udskifte tavler uden brug af v\u00e6rkt\u00f8j. Takket v\u00e6re dette system kan du glemme alt om problemer med beskadigede v\u00e6gge efter boring og kedsomhed forbundet med tavler, der ikke \u00e6ndres i \u00e5revis. Masterkidz Flex giver dig mulighed for frit at tilpasse undervisningsmaterialer til [&hellip;]<\/p>\n","protected":false},"featured_media":0,"comment_status":"open","ping_status":"closed","template":"","meta":[],"product_brand":[],"product_cat":[31],"product_tag":[],"class_list":{"0":"post-26495","1":"product","2":"type-product","3":"status-publish","5":"product_cat-uncategorized-da","7":"first","8":"instock","9":"shipping-taxable","10":"purchasable","11":"product-type-simple"},"_links":{"self":[{"href":"https:\/\/nordicmart.andreevmaster.com\/da\/wp-json\/wp\/v2\/product\/26495","targetHints":{"allow":["GET"]}}],"collection":[{"href":"https:\/\/nordicmart.andreevmaster.com\/da\/wp-json\/wp\/v2\/product"}],"about":[{"href":"https:\/\/nordicmart.andreevmaster.com\/da\/wp-json\/wp\/v2\/types\/product"}],"replies":[{"embeddable":true,"href":"https:\/\/nordicmart.andreevmaster.com\/da\/wp-json\/wp\/v2\/comments?post=26495"}],"wp:attachment":[{"href":"https:\/\/nordicmart.andreevmaster.com\/da\/wp-json\/wp\/v2\/media?parent=26495"}],"wp:term":[{"taxonomy":"product_brand","embeddable":true,"href":"https:\/\/nordicmart.andreevmaster.com\/da\/wp-json\/wp\/v2\/product_brand?post=26495"},{"taxonomy":"product_cat","embeddable":true,"href":"https:\/\/nordicmart.andreevmaster.com\/da\/wp-json\/wp\/v2\/product_cat?post=26495"},{"taxonomy":"product_tag","embeddable":true,"href":"https:\/\/nordicmart.andreevmaster.com\/da\/wp-json\/wp\/v2\/product_tag?post=26495"}],"curies":[{"name":"wp","href":"https:\/\/api.w.org\/{rel}","templated":true}]}}