{"id":26494,"date":"2026-02-27T00:32:48","date_gmt":"2026-02-27T00:32:48","guid":{"rendered":"https:\/\/nordicmart.andreevmaster.com\/product\/masterkidz-traefritstaende-xxl-udendors-tavle-vandbanesaet\/"},"modified":"2026-02-27T09:12:16","modified_gmt":"2026-02-27T09:12:16","slug":"masterkidz-traefritstaende-xxl-udendors-tavle-vandbanesaet","status":"publish","type":"product","link":"https:\/\/nordicmart.andreevmaster.com\/da\/vare\/masterkidz-traefritstaende-xxl-udendors-tavle-vandbanesaet\/","title":{"rendered":"MASTERKIDZ Tr\u00e6fritst\u00e5ende XXL udend\u00f8rs tavle + vandbanes\u00e6t"},"content":{"rendered":"<p>Det fritst\u00e5ende STEM-br\u00e6t er et innovativt undervisningsbr\u00e6t, der giver mulighed for kreativ leg og l\u00e6ring. B\u00f8rn kan bruge det til at skabe billeder, mosaikker, sekvenser, kuglebane, tandhjulsmekanismer og endda vandrutsjebaner. Takket v\u00e6re det dobbeltsidede design er det muligt at udf\u00f8re forskellige aktiviteter p\u00e5 begge sider af tavlen p\u00e5 samme tid, hvilket fremmer gruppesamarbejde. STEM-v\u00e6ggen, der er udstyret med et vandbanes\u00e6t og en pumpe, er en fantastisk m\u00e5de at opmuntre b\u00f8rn til at designe, bygge og l\u00f8se problemer udend\u00f8rs.<\/p>\n<p>HJUL MEDF\u00d8LGER IKKE<\/p>\n<p>Funktioner:<\/p>\n<p>* &#8211; Fritst\u00e5ende design for maksimal fleksibilitet \u2013 tavlen kan placeres hvor som helst og flyttes udend\u00f8rs<br \/>\n* &#8211; Dobbeltsidet overflade giver mulighed for samtidige p\u00e6dagogiske aktiviteter og arbejde i sm\u00e5 grupper, hvilket fremmer kommunikation<br \/>\n* &#8211; Overfladen er behandlet med UV-, fugt- og skimmelresistent lak<br \/>\n* &#8211; Kompatibel med alt STEM-br\u00e6t-tilbeh\u00f8r: tandhjul, hjul, remskiver, skruer, pinde og mere<\/p>\n<p>Br\u00e6ttet udvikler:<\/p>\n<p>* &#8211; Sociale f\u00e6rdigheder<br \/>\n* &#8211; Kreativitet<br \/>\n* &#8211; Fantasi<br \/>\n* &#8211; Finmotorik<\/p>\n<p>S\u00e6ttet indeholder:<\/p>\n<p>* &#8211; Fritst\u00e5ende STEM-br\u00e6t i tr\u00e6<br \/>\n* &#8211; 2 fleksible r\u00f8r, 120 cm<br \/>\n* &#8211; 6 h\u00e5rde r\u00f8r, 25 cm<br \/>\n* &#8211; 8 stive r\u00f8r, 10 cm<br \/>\n* &#8211; 16 forbindelsesstykker<br \/>\n* &#8211; 24 skruer<br \/>\n* &#8211; 12 ventiler<br \/>\n* &#8211; 5 farvede kugler<br \/>\n* &#8211; 2 kander<br \/>\n* &#8211; Tragt<br \/>\n* &#8211; Vandhane<br \/>\n* &#8211; H\u00e5ndvandspumpe<br \/>\n* &#8211; 4 monteringsskruer<br \/>\n* &#8211; 2 fleksible r\u00f8r 100 cm<br \/>\n* &#8211; 50 cm fleksibelt r\u00f8r<\/p>\n<p>S\u00e6tkomponenter:<\/p>\n<p>* &#8211; ME29348<br \/>\n* &#8211; ME14788<br \/>\n* &#8211; ME13149<\/p>\n<p>Komponenter, der er kompatible med tavlen (s\u00e6lges separat):<\/p>\n<p>* &#8211; Farvede pinde ME12746 ME14450 ME21113 ME21137 ME21120 ME21144<br \/>\n* &#8211; Farvede krystaller ME13989<br \/>\n* &#8211; Farvede snore til at forbinde med pinde ME14467<br \/>\n* &#8211; Farvede skruer ME20963 ME29911<br \/>\n* &#8211; Byggeklodser ME29027 ME29010 ME29089<br \/>\n* &#8211; Geometriske former ME14696 ME14702 ME14818 ME14825 ME31181<br \/>\n* &#8211; Tandhjul og k\u00e6der ME13460 ME24343 ME31204<br \/>\n* &#8211; Kugle- og vandbaner ME14788 ME14870 ME14665 ME15143 ME25043<br \/>\n* &#8211; Pumpes\u00e6t til bygning af r\u00f8rsystemer ME13149<br \/>\n* &#8211; Bogstav- og tals\u00e6t ME30412 ME30429<br \/>\n* &#8211; Beholdere og tilbeh\u00f8r ME12845 ME16560 ME14672<br \/>\n* &#8211; L\u00e5sbare hjul ME32539<\/p>\n","protected":false},"excerpt":{"rendered":"<p>Det fritst\u00e5ende STEM-br\u00e6t er et innovativt undervisningsbr\u00e6t, der giver mulighed for kreativ leg og l\u00e6ring. B\u00f8rn kan bruge det til at skabe billeder, mosaikker, sekvenser, kuglebane, tandhjulsmekanismer og endda vandrutsjebaner. Takket v\u00e6re det dobbeltsidede design er det muligt at udf\u00f8re forskellige aktiviteter p\u00e5 begge sider af tavlen p\u00e5 samme tid, hvilket fremmer gruppesamarbejde. STEM-v\u00e6ggen, der [&hellip;]<\/p>\n","protected":false},"featured_media":0,"comment_status":"open","ping_status":"closed","template":"","meta":[],"product_brand":[],"product_cat":[31],"product_tag":[],"class_list":{"0":"post-26494","1":"product","2":"type-product","3":"status-publish","5":"product_cat-uncategorized-da","7":"first","8":"instock","9":"shipping-taxable","10":"purchasable","11":"product-type-simple"},"_links":{"self":[{"href":"https:\/\/nordicmart.andreevmaster.com\/da\/wp-json\/wp\/v2\/product\/26494","targetHints":{"allow":["GET"]}}],"collection":[{"href":"https:\/\/nordicmart.andreevmaster.com\/da\/wp-json\/wp\/v2\/product"}],"about":[{"href":"https:\/\/nordicmart.andreevmaster.com\/da\/wp-json\/wp\/v2\/types\/product"}],"replies":[{"embeddable":true,"href":"https:\/\/nordicmart.andreevmaster.com\/da\/wp-json\/wp\/v2\/comments?post=26494"}],"wp:attachment":[{"href":"https:\/\/nordicmart.andreevmaster.com\/da\/wp-json\/wp\/v2\/media?parent=26494"}],"wp:term":[{"taxonomy":"product_brand","embeddable":true,"href":"https:\/\/nordicmart.andreevmaster.com\/da\/wp-json\/wp\/v2\/product_brand?post=26494"},{"taxonomy":"product_cat","embeddable":true,"href":"https:\/\/nordicmart.andreevmaster.com\/da\/wp-json\/wp\/v2\/product_cat?post=26494"},{"taxonomy":"product_tag","embeddable":true,"href":"https:\/\/nordicmart.andreevmaster.com\/da\/wp-json\/wp\/v2\/product_tag?post=26494"}],"curies":[{"name":"wp","href":"https:\/\/api.w.org\/{rel}","templated":true}]}}