{"id":26493,"date":"2026-02-27T00:32:48","date_gmt":"2026-02-27T00:32:48","guid":{"rendered":"https:\/\/nordicmart.andreevmaster.com\/product\/masterkidz-trae-stem-braet-fritstaende-xxl-husform-tilbehor\/"},"modified":"2026-02-27T09:12:16","modified_gmt":"2026-02-27T09:12:16","slug":"masterkidz-trae-stem-braet-fritstaende-xxl-husform-tilbehor","status":"publish","type":"product","link":"https:\/\/nordicmart.andreevmaster.com\/da\/vare\/masterkidz-trae-stem-braet-fritstaende-xxl-husform-tilbehor\/","title":{"rendered":"MASTERKIDZ Tr\u00e6-STEM-br\u00e6t, fritst\u00e5ende XXL-husform + tilbeh\u00f8r"},"content":{"rendered":"<p>Det fritst\u00e5ende STEM-br\u00e6t i form af et hus er en perfekt introduktion til STEM-verdenen. Et fantastisk p\u00e6dagogisk og videnskabeligt panel, der let kan flyttes rundt p\u00e5 hjul. Med dette bord l\u00e6rer dit barn om mekanismer, fysik, matematik og mange andre interessante ting. Specielle pinde og farverige elementer giver dit barn mulighed for at skabe unikke strukturer og fantastiske designs. Funktioner:<\/p>\n<p>* &#8211; Det fritst\u00e5ende STEM-br\u00e6t tilbyder maksimal fleksibilitet i brugen og kan placeres hvor som helst<br \/>\n* &#8211; Takket v\u00e6re de l\u00e5sbare hjul er det hurtigt og nemt at flytte br\u00e6ttet<br \/>\n* &#8211; STEM-br\u00e6ttet er dobbeltsidet, s\u00e5 du kan engagere b\u00f8rnene i forskellige p\u00e6dagogiske aktiviteter eller arbejde i sm\u00e5 grupper p\u00e5 samme tid<br \/>\n* &#8211; Overfladebehandlet med en lak, der giver fremragende modstandsdygtighed over for UV-str\u00e5ling, pletter og ridser<br \/>\n* &#8211; Kan bruges med alle STEM-elementer \u2013 tandhjul, hjul, remskiver, skruer, pinde osv.S\u00e6ttet indeholder:<\/p>\n<p>* &#8211; Tr\u00e6-STEM-br\u00e6t i form af et hus<br \/>\n* &#8211; 200 pinde til tr\u00e5dning<br \/>\n* &#8211; 30 tr\u00e5de til tr\u00e5dning (6 farver, 1 meter lange)<br \/>\n* &#8211; 64 geometriske pinde (4 former, 6 farver)<br \/>\n* &#8211; 72 diamantformede pinde (6 farver)<\/p>\n<p>Br\u00e6ttet udvikler:<\/p>\n<p>* &#8211; Sociale f\u00e6rdigheder<br \/>\n* &#8211; Kreativitet<br \/>\n* &#8211; Fantasi<br \/>\n* &#8211; Finmotorik<\/p>\n<p>S\u00e6tets komponenter:<\/p>\n<p>* &#8211; ME29324<br \/>\n* &#8211; ME14825<br \/>\n* &#8211; ME13989<br \/>\n* &#8211; ME14467<\/p>\n<p>Komponenter, der er kompatible med br\u00e6ttet (s\u00e6lges separat):<\/p>\n<p>* &#8211; Farvede pinde ME12746 ME14450 ME21113 ME21137 ME21120 ME21144<br \/>\n* &#8211; Farvede krystaller ME13989<br \/>\n* &#8211; Farvede snore til at forbinde med pinde ME14467<br \/>\n* &#8211; Farvede skruer ME20963 ME29911<br \/>\n* &#8211; Byggeklodser ME29027 ME29010 ME29089<br \/>\n* &#8211; Geometriske former ME14696 ME14702 ME14818 ME14825 ME31181<br \/>\n* &#8211; Tandhjul og k\u00e6der ME13460 ME24343 ME31204<br \/>\n* &#8211; Kugle- og vandbaner ME14788 ME14870 ME14665 ME15143 ME25043<br \/>\n* &#8211; Pumpes\u00e6t til bygning af r\u00f8rsystemer ME13149<br \/>\n* &#8211; Bogstav- og tals\u00e6t ME30412 ME30429<br \/>\n* &#8211; Beholdere og tilbeh\u00f8r ME12845 ME16560 ME14672<\/p>\n","protected":false},"excerpt":{"rendered":"<p>Det fritst\u00e5ende STEM-br\u00e6t i form af et hus er en perfekt introduktion til STEM-verdenen. Et fantastisk p\u00e6dagogisk og videnskabeligt panel, der let kan flyttes rundt p\u00e5 hjul. Med dette bord l\u00e6rer dit barn om mekanismer, fysik, matematik og mange andre interessante ting. Specielle pinde og farverige elementer giver dit barn mulighed for at skabe unikke [&hellip;]<\/p>\n","protected":false},"featured_media":0,"comment_status":"open","ping_status":"closed","template":"","meta":[],"product_brand":[],"product_cat":[31],"product_tag":[],"class_list":{"0":"post-26493","1":"product","2":"type-product","3":"status-publish","5":"product_cat-uncategorized-da","7":"first","8":"instock","9":"shipping-taxable","10":"purchasable","11":"product-type-simple"},"_links":{"self":[{"href":"https:\/\/nordicmart.andreevmaster.com\/da\/wp-json\/wp\/v2\/product\/26493","targetHints":{"allow":["GET"]}}],"collection":[{"href":"https:\/\/nordicmart.andreevmaster.com\/da\/wp-json\/wp\/v2\/product"}],"about":[{"href":"https:\/\/nordicmart.andreevmaster.com\/da\/wp-json\/wp\/v2\/types\/product"}],"replies":[{"embeddable":true,"href":"https:\/\/nordicmart.andreevmaster.com\/da\/wp-json\/wp\/v2\/comments?post=26493"}],"wp:attachment":[{"href":"https:\/\/nordicmart.andreevmaster.com\/da\/wp-json\/wp\/v2\/media?parent=26493"}],"wp:term":[{"taxonomy":"product_brand","embeddable":true,"href":"https:\/\/nordicmart.andreevmaster.com\/da\/wp-json\/wp\/v2\/product_brand?post=26493"},{"taxonomy":"product_cat","embeddable":true,"href":"https:\/\/nordicmart.andreevmaster.com\/da\/wp-json\/wp\/v2\/product_cat?post=26493"},{"taxonomy":"product_tag","embeddable":true,"href":"https:\/\/nordicmart.andreevmaster.com\/da\/wp-json\/wp\/v2\/product_tag?post=26493"}],"curies":[{"name":"wp","href":"https:\/\/api.w.org\/{rel}","templated":true}]}}