{"id":26491,"date":"2026-02-27T00:32:48","date_gmt":"2026-02-27T00:32:48","guid":{"rendered":"https:\/\/nordicmart.andreevmaster.com\/product\/masterkidz-trae-montessori-stem-vaerksted-med-vaerktoj-tilbehor\/"},"modified":"2026-02-27T09:12:16","modified_gmt":"2026-02-27T09:12:16","slug":"masterkidz-trae-montessori-stem-vaerksted-med-vaerktoj-tilbehor","status":"publish","type":"product","link":"https:\/\/nordicmart.andreevmaster.com\/da\/vare\/masterkidz-trae-montessori-stem-vaerksted-med-vaerktoj-tilbehor\/","title":{"rendered":"MASTERKIDZ Tr\u00e6 Montessori STEM-v\u00e6rksted med v\u00e6rkt\u00f8j + tilbeh\u00f8r"},"content":{"rendered":"<p>Det tr\u00e6baserede STEM-l\u00e6rev\u00e6rksted giver mulighed for kreativ leg og l\u00e6ring om videnskabens verden. Bordet har en plade med huller, hvor farverige og geometriske pinde, skruer og tandhjul kan inds\u00e6ttes for at skabe videnskabelige eksperimenter og smukke m\u00f8nstre. Bordpladens h\u00f8jde p\u00e5 42,5 cm er designet til b\u00f8rn fra 3 \u00e5r og opefter. B\u00f8rnene vil gerne skabe virkelige, fungerende logiske systemer ved hj\u00e6lp af realistiske v\u00e6rkt\u00f8jer. <\/p>\n<p>Funktioner: <\/p>\n<p>* &#8211; Kompatibel med alt STEM-bordtilbeh\u00f8r: tandhjul, hjul, remskiver, skruer, pinde og mere<br \/>\n* &#8211; Inkluderer et opbevaringsstativ til de medf\u00f8lgende v\u00e6rkt\u00f8jer<br \/>\n* &#8211; Arbejdsflade med huller, s\u00e5 du frit kan skabe dine egne designs, layouts og eksperimenter.* &#8211; Overfladebehandlet med en lak, der giver fremragende modstandsdygtighed over for UV-str\u00e5ling, pletter og ridser.<\/p>\n<p>S\u00e6ttet indeholder:<\/p>\n<p>* &#8211; Tr\u00e6-STEM-v\u00e6rksted<br \/>\n* &#8211; Hammer<br \/>\n* &#8211; H\u00e5ndsav<br \/>\n* &#8211; Flad skruen\u00f8gle<br \/>\n* &#8211; Tr\u00e6-\u00f8velsesbr\u00e6t<br \/>\n* &#8211; Skruetr\u00e6kker<br \/>\n* &#8211; Boremaskine<br \/>\n* &#8211; S\u00e6t med topn\u00f8gler.* &#8211; Tandhjul med krumtap. * &#8211; 4 store tandhjul med 16 t\u00e6nder. * &#8211; 8 tandhjul med 12 t\u00e6nder. * &#8211; 4 sm\u00e5 tandhjul med 6 t\u00e6nder. * &#8211; Lille remskive. * &#8211; Stor remskive. * &#8211; K\u00e6de med justerbar l\u00e6ngde. * &#8211; Rem til at skabe bev\u00e6gelige strukturer.* &#8211; 34 skruer i forskellige st\u00f8rrelser.<br \/>\n* &#8211; 20 m\u00f8trikker til skruer.<br \/>\n* &#8211; 2 skiver til tandhjul i forskellige st\u00f8rrelser.<br \/>\n* &#8211; Kuglebane-bygges\u00e6t best\u00e5ende af 35 elementer.<br \/>\n* &#8211; Farverig kugle<\/p>\n<p>S\u00e6tets komponenter:<\/p>\n<p>* &#8211; ME29584<br \/>\n* &#8211; ME31136<\/p>\n<p>Leget\u00f8jet udvikler:<\/p>\n<p>* &#8211; Manuelle f\u00e6rdigheder<br \/>\n* &#8211; Kreativitet<br \/>\n* &#8211; Fantasi<br \/>\n* &#8211; Finmotorik<\/p>\n<p>Komponenter, der er kompatible med v\u00e6rkstedet (s\u00e6lges separat):<\/p>\n<p>* &#8211; Farverige pinde ME12746 ME14450 ME21113 ME21137 ME21120 ME21144<br \/>\n* &#8211; Farverige krystaller ME13989<br \/>\n* &#8211; Farvede snore til at forbinde med pinde ME14467<br \/>\n* &#8211; Farvede skruer ME20963 ME29911<br \/>\n* &#8211; Geometriske former ME14696 ME14702 ME14818 ME14825 ME31181<br \/>\n* &#8211; Tandhjul og k\u00e6der ME13460 ME24343 ME31204<br \/>\n* &#8211; S\u00e6t med bogstaver og tal ME30412 ME30429<br \/>\n* &#8211; Beholdere og tilbeh\u00f8r ME12845 ME16560 ME14672<\/p>\n<p>&#8211; Farvede pinde ME12746 ME14450 ME21113 ME21137 ME21120 ME21144<\/p>\n<p>&#8211; Farvede krystaller ME13989<\/p>\n<p>&#8211; Farvede snore til at forbinde med pinde ME14467<\/p>\n<p>&#8211; Farvede skruer ME20963 ME29911<\/p>\n<p>&#8211; Geometriske former ME14696 ME14702 ME14818 ME14825 ME31181<\/p>\n<p>&#8211; Tandhjul og k\u00e6der ME13460 ME24343 ME31204<\/p>\n<p>&#8211; S\u00e6t med bogstaver og tal ME30412 ME30429<\/p>\n<p>&#8211; Beholdere og tilbeh\u00f8r ME12845 ME16560 ME14672<\/p>\n","protected":false},"excerpt":{"rendered":"<p>Det tr\u00e6baserede STEM-l\u00e6rev\u00e6rksted giver mulighed for kreativ leg og l\u00e6ring om videnskabens verden. Bordet har en plade med huller, hvor farverige og geometriske pinde, skruer og tandhjul kan inds\u00e6ttes for at skabe videnskabelige eksperimenter og smukke m\u00f8nstre. Bordpladens h\u00f8jde p\u00e5 42,5 cm er designet til b\u00f8rn fra 3 \u00e5r og opefter. B\u00f8rnene vil gerne skabe [&hellip;]<\/p>\n","protected":false},"featured_media":0,"comment_status":"open","ping_status":"closed","template":"","meta":[],"product_brand":[],"product_cat":[31],"product_tag":[],"class_list":{"0":"post-26491","1":"product","2":"type-product","3":"status-publish","5":"product_cat-uncategorized-da","7":"first","8":"instock","9":"shipping-taxable","10":"purchasable","11":"product-type-simple"},"_links":{"self":[{"href":"https:\/\/nordicmart.andreevmaster.com\/da\/wp-json\/wp\/v2\/product\/26491","targetHints":{"allow":["GET"]}}],"collection":[{"href":"https:\/\/nordicmart.andreevmaster.com\/da\/wp-json\/wp\/v2\/product"}],"about":[{"href":"https:\/\/nordicmart.andreevmaster.com\/da\/wp-json\/wp\/v2\/types\/product"}],"replies":[{"embeddable":true,"href":"https:\/\/nordicmart.andreevmaster.com\/da\/wp-json\/wp\/v2\/comments?post=26491"}],"wp:attachment":[{"href":"https:\/\/nordicmart.andreevmaster.com\/da\/wp-json\/wp\/v2\/media?parent=26491"}],"wp:term":[{"taxonomy":"product_brand","embeddable":true,"href":"https:\/\/nordicmart.andreevmaster.com\/da\/wp-json\/wp\/v2\/product_brand?post=26491"},{"taxonomy":"product_cat","embeddable":true,"href":"https:\/\/nordicmart.andreevmaster.com\/da\/wp-json\/wp\/v2\/product_cat?post=26491"},{"taxonomy":"product_tag","embeddable":true,"href":"https:\/\/nordicmart.andreevmaster.com\/da\/wp-json\/wp\/v2\/product_tag?post=26491"}],"curies":[{"name":"wp","href":"https:\/\/api.w.org\/{rel}","templated":true}]}}