{"id":26490,"date":"2026-02-27T00:32:47","date_gmt":"2026-02-27T00:32:47","guid":{"rendered":"https:\/\/nordicmart.andreevmaster.com\/product\/masterkidz-fleksibel-kuglebane-gummi-byggeklodser-42-stk\/"},"modified":"2026-02-27T09:12:16","modified_gmt":"2026-02-27T09:12:16","slug":"masterkidz-fleksibel-kuglebane-gummi-byggeklodser-42-stk","status":"publish","type":"product","link":"https:\/\/nordicmart.andreevmaster.com\/da\/vare\/masterkidz-fleksibel-kuglebane-gummi-byggeklodser-42-stk\/","title":{"rendered":"MASTERKIDZ Fleksibel kuglebane + gummi-byggeklodser 42 stk."},"content":{"rendered":"<p>* &#8211; Byg dine egne baner og eksperimenter med tyngdekraften.<br \/>\n* &#8211; Byggeklodserne og den fleksible bane er helt sikre for b\u00f8rn.<br \/>\n* &#8211; Ideel til indend\u00f8rs og udend\u00f8rs brug.<br \/>\n* &#8211; Fremmer logisk t\u00e6nkning, samarbejde og eksperimentering.<\/p>\n<p>* &#8211; 40 byggeklodser i 3 forskellige st\u00f8rrelser og farver<br \/>\n* &#8211; 2 fleksible baner, 2 m og 3 m lange<\/p>\n<p>Leget\u00f8jet udvikler:<\/p>\n<p>* &#8211; Kreativitet<br \/>\n* &#8211; Fantasi<br \/>\n* &#8211; Uafh\u00e6ngighed<br \/>\n* &#8211; Motoriske f\u00e6rdigheder<\/p>\n","protected":false},"excerpt":{"rendered":"<p>* &#8211; Byg dine egne baner og eksperimenter med tyngdekraften. * &#8211; Byggeklodserne og den fleksible bane er helt sikre for b\u00f8rn. * &#8211; Ideel til indend\u00f8rs og udend\u00f8rs brug. * &#8211; Fremmer logisk t\u00e6nkning, samarbejde og eksperimentering. * &#8211; 40 byggeklodser i 3 forskellige st\u00f8rrelser og farver * &#8211; 2 fleksible baner, 2 m [&hellip;]<\/p>\n","protected":false},"featured_media":0,"comment_status":"open","ping_status":"closed","template":"","meta":[],"product_brand":[],"product_cat":[31],"product_tag":[],"class_list":{"0":"post-26490","1":"product","2":"type-product","3":"status-publish","5":"product_cat-uncategorized-da","7":"first","8":"instock","9":"shipping-taxable","10":"purchasable","11":"product-type-simple"},"_links":{"self":[{"href":"https:\/\/nordicmart.andreevmaster.com\/da\/wp-json\/wp\/v2\/product\/26490","targetHints":{"allow":["GET"]}}],"collection":[{"href":"https:\/\/nordicmart.andreevmaster.com\/da\/wp-json\/wp\/v2\/product"}],"about":[{"href":"https:\/\/nordicmart.andreevmaster.com\/da\/wp-json\/wp\/v2\/types\/product"}],"replies":[{"embeddable":true,"href":"https:\/\/nordicmart.andreevmaster.com\/da\/wp-json\/wp\/v2\/comments?post=26490"}],"wp:attachment":[{"href":"https:\/\/nordicmart.andreevmaster.com\/da\/wp-json\/wp\/v2\/media?parent=26490"}],"wp:term":[{"taxonomy":"product_brand","embeddable":true,"href":"https:\/\/nordicmart.andreevmaster.com\/da\/wp-json\/wp\/v2\/product_brand?post=26490"},{"taxonomy":"product_cat","embeddable":true,"href":"https:\/\/nordicmart.andreevmaster.com\/da\/wp-json\/wp\/v2\/product_cat?post=26490"},{"taxonomy":"product_tag","embeddable":true,"href":"https:\/\/nordicmart.andreevmaster.com\/da\/wp-json\/wp\/v2\/product_tag?post=26490"}],"curies":[{"name":"wp","href":"https:\/\/api.w.org\/{rel}","templated":true}]}}