{"id":26488,"date":"2026-02-27T00:32:47","date_gmt":"2026-02-27T00:32:47","guid":{"rendered":"https:\/\/nordicmart.andreevmaster.com\/product\/masterkidz-4-sidet-transparent-akrylmalebraet-kopper\/"},"modified":"2026-02-27T09:12:15","modified_gmt":"2026-02-27T09:12:15","slug":"masterkidz-4-sidet-transparent-akrylmalebraet-kopper","status":"publish","type":"product","link":"https:\/\/nordicmart.andreevmaster.com\/da\/vare\/masterkidz-4-sidet-transparent-akrylmalebraet-kopper\/","title":{"rendered":"MASTERKIDZ 4-sidet transparent akrylmalebr\u00e6t + kopper"},"content":{"rendered":"<p>Den gennemsigtige akrylmalingstavle er en fantastisk l\u00f8sning til b\u00f8rn, der elsker at male. Den giver dem mulighed for at skabe deres egne kunstv\u00e6rker ved hj\u00e6lp af akvarel- eller akrylmaling, og farverne vil v\u00e6re perfekt synlige. Plastikkopper med en speciel lukning, der forhindrer malingen i at t\u00f8rre ud, og som passer ind i dedikerede \u00e5bninger, er perfekte til opbevaring af maling. Den gennemsigtige overflade giver b\u00f8rnene mulighed for at se igennem den og male det, de ser \u2013 landskaber, genstande eller endda venner, der st\u00e5r p\u00e5 den anden side. N\u00e5r de er f\u00e6rdige med at lege, kan billedet let t\u00f8rres af, s\u00e5 overfladen kan genbruges.<\/p>\n<p>Funktioner:<\/p>\n<p>* &#8211; 4-sidet staffeli, der giver mulighed for, at et stort antal b\u00f8rn kan male p\u00e5 samme tid.<br \/>\n* &#8211; Specielle pladser til maling, vandbeholdere og pensler til hver station.<br \/>\n* &#8211; 20 kopper medf\u00f8lger (ME32287)<br \/>\n* &#8211; Inkluderer en stor gennemsigtig akryloverflade, der er ideel til maling.<br \/>\n* &#8211; Vandt\u00e6t konstruktion, UV-, skimmel- og r\u00e5dbestandig \u2013 perfekt til udend\u00f8rs brug.* &#8211; Det er den perfekte l\u00f8sning for sm\u00e5 kunstnere, da det kombinerer kreativitet med funktionalitet og bekvemmelighed!<\/p>\n<p>Leget\u00f8jet udvikler:<\/p>\n<p>* &#8211; Udvikler kreativitet og fantasi<br \/>\n* &#8211; L\u00e6rer eksperimentering med farver og maleteknikker<br \/>\n* &#8211; St\u00f8tter udviklingen af visuel perception og motorisk koordination<br \/>\n* &#8211; Tilskynder til samarbejde og leg sammen<\/p>\n","protected":false},"excerpt":{"rendered":"<p>Den gennemsigtige akrylmalingstavle er en fantastisk l\u00f8sning til b\u00f8rn, der elsker at male. Den giver dem mulighed for at skabe deres egne kunstv\u00e6rker ved hj\u00e6lp af akvarel- eller akrylmaling, og farverne vil v\u00e6re perfekt synlige. Plastikkopper med en speciel lukning, der forhindrer malingen i at t\u00f8rre ud, og som passer ind i dedikerede \u00e5bninger, er [&hellip;]<\/p>\n","protected":false},"featured_media":0,"comment_status":"open","ping_status":"closed","template":"","meta":[],"product_brand":[],"product_cat":[31],"product_tag":[],"class_list":{"0":"post-26488","1":"product","2":"type-product","3":"status-publish","5":"product_cat-uncategorized-da","7":"first","8":"instock","9":"shipping-taxable","10":"purchasable","11":"product-type-simple"},"_links":{"self":[{"href":"https:\/\/nordicmart.andreevmaster.com\/da\/wp-json\/wp\/v2\/product\/26488","targetHints":{"allow":["GET"]}}],"collection":[{"href":"https:\/\/nordicmart.andreevmaster.com\/da\/wp-json\/wp\/v2\/product"}],"about":[{"href":"https:\/\/nordicmart.andreevmaster.com\/da\/wp-json\/wp\/v2\/types\/product"}],"replies":[{"embeddable":true,"href":"https:\/\/nordicmart.andreevmaster.com\/da\/wp-json\/wp\/v2\/comments?post=26488"}],"wp:attachment":[{"href":"https:\/\/nordicmart.andreevmaster.com\/da\/wp-json\/wp\/v2\/media?parent=26488"}],"wp:term":[{"taxonomy":"product_brand","embeddable":true,"href":"https:\/\/nordicmart.andreevmaster.com\/da\/wp-json\/wp\/v2\/product_brand?post=26488"},{"taxonomy":"product_cat","embeddable":true,"href":"https:\/\/nordicmart.andreevmaster.com\/da\/wp-json\/wp\/v2\/product_cat?post=26488"},{"taxonomy":"product_tag","embeddable":true,"href":"https:\/\/nordicmart.andreevmaster.com\/da\/wp-json\/wp\/v2\/product_tag?post=26488"}],"curies":[{"name":"wp","href":"https:\/\/api.w.org\/{rel}","templated":true}]}}