{"id":26487,"date":"2026-02-27T00:32:46","date_gmt":"2026-02-27T00:32:46","guid":{"rendered":"https:\/\/nordicmart.andreevmaster.com\/product\/masterkidz-transparent-akrylmalingstavle-kopper\/"},"modified":"2026-02-27T09:12:15","modified_gmt":"2026-02-27T09:12:15","slug":"masterkidz-transparent-akrylmalingstavle-kopper","status":"publish","type":"product","link":"https:\/\/nordicmart.andreevmaster.com\/da\/vare\/masterkidz-transparent-akrylmalingstavle-kopper\/","title":{"rendered":"MASTERKIDZ Transparent akrylmalingstavle + kopper"},"content":{"rendered":"<p>Den transparente akrylmalingstavle med kopper er en fantastisk l\u00f8sning til b\u00f8rn, der elsker at male. Den giver dem mulighed for at skabe deres egne kunstv\u00e6rker ved hj\u00e6lp af akvarel- eller akrylmaling, og farverne vil v\u00e6re perfekt synlige. Plastikkopper med en speciel lukning, der forhindrer malingen i at t\u00f8rre ud, er perfekte til opbevaring af maling og passer ind i dedikerede \u00e5bninger. Den transparente overflade giver b\u00f8rnene mulighed for at se igennem den og male det, de ser \u2013 landskaber, genstande eller endda venner, der st\u00e5r p\u00e5 den anden side. N\u00e5r de er f\u00e6rdige med at lege, kan billedet let t\u00f8rres af, s\u00e5 overfladen kan genbruges. <\/p>\n<p>ME32539 l\u00e5sbare hjul kan k\u00f8bes separat for at lette transporten mellem rum og udend\u00f8rsarealer. <\/p>\n<p>Funktioner: <\/p>\n<p>* &#8211; Inkluderer en stor gennemsigtig akryloverflade, der er ideel til maling.* &#8211; Specielle pladser til maling, vandbeholdere og pensler.<br \/>\n* &#8211; 20 kopper medf\u00f8lger (ME32287)<br \/>\n* &#8211; Vandt\u00e6t konstruktion, UV-, skimmel- og r\u00e5dbestandig \u2013 perfekt til udend\u00f8rs brug.<br \/>\n* &#8211; Den perfekte l\u00f8sning til sm\u00e5 kunstnere, der kombinerer kreativitet med funktionalitet og bekvemmelighed!<br \/>\n* &#8211; Maleflade placeret i overkroppens h\u00f8jde \u2013 ideel til st\u00f8rre b\u00f8rn<\/p>\n<p>Leget\u00f8jet udvikler:<\/p>\n<p>* &#8211; Udvikler kreativitet og fantasi<br \/>\n* &#8211; L\u00e6rer eksperimentering med farver og maleteknikker<br \/>\n* &#8211; St\u00f8tter udviklingen af visuel perception og motorisk koordination<br \/>\n* &#8211; Tilskynder til samarbejde og leg sammen<\/p>\n","protected":false},"excerpt":{"rendered":"<p>Den transparente akrylmalingstavle med kopper er en fantastisk l\u00f8sning til b\u00f8rn, der elsker at male. Den giver dem mulighed for at skabe deres egne kunstv\u00e6rker ved hj\u00e6lp af akvarel- eller akrylmaling, og farverne vil v\u00e6re perfekt synlige. Plastikkopper med en speciel lukning, der forhindrer malingen i at t\u00f8rre ud, er perfekte til opbevaring af maling [&hellip;]<\/p>\n","protected":false},"featured_media":0,"comment_status":"open","ping_status":"closed","template":"","meta":[],"product_brand":[],"product_cat":[31],"product_tag":[],"class_list":{"0":"post-26487","1":"product","2":"type-product","3":"status-publish","5":"product_cat-uncategorized-da","7":"first","8":"instock","9":"shipping-taxable","10":"purchasable","11":"product-type-simple"},"_links":{"self":[{"href":"https:\/\/nordicmart.andreevmaster.com\/da\/wp-json\/wp\/v2\/product\/26487","targetHints":{"allow":["GET"]}}],"collection":[{"href":"https:\/\/nordicmart.andreevmaster.com\/da\/wp-json\/wp\/v2\/product"}],"about":[{"href":"https:\/\/nordicmart.andreevmaster.com\/da\/wp-json\/wp\/v2\/types\/product"}],"replies":[{"embeddable":true,"href":"https:\/\/nordicmart.andreevmaster.com\/da\/wp-json\/wp\/v2\/comments?post=26487"}],"wp:attachment":[{"href":"https:\/\/nordicmart.andreevmaster.com\/da\/wp-json\/wp\/v2\/media?parent=26487"}],"wp:term":[{"taxonomy":"product_brand","embeddable":true,"href":"https:\/\/nordicmart.andreevmaster.com\/da\/wp-json\/wp\/v2\/product_brand?post=26487"},{"taxonomy":"product_cat","embeddable":true,"href":"https:\/\/nordicmart.andreevmaster.com\/da\/wp-json\/wp\/v2\/product_cat?post=26487"},{"taxonomy":"product_tag","embeddable":true,"href":"https:\/\/nordicmart.andreevmaster.com\/da\/wp-json\/wp\/v2\/product_tag?post=26487"}],"curies":[{"name":"wp","href":"https:\/\/api.w.org\/{rel}","templated":true}]}}