{"id":26486,"date":"2026-02-27T00:32:46","date_gmt":"2026-02-27T00:32:46","guid":{"rendered":"https:\/\/nordicmart.andreevmaster.com\/product\/manhattan-bogreol-joey-flamingo\/"},"modified":"2026-02-27T09:12:15","modified_gmt":"2026-02-27T09:12:15","slug":"manhattan-bogreol-joey-flamingo","status":"publish","type":"product","link":"https:\/\/nordicmart.andreevmaster.com\/da\/vare\/manhattan-bogreol-joey-flamingo\/","title":{"rendered":"Manhattan bogreol Joey flamingo"},"content":{"rendered":"<p>Denne h\u00f8je og rummelige reol i form af et hus med hylder, skabe og skuffer i forskellige st\u00f8rrelser giver hver lille opdagelsesrejsende mulighed for at lege kreativt og hj\u00e6lper med at holde styr p\u00e5 leget\u00f8jet.Derudover kan den udtr\u00e6kkelige leget\u00f8jskiste rumme alle dit barns yndlingsgenstande, mens det bl\u00f8de s\u00e6de giver dem mulighed for at sidde komfortabelt, mens de leger eller snakker med en ven.<br \/>\nDen \u00e5bne form p\u00e5 dette m\u00f8bel vil p\u00e5 ideel vis eksponere alle elementer, der er placeret p\u00e5 tr\u00e6hylderne. <\/p>\n<p>Vigtigste fordele:<br \/>\n &#8211; fem hylder<br \/>\n &#8211; to skabe<br \/>\n &#8211; praktisk brug af toppen af reolen<br \/>\n &#8211; tidl\u00f8st design<br \/>\n &#8211; mulighed for montering p\u00e5 v\u00e6ggen \u2013 anbefales<br \/>\n &#8211; fri adgang til hylderne for de yngste b\u00f8rn<br \/>\n &#8211; opfylder europ\u00e6iske sikkerhedsstandarder <\/p>\n<p>Overflade og fremstillingsdetaljer:<br \/>\n &#8211; fremstillet af lamineret plade af h\u00f8j kvalitet<br \/>\n &#8211; tr\u00e6struktur af fyrretr\u00e6<\/p>\n<p> Farver:<br \/>\n &#8211; hvid, lyser\u00f8d, fyrretr\u00e6 <\/p>\n<p>M\u00e5l (cm):<br \/>\n h\u00f8jde: 160<br \/>\n bredde: 46<br \/>\n dybde: 37 <\/p>\n<p>Brugsanvisning:<br \/>\n M\u00f8blerne skal t\u00f8rres af med en bl\u00f8d bomuldsklud fugtet med vand eller m\u00f8belpolish. <\/p>\n<p>Yderligere oplysninger:<br \/>\n M\u00f8blerne leveres i kasser til selvmontering. Kasserne indeholder en detaljeret monteringsvejledning samt tilbeh\u00f8r (skruer osv.).<\/p>\n","protected":false},"excerpt":{"rendered":"<p>Denne h\u00f8je og rummelige reol i form af et hus med hylder, skabe og skuffer i forskellige st\u00f8rrelser giver hver lille opdagelsesrejsende mulighed for at lege kreativt og hj\u00e6lper med at holde styr p\u00e5 leget\u00f8jet.Derudover kan den udtr\u00e6kkelige leget\u00f8jskiste rumme alle dit barns yndlingsgenstande, mens det bl\u00f8de s\u00e6de giver dem mulighed for at sidde komfortabelt, [&hellip;]<\/p>\n","protected":false},"featured_media":0,"comment_status":"open","ping_status":"closed","template":"","meta":[],"product_brand":[],"product_cat":[31],"product_tag":[],"class_list":{"0":"post-26486","1":"product","2":"type-product","3":"status-publish","5":"product_cat-uncategorized-da","7":"first","8":"instock","9":"shipping-taxable","10":"purchasable","11":"product-type-simple"},"_links":{"self":[{"href":"https:\/\/nordicmart.andreevmaster.com\/da\/wp-json\/wp\/v2\/product\/26486","targetHints":{"allow":["GET"]}}],"collection":[{"href":"https:\/\/nordicmart.andreevmaster.com\/da\/wp-json\/wp\/v2\/product"}],"about":[{"href":"https:\/\/nordicmart.andreevmaster.com\/da\/wp-json\/wp\/v2\/types\/product"}],"replies":[{"embeddable":true,"href":"https:\/\/nordicmart.andreevmaster.com\/da\/wp-json\/wp\/v2\/comments?post=26486"}],"wp:attachment":[{"href":"https:\/\/nordicmart.andreevmaster.com\/da\/wp-json\/wp\/v2\/media?parent=26486"}],"wp:term":[{"taxonomy":"product_brand","embeddable":true,"href":"https:\/\/nordicmart.andreevmaster.com\/da\/wp-json\/wp\/v2\/product_brand?post=26486"},{"taxonomy":"product_cat","embeddable":true,"href":"https:\/\/nordicmart.andreevmaster.com\/da\/wp-json\/wp\/v2\/product_cat?post=26486"},{"taxonomy":"product_tag","embeddable":true,"href":"https:\/\/nordicmart.andreevmaster.com\/da\/wp-json\/wp\/v2\/product_tag?post=26486"}],"curies":[{"name":"wp","href":"https:\/\/api.w.org\/{rel}","templated":true}]}}