{"id":26484,"date":"2026-02-27T00:32:46","date_gmt":"2026-02-27T00:32:46","guid":{"rendered":"https:\/\/nordicmart.andreevmaster.com\/product\/mini-guitar-rolling-stones-keith-richards-2\/"},"modified":"2026-02-27T09:12:14","modified_gmt":"2026-02-27T09:12:14","slug":"mini-guitar-rolling-stones-keith-richards-2","status":"publish","type":"product","link":"https:\/\/nordicmart.andreevmaster.com\/da\/vare\/mini-guitar-rolling-stones-keith-richards-2\/","title":{"rendered":"Mini &#8211; guitar &#8211; Rolling Stones -Keith Richards"},"content":{"rendered":"<p>Mini &#8211; guitar &#8211; Rolling Stones -Keith Richards &nbsp;&nbsp;Produktinformation:&nbsp;H\u00e5ndlavet Mahogni tr\u00e6 M\u00e5l: h\u00f8jde 27,5 cm x bredde 9 cm x dybde 0,8 cm Skala 1:4 Samlerobjekt Blisteremballage Guitarstativ medf\u00f8lger Guitaren kan ikke spilles p\u00e5 &#8211; den er et dekorativt objekt Gave til en fan af Rolling Stones&nbsp;&nbsp;S\u00e6lgeren er p\u00e5 ingen m\u00e5de tilknyttet producenterne af de faktiske instrumenter eller de enkelte kunstnere. &nbsp;Modelnavne eller kunstnernavne er eksempler. De kendte navne bruges kun for at vise en bestemt musikstil. Ingen af instrumenterne er tro kopier med hensyn til proportioner, st\u00f8rrelse og design. &nbsp;&nbsp;<\/p>\n","protected":false},"excerpt":{"rendered":"<p>Mini &#8211; guitar &#8211; Rolling Stones -Keith Richards &nbsp;&nbsp;Produktinformation:&nbsp;H\u00e5ndlavet Mahogni tr\u00e6 M\u00e5l: h\u00f8jde 27,5 cm x bredde 9 cm x dybde 0,8 cm Skala 1:4 Samlerobjekt Blisteremballage Guitarstativ medf\u00f8lger Guitaren kan ikke spilles p\u00e5 &#8211; den er et dekorativt objekt Gave til en fan af Rolling Stones&nbsp;&nbsp;S\u00e6lgeren er p\u00e5 ingen m\u00e5de tilknyttet producenterne af de [&hellip;]<\/p>\n","protected":false},"featured_media":44437,"comment_status":"open","ping_status":"closed","template":"","meta":[],"product_brand":[],"product_cat":[31],"product_tag":[],"class_list":{"0":"post-26484","1":"product","2":"type-product","3":"status-publish","4":"has-post-thumbnail","6":"product_cat-uncategorized-da","8":"first","9":"instock","10":"shipping-taxable","11":"purchasable","12":"product-type-simple"},"_links":{"self":[{"href":"https:\/\/nordicmart.andreevmaster.com\/da\/wp-json\/wp\/v2\/product\/26484","targetHints":{"allow":["GET"]}}],"collection":[{"href":"https:\/\/nordicmart.andreevmaster.com\/da\/wp-json\/wp\/v2\/product"}],"about":[{"href":"https:\/\/nordicmart.andreevmaster.com\/da\/wp-json\/wp\/v2\/types\/product"}],"replies":[{"embeddable":true,"href":"https:\/\/nordicmart.andreevmaster.com\/da\/wp-json\/wp\/v2\/comments?post=26484"}],"wp:featuredmedia":[{"embeddable":true,"href":"https:\/\/nordicmart.andreevmaster.com\/da\/wp-json\/wp\/v2\/media\/44437"}],"wp:attachment":[{"href":"https:\/\/nordicmart.andreevmaster.com\/da\/wp-json\/wp\/v2\/media?parent=26484"}],"wp:term":[{"taxonomy":"product_brand","embeddable":true,"href":"https:\/\/nordicmart.andreevmaster.com\/da\/wp-json\/wp\/v2\/product_brand?post=26484"},{"taxonomy":"product_cat","embeddable":true,"href":"https:\/\/nordicmart.andreevmaster.com\/da\/wp-json\/wp\/v2\/product_cat?post=26484"},{"taxonomy":"product_tag","embeddable":true,"href":"https:\/\/nordicmart.andreevmaster.com\/da\/wp-json\/wp\/v2\/product_tag?post=26484"}],"curies":[{"name":"wp","href":"https:\/\/api.w.org\/{rel}","templated":true}]}}