{"id":26483,"date":"2026-02-27T00:32:45","date_gmt":"2026-02-27T00:32:45","guid":{"rendered":"https:\/\/nordicmart.andreevmaster.com\/product\/masterkidz-hjul-til-fritstaende-stem-tavler-4-stk\/"},"modified":"2026-02-27T09:12:14","modified_gmt":"2026-02-27T09:12:14","slug":"masterkidz-hjul-til-fritstaende-stem-tavler-4-stk","status":"publish","type":"product","link":"https:\/\/nordicmart.andreevmaster.com\/da\/vare\/masterkidz-hjul-til-fritstaende-stem-tavler-4-stk\/","title":{"rendered":"MASTERKIDZ Hjul til fritst\u00e5ende STEM-tavler, 4 stk."},"content":{"rendered":"<p>Br\u00e6thjul er det perfekte produkt til nemt at flytte dit br\u00e6t rundt efter behov. Disse h\u00f8jkvalitets hjul er designet til udend\u00f8rs og indend\u00f8rs br\u00e6dder og giver stabilitet og mobilitet, s\u00e5 du nemt kan flytte dit br\u00e6t uden un\u00f8dvendig anstrengelse.<\/p>\n<p>Funktioner:<\/p>\n<p>* &#8211; 4 hjul inkluderet<br \/>\n* &#8211; Hjulene har en l\u00e5s, der forhindrer br\u00e6ttet i at bev\u00e6ge sig.* &#8211; Hjulene er universelle, s\u00e5 de passer til de fleste br\u00e6dder.<\/p>\n","protected":false},"excerpt":{"rendered":"<p>Br\u00e6thjul er det perfekte produkt til nemt at flytte dit br\u00e6t rundt efter behov. Disse h\u00f8jkvalitets hjul er designet til udend\u00f8rs og indend\u00f8rs br\u00e6dder og giver stabilitet og mobilitet, s\u00e5 du nemt kan flytte dit br\u00e6t uden un\u00f8dvendig anstrengelse. Funktioner: * &#8211; 4 hjul inkluderet * &#8211; Hjulene har en l\u00e5s, der forhindrer br\u00e6ttet i [&hellip;]<\/p>\n","protected":false},"featured_media":0,"comment_status":"open","ping_status":"closed","template":"","meta":[],"product_brand":[],"product_cat":[31],"product_tag":[],"class_list":{"0":"post-26483","1":"product","2":"type-product","3":"status-publish","5":"product_cat-uncategorized-da","7":"first","8":"instock","9":"shipping-taxable","10":"purchasable","11":"product-type-simple"},"_links":{"self":[{"href":"https:\/\/nordicmart.andreevmaster.com\/da\/wp-json\/wp\/v2\/product\/26483","targetHints":{"allow":["GET"]}}],"collection":[{"href":"https:\/\/nordicmart.andreevmaster.com\/da\/wp-json\/wp\/v2\/product"}],"about":[{"href":"https:\/\/nordicmart.andreevmaster.com\/da\/wp-json\/wp\/v2\/types\/product"}],"replies":[{"embeddable":true,"href":"https:\/\/nordicmart.andreevmaster.com\/da\/wp-json\/wp\/v2\/comments?post=26483"}],"wp:attachment":[{"href":"https:\/\/nordicmart.andreevmaster.com\/da\/wp-json\/wp\/v2\/media?parent=26483"}],"wp:term":[{"taxonomy":"product_brand","embeddable":true,"href":"https:\/\/nordicmart.andreevmaster.com\/da\/wp-json\/wp\/v2\/product_brand?post=26483"},{"taxonomy":"product_cat","embeddable":true,"href":"https:\/\/nordicmart.andreevmaster.com\/da\/wp-json\/wp\/v2\/product_cat?post=26483"},{"taxonomy":"product_tag","embeddable":true,"href":"https:\/\/nordicmart.andreevmaster.com\/da\/wp-json\/wp\/v2\/product_tag?post=26483"}],"curies":[{"name":"wp","href":"https:\/\/api.w.org\/{rel}","templated":true}]}}