{"id":26482,"date":"2026-02-27T00:32:45","date_gmt":"2026-02-27T00:32:45","guid":{"rendered":"https:\/\/nordicmart.andreevmaster.com\/product\/masterkidz-mix-gear-set-til-stem-vaegpaneler-198-stk\/"},"modified":"2026-02-27T09:12:14","modified_gmt":"2026-02-27T09:12:14","slug":"masterkidz-mix-gear-set-til-stem-vaegpaneler-198-stk","status":"publish","type":"product","link":"https:\/\/nordicmart.andreevmaster.com\/da\/vare\/masterkidz-mix-gear-set-til-stem-vaegpaneler-198-stk\/","title":{"rendered":"MASTERKIDZ Mix Gear Set til STEM-v\u00e6gpaneler, 198 stk."},"content":{"rendered":"<p>Et s\u00e6t farverige tandhjul og gear, som giver dig mulighed for at konstruere komplekse mekanismer. Leget\u00f8jet monteres p\u00e5 Masterkidz STEM Science and Creative Board ved hj\u00e6lp af specielle Masterkidz-skruer. At lege med gear forbedrer b\u00f8rns motoriske f\u00e6rdigheder, logiske t\u00e6nkning og kreativitet.<\/p>\n<p>Funktioner:<\/p>\n<p>* &#8211; B\u00f8rn elsker tandhjul og mekanismer. De er fascinerende \u2013 de roterer og griber ind i hinanden. De fungerer som en enkelt organisme. At se s\u00e5danne mekanismer i aktion giver stor tilfredshed og sjov.* &#8211; Masterkidz-tandhjulss\u00e6ttet er designet til samling i deres specialiserede Masterkidz STEM-system. Hvert \u00f8nsket element skal skrues fast p\u00e5 den p\u00e6dagogiske v\u00e6g ved hj\u00e6lp af specielle skruer, der er tilpasset Masterkidz-b\u00f8rnev\u00e6rkt\u00f8j. S\u00e6ttet indeholder 198 elementer:* &#8211; 34 tandhjul og 4 remskiver* &#8211; Tandhjulsk\u00e6de<br \/>\n* &#8211; 2 remskiver<br \/>\n* &#8211; 6 hvide pinde<br \/>\n* &#8211; 76 skruer (i tre forskellige st\u00f8rrelser)<br \/>\n* &#8211; 40 m\u00f8trikker<br \/>\n* &#8211; 16 L-formede beslag<br \/>\n* &#8211; 4 flade beslag<br \/>\n* &#8211; 2 x fyldte STEM-paneler<br \/>\n* &#8211; Vindm\u00f8lle<br \/>\n* &#8211; 3 x manuelle skruetr\u00e6kkere<\/p>\n<p>Bem\u00e6rk! Dette er et s\u00e6t tilbeh\u00f8r til tavler eller borde. De tavler eller borde, der vises p\u00e5 de illustrative fotos, kan k\u00f8bes separat.<\/p>\n<p>S\u00e6ttet er kompatibelt med tavler som: ME25111; ME15365; ME11343.<\/p>\n","protected":false},"excerpt":{"rendered":"<p>Et s\u00e6t farverige tandhjul og gear, som giver dig mulighed for at konstruere komplekse mekanismer. Leget\u00f8jet monteres p\u00e5 Masterkidz STEM Science and Creative Board ved hj\u00e6lp af specielle Masterkidz-skruer. At lege med gear forbedrer b\u00f8rns motoriske f\u00e6rdigheder, logiske t\u00e6nkning og kreativitet. Funktioner: * &#8211; B\u00f8rn elsker tandhjul og mekanismer. De er fascinerende \u2013 de roterer [&hellip;]<\/p>\n","protected":false},"featured_media":0,"comment_status":"open","ping_status":"closed","template":"","meta":[],"product_brand":[],"product_cat":[31],"product_tag":[],"class_list":{"0":"post-26482","1":"product","2":"type-product","3":"status-publish","5":"product_cat-uncategorized-da","7":"first","8":"instock","9":"shipping-taxable","10":"purchasable","11":"product-type-simple"},"_links":{"self":[{"href":"https:\/\/nordicmart.andreevmaster.com\/da\/wp-json\/wp\/v2\/product\/26482","targetHints":{"allow":["GET"]}}],"collection":[{"href":"https:\/\/nordicmart.andreevmaster.com\/da\/wp-json\/wp\/v2\/product"}],"about":[{"href":"https:\/\/nordicmart.andreevmaster.com\/da\/wp-json\/wp\/v2\/types\/product"}],"replies":[{"embeddable":true,"href":"https:\/\/nordicmart.andreevmaster.com\/da\/wp-json\/wp\/v2\/comments?post=26482"}],"wp:attachment":[{"href":"https:\/\/nordicmart.andreevmaster.com\/da\/wp-json\/wp\/v2\/media?parent=26482"}],"wp:term":[{"taxonomy":"product_brand","embeddable":true,"href":"https:\/\/nordicmart.andreevmaster.com\/da\/wp-json\/wp\/v2\/product_brand?post=26482"},{"taxonomy":"product_cat","embeddable":true,"href":"https:\/\/nordicmart.andreevmaster.com\/da\/wp-json\/wp\/v2\/product_cat?post=26482"},{"taxonomy":"product_tag","embeddable":true,"href":"https:\/\/nordicmart.andreevmaster.com\/da\/wp-json\/wp\/v2\/product_tag?post=26482"}],"curies":[{"name":"wp","href":"https:\/\/api.w.org\/{rel}","templated":true}]}}