{"id":26481,"date":"2026-02-27T00:32:45","date_gmt":"2026-02-27T00:32:45","guid":{"rendered":"https:\/\/nordicmart.andreevmaster.com\/product\/masterkidz-saet-med-geometriske-former-til-vaegpaneler-stem-260-stk\/"},"modified":"2026-02-27T09:12:14","modified_gmt":"2026-02-27T09:12:14","slug":"masterkidz-saet-med-geometriske-former-til-vaegpaneler-stem-260-stk","status":"publish","type":"product","link":"https:\/\/nordicmart.andreevmaster.com\/da\/vare\/masterkidz-saet-med-geometriske-former-til-vaegpaneler-stem-260-stk\/","title":{"rendered":"MASTERKIDZ S\u00e6t med geometriske former til v\u00e6gpaneler STEM 260 stk."},"content":{"rendered":"<p>S\u00e6ttet indeholder 260 elementer, der muligg\u00f8r kreativ bygning og l\u00e6ring inden for STEM. Det best\u00e5r af forskellige former (firkanter, trekanter, cirkler, halvcirkler) i fire farver (r\u00f8d, gr\u00f8n, gul, bl\u00e5) og flade strimler med lige og rektangul\u00e6re former. Alle elementer har huller, der g\u00f8r det muligt at fastg\u00f8re dem til en overflade med skruer. B\u00f8rn kan skabe projekter alene eller i grupper og l\u00e6re at planl\u00e6gge, v\u00e6lge elementer, tilf\u00f8je detaljer og finpudse deres kreationer. S\u00e6ttet udvikler matematiske, rumlige og kreative f\u00e6rdigheder og tilskynder til skabelsen af symmetriske og realistiske modeller s\u00e5som blomster og andre strukturer. Det kan bruges i forskellige milj\u00f8er, f.eks. p\u00e5 STEM-v\u00e6gge, borde eller vogne.S\u00e6ttet indeholder:<\/p>\n<p>* &#8211; 32 elementer i 2 farver og 8 forskellige former.<br \/>\n* &#8211; 14 elementer i 4 farver og 5 forskellige former.* &#8211; 96 skruer i 6 forskellige farver<br \/>\n* &#8211; 12 afstandsstykker<br \/>\n* &#8211; 40 m\u00f8trikker<br \/>\n* &#8211; 2 skruetr\u00e6kkere<\/p>\n<p>Bem\u00e6rk! Dette er et s\u00e6t tilbeh\u00f8r til tavler eller borde. Tavlerne og bordene, der vises p\u00e5 de illustrative fotos, kan k\u00f8bes separat.<\/p>\n<p>S\u00e6ttet er kompatibelt med tavler som: ME25111; ME15365; ME11343.<\/p>\n","protected":false},"excerpt":{"rendered":"<p>S\u00e6ttet indeholder 260 elementer, der muligg\u00f8r kreativ bygning og l\u00e6ring inden for STEM. Det best\u00e5r af forskellige former (firkanter, trekanter, cirkler, halvcirkler) i fire farver (r\u00f8d, gr\u00f8n, gul, bl\u00e5) og flade strimler med lige og rektangul\u00e6re former. Alle elementer har huller, der g\u00f8r det muligt at fastg\u00f8re dem til en overflade med skruer. B\u00f8rn kan [&hellip;]<\/p>\n","protected":false},"featured_media":0,"comment_status":"open","ping_status":"closed","template":"","meta":[],"product_brand":[],"product_cat":[31],"product_tag":[],"class_list":{"0":"post-26481","1":"product","2":"type-product","3":"status-publish","5":"product_cat-uncategorized-da","7":"first","8":"instock","9":"shipping-taxable","10":"purchasable","11":"product-type-simple"},"_links":{"self":[{"href":"https:\/\/nordicmart.andreevmaster.com\/da\/wp-json\/wp\/v2\/product\/26481","targetHints":{"allow":["GET"]}}],"collection":[{"href":"https:\/\/nordicmart.andreevmaster.com\/da\/wp-json\/wp\/v2\/product"}],"about":[{"href":"https:\/\/nordicmart.andreevmaster.com\/da\/wp-json\/wp\/v2\/types\/product"}],"replies":[{"embeddable":true,"href":"https:\/\/nordicmart.andreevmaster.com\/da\/wp-json\/wp\/v2\/comments?post=26481"}],"wp:attachment":[{"href":"https:\/\/nordicmart.andreevmaster.com\/da\/wp-json\/wp\/v2\/media?parent=26481"}],"wp:term":[{"taxonomy":"product_brand","embeddable":true,"href":"https:\/\/nordicmart.andreevmaster.com\/da\/wp-json\/wp\/v2\/product_brand?post=26481"},{"taxonomy":"product_cat","embeddable":true,"href":"https:\/\/nordicmart.andreevmaster.com\/da\/wp-json\/wp\/v2\/product_cat?post=26481"},{"taxonomy":"product_tag","embeddable":true,"href":"https:\/\/nordicmart.andreevmaster.com\/da\/wp-json\/wp\/v2\/product_tag?post=26481"}],"curies":[{"name":"wp","href":"https:\/\/api.w.org\/{rel}","templated":true}]}}