{"id":26480,"date":"2026-02-27T00:32:45","date_gmt":"2026-02-27T00:32:45","guid":{"rendered":"https:\/\/nordicmart.andreevmaster.com\/product\/masterkidz-stem-workbench-accessory-set-111-stk\/"},"modified":"2026-02-27T09:12:14","modified_gmt":"2026-02-27T09:12:14","slug":"masterkidz-stem-workbench-accessory-set-111-stk","status":"publish","type":"product","link":"https:\/\/nordicmart.andreevmaster.com\/da\/vare\/masterkidz-stem-workbench-accessory-set-111-stk\/","title":{"rendered":"MASTERKIDZ STEM Workbench Accessory Set, 111 stk."},"content":{"rendered":"<p>Et s\u00e6t farverige tandhjul og gear, som giver dig mulighed for at konstruere komplekse mekanismer. Leget\u00f8jet monteres p\u00e5 Masterkidz STEM Workshop Board ved hj\u00e6lp af specielle Masterkidz-skruer. Leg med gear forbedrer b\u00f8rns motoriske f\u00e6rdigheder, logiske t\u00e6nkning og kreativitet.<\/p>\n<p>* &#8211; B\u00f8rn elsker gear og mekanismer. De er fascinerende \u2013 de roterer og griber ind i hinanden. De fungerer som en enkelt organisme. At se s\u00e5danne mekanismer i aktion giver stor tilfredshed og sjov.<br \/>\n* &#8211; Masterkidz tandhjulss\u00e6ttet er designet til samling i deres specialiserede Masterkidz STEM-system. Hvert \u00f8nsket element skal skrues fast p\u00e5 den p\u00e6dagogiske v\u00e6g ved hj\u00e6lp af specielle skruer, der er tilpasset Masterkidz b\u00f8rnev\u00e6rkt\u00f8j.<\/p>\n<p>S\u00e6ttet indeholder:<\/p>\n<p>&#8211; 1 tandhjul med en krumtap.<\/p>\n<p>&#8211; 4 store tandhjul med 16 t\u00e6nder.<\/p>\n<p>&#8211; 8 farvede tandhjul med 12 t\u00e6nder.<\/p>\n<p>&#8211; 4 farvede tandhjul med 6 t\u00e6nder.<\/p>\n<p>&#8211; K\u00e6de med justerbar l\u00e6ngde.<\/p>\n<p>&#8211; K\u00e6de til at skabe bev\u00e6gelige strukturer.<\/p>\n<p>&#8211; 34 skruer i forskellige st\u00f8rrelser.<\/p>\n<p>&#8211; 20 m\u00f8trikker til skruer.- 2 skiver til tandhjul i forskellige st\u00f8rrelser. &#8211; Kuglebane-bygges\u00e6t best\u00e5ende af 35 elementer. &#8211; Kugle. Bem\u00e6rk! Dette er et s\u00e6t tilbeh\u00f8r til tavler eller borde. Tavlerne og bordene, der vises p\u00e5 de illustrative fotos, kan k\u00f8bes separat. S\u00e6ttet er kompatibelt med produkterne ME29591 og ME29584.<\/p>\n","protected":false},"excerpt":{"rendered":"<p>Et s\u00e6t farverige tandhjul og gear, som giver dig mulighed for at konstruere komplekse mekanismer. Leget\u00f8jet monteres p\u00e5 Masterkidz STEM Workshop Board ved hj\u00e6lp af specielle Masterkidz-skruer. Leg med gear forbedrer b\u00f8rns motoriske f\u00e6rdigheder, logiske t\u00e6nkning og kreativitet. * &#8211; B\u00f8rn elsker gear og mekanismer. De er fascinerende \u2013 de roterer og griber ind i [&hellip;]<\/p>\n","protected":false},"featured_media":0,"comment_status":"open","ping_status":"closed","template":"","meta":[],"product_brand":[],"product_cat":[31],"product_tag":[],"class_list":{"0":"post-26480","1":"product","2":"type-product","3":"status-publish","5":"product_cat-uncategorized-da","7":"first","8":"instock","9":"shipping-taxable","10":"purchasable","11":"product-type-simple"},"_links":{"self":[{"href":"https:\/\/nordicmart.andreevmaster.com\/da\/wp-json\/wp\/v2\/product\/26480","targetHints":{"allow":["GET"]}}],"collection":[{"href":"https:\/\/nordicmart.andreevmaster.com\/da\/wp-json\/wp\/v2\/product"}],"about":[{"href":"https:\/\/nordicmart.andreevmaster.com\/da\/wp-json\/wp\/v2\/types\/product"}],"replies":[{"embeddable":true,"href":"https:\/\/nordicmart.andreevmaster.com\/da\/wp-json\/wp\/v2\/comments?post=26480"}],"wp:attachment":[{"href":"https:\/\/nordicmart.andreevmaster.com\/da\/wp-json\/wp\/v2\/media?parent=26480"}],"wp:term":[{"taxonomy":"product_brand","embeddable":true,"href":"https:\/\/nordicmart.andreevmaster.com\/da\/wp-json\/wp\/v2\/product_brand?post=26480"},{"taxonomy":"product_cat","embeddable":true,"href":"https:\/\/nordicmart.andreevmaster.com\/da\/wp-json\/wp\/v2\/product_cat?post=26480"},{"taxonomy":"product_tag","embeddable":true,"href":"https:\/\/nordicmart.andreevmaster.com\/da\/wp-json\/wp\/v2\/product_tag?post=26480"}],"curies":[{"name":"wp","href":"https:\/\/api.w.org\/{rel}","templated":true}]}}