{"id":26479,"date":"2026-02-27T00:32:44","date_gmt":"2026-02-27T00:32:44","guid":{"rendered":"https:\/\/nordicmart.andreevmaster.com\/product\/masterkidz-4-sidet-transparent-akrylmalingstavle\/"},"modified":"2026-02-27T09:12:14","modified_gmt":"2026-02-27T09:12:14","slug":"masterkidz-4-sidet-transparent-akrylmalingstavle","status":"publish","type":"product","link":"https:\/\/nordicmart.andreevmaster.com\/da\/vare\/masterkidz-4-sidet-transparent-akrylmalingstavle\/","title":{"rendered":"MASTERKIDZ 4-sidet transparent akrylmalingstavle"},"content":{"rendered":"<p>Det transparente akrylmalebr\u00e6t er en fantastisk l\u00f8sning til b\u00f8rn, der elsker at male. Det giver dem mulighed for at skabe deres egne kunstv\u00e6rker ved hj\u00e6lp af akvarel- eller akrylmaling, og farverne vil v\u00e6re perfekt synlige. Den transparente overflade giver b\u00f8rnene mulighed for at se igennem den og male det, de ser \u2013 landskaber, genstande eller endda venner, der st\u00e5r p\u00e5 den anden side. N\u00e5r de er f\u00e6rdige med at lege, kan billedet let t\u00f8rres af, s\u00e5 overfladen kan genbruges.\u2757\ufe0f ME32287 KOPPS\u00c6T ER PERFEKT TIL BR\u00c6TTET\u2757\ufe0f<\/p>\n<p>Funktioner:<\/p>\n<p>&#8211; 4-sidet staffeli, der giver mulighed for, at et stort antal b\u00f8rn kan male p\u00e5 samme tid. &#8211; Specielle pladser til maling, vandbeholdere og pensler til hver station. &#8211; Inkluderer en stor gennemsigtig akryloverflade, der er ideel til maling. &#8211; Vandt\u00e6t konstruktion, modstandsdygtig over for UV-str\u00e5ling, skimmel og r\u00e5d \u2013 perfekt til udend\u00f8rs brug. &#8211; Det er den perfekte l\u00f8sning til sm\u00e5 kunstnere, der kombinerer kreativitet med funktionalitet og bekvemmelighed!<\/p>\n<p>Leget\u00f8jet udvikler:<\/p>\n<p>&#8211; Kreativitet og fantasi &#8211; Eksperimentering med farver og maleteknikker &#8211; Visuel perception og motorisk koordination &#8211; Samarbejde og leg sammen<\/p>\n","protected":false},"excerpt":{"rendered":"<p>Det transparente akrylmalebr\u00e6t er en fantastisk l\u00f8sning til b\u00f8rn, der elsker at male. Det giver dem mulighed for at skabe deres egne kunstv\u00e6rker ved hj\u00e6lp af akvarel- eller akrylmaling, og farverne vil v\u00e6re perfekt synlige. Den transparente overflade giver b\u00f8rnene mulighed for at se igennem den og male det, de ser \u2013 landskaber, genstande eller [&hellip;]<\/p>\n","protected":false},"featured_media":0,"comment_status":"open","ping_status":"closed","template":"","meta":[],"product_brand":[],"product_cat":[31],"product_tag":[],"class_list":{"0":"post-26479","1":"product","2":"type-product","3":"status-publish","5":"product_cat-uncategorized-da","7":"first","8":"instock","9":"shipping-taxable","10":"purchasable","11":"product-type-simple"},"_links":{"self":[{"href":"https:\/\/nordicmart.andreevmaster.com\/da\/wp-json\/wp\/v2\/product\/26479","targetHints":{"allow":["GET"]}}],"collection":[{"href":"https:\/\/nordicmart.andreevmaster.com\/da\/wp-json\/wp\/v2\/product"}],"about":[{"href":"https:\/\/nordicmart.andreevmaster.com\/da\/wp-json\/wp\/v2\/types\/product"}],"replies":[{"embeddable":true,"href":"https:\/\/nordicmart.andreevmaster.com\/da\/wp-json\/wp\/v2\/comments?post=26479"}],"wp:attachment":[{"href":"https:\/\/nordicmart.andreevmaster.com\/da\/wp-json\/wp\/v2\/media?parent=26479"}],"wp:term":[{"taxonomy":"product_brand","embeddable":true,"href":"https:\/\/nordicmart.andreevmaster.com\/da\/wp-json\/wp\/v2\/product_brand?post=26479"},{"taxonomy":"product_cat","embeddable":true,"href":"https:\/\/nordicmart.andreevmaster.com\/da\/wp-json\/wp\/v2\/product_cat?post=26479"},{"taxonomy":"product_tag","embeddable":true,"href":"https:\/\/nordicmart.andreevmaster.com\/da\/wp-json\/wp\/v2\/product_tag?post=26479"}],"curies":[{"name":"wp","href":"https:\/\/api.w.org\/{rel}","templated":true}]}}