{"id":26478,"date":"2026-02-27T00:32:44","date_gmt":"2026-02-27T00:32:44","guid":{"rendered":"https:\/\/nordicmart.andreevmaster.com\/product\/masterkidz-transparent-akrylmalingstavle\/"},"modified":"2026-02-27T09:12:13","modified_gmt":"2026-02-27T09:12:13","slug":"masterkidz-transparent-akrylmalingstavle","status":"publish","type":"product","link":"https:\/\/nordicmart.andreevmaster.com\/da\/vare\/masterkidz-transparent-akrylmalingstavle\/","title":{"rendered":"MASTERKIDZ Transparent akrylmalingstavle"},"content":{"rendered":"<p>Den transparente akrylmalingstavle er en fantastisk l\u00f8sning til b\u00f8rn, der elsker at male. Den giver dem mulighed for at skabe deres egne kunstv\u00e6rker ved hj\u00e6lp af akvarel- eller akrylmaling, og farverne vil v\u00e6re perfekt synlige. Den transparente overflade giver b\u00f8rnene mulighed for at se igennem den og male det, de ser \u2013 landskaber, genstande eller endda venner, der st\u00e5r p\u00e5 den anden side. Takket v\u00e6re hjulene kan tavlerne let flyttes, hvilket g\u00f8r det nemt at transportere dem mellem klassev\u00e6relser eller udend\u00f8rs. N\u00e5r legetiden er slut, kan billedet let t\u00f8rres af, s\u00e5 overfladen kan genbruges.<\/p>\n<p>L\u00e5sbare hjul ME32539 kan k\u00f8bes separat, hvilket letter transporten mellem klassev\u00e6relser og udend\u00f8rsarealer.<\/p>\n<p>Egenskaber:<\/p>\n<p>* &#8211; Inkluderer en stor transparent akryloverflade til maling.<br \/>\n* &#8211; R\u00e6kker helt ned til gulvet, s\u00e5 b\u00f8rn i alle aldre kan arbejde komfortabelt<br \/>\n* &#8211; Vandt\u00e6t konstruktion, modstandsdygtig over for UV-str\u00e5ling, skimmel og r\u00e5d \u2013 ideel til udend\u00f8rs brug<\/p>\n<p>Leget\u00f8jet udvikler:<\/p>\n<p>* &#8211; Kreativitet og fantasi<br \/>\n* &#8211; L\u00e6rer eksperimentering med farver og maleteknikker<br \/>\n* &#8211; St\u00f8tter udviklingen af visuel perception og motorisk koordination<br \/>\n* &#8211; Tilskynder til samarbejde og leg sammen<\/p>\n","protected":false},"excerpt":{"rendered":"<p>Den transparente akrylmalingstavle er en fantastisk l\u00f8sning til b\u00f8rn, der elsker at male. Den giver dem mulighed for at skabe deres egne kunstv\u00e6rker ved hj\u00e6lp af akvarel- eller akrylmaling, og farverne vil v\u00e6re perfekt synlige. Den transparente overflade giver b\u00f8rnene mulighed for at se igennem den og male det, de ser \u2013 landskaber, genstande eller [&hellip;]<\/p>\n","protected":false},"featured_media":0,"comment_status":"open","ping_status":"closed","template":"","meta":[],"product_brand":[],"product_cat":[31],"product_tag":[],"class_list":{"0":"post-26478","1":"product","2":"type-product","3":"status-publish","5":"product_cat-uncategorized-da","7":"first","8":"instock","9":"shipping-taxable","10":"purchasable","11":"product-type-simple"},"_links":{"self":[{"href":"https:\/\/nordicmart.andreevmaster.com\/da\/wp-json\/wp\/v2\/product\/26478","targetHints":{"allow":["GET"]}}],"collection":[{"href":"https:\/\/nordicmart.andreevmaster.com\/da\/wp-json\/wp\/v2\/product"}],"about":[{"href":"https:\/\/nordicmart.andreevmaster.com\/da\/wp-json\/wp\/v2\/types\/product"}],"replies":[{"embeddable":true,"href":"https:\/\/nordicmart.andreevmaster.com\/da\/wp-json\/wp\/v2\/comments?post=26478"}],"wp:attachment":[{"href":"https:\/\/nordicmart.andreevmaster.com\/da\/wp-json\/wp\/v2\/media?parent=26478"}],"wp:term":[{"taxonomy":"product_brand","embeddable":true,"href":"https:\/\/nordicmart.andreevmaster.com\/da\/wp-json\/wp\/v2\/product_brand?post=26478"},{"taxonomy":"product_cat","embeddable":true,"href":"https:\/\/nordicmart.andreevmaster.com\/da\/wp-json\/wp\/v2\/product_cat?post=26478"},{"taxonomy":"product_tag","embeddable":true,"href":"https:\/\/nordicmart.andreevmaster.com\/da\/wp-json\/wp\/v2\/product_tag?post=26478"}],"curies":[{"name":"wp","href":"https:\/\/api.w.org\/{rel}","templated":true}]}}