{"id":26477,"date":"2026-02-27T00:32:44","date_gmt":"2026-02-27T00:32:44","guid":{"rendered":"https:\/\/nordicmart.andreevmaster.com\/product\/masterkidz-taelle-og-farvelaeringspuslespil-montessori-sorter\/"},"modified":"2026-02-27T09:12:13","modified_gmt":"2026-02-27T09:12:13","slug":"masterkidz-taelle-og-farvelaeringspuslespil-montessori-sorter","status":"publish","type":"product","link":"https:\/\/nordicmart.andreevmaster.com\/da\/vare\/masterkidz-taelle-og-farvelaeringspuslespil-montessori-sorter\/","title":{"rendered":"MASTERKIDZ T\u00e6lle- og farvel\u00e6ringspuslespil Montessori Sorter"},"content":{"rendered":"<p>Dette p\u00e6dagogiske br\u00e6t er et fantastisk sekventielt puslespil til b\u00f8rn fra 2 \u00e5r og opefter. S\u00e6ttet indeholder 6 s\u00e6t farverige ringe, der kan bruges til leg, farvel\u00e6ring, sortering og r\u00e6kkef\u00f8lge. B\u00f8rnene kan arrangere ringene i en bestemt r\u00e6kkef\u00f8lge eller skabe deres egne r\u00e6kkef\u00f8lger. Pladsen foran st\u00e6ngerne giver mulighed for at arrangere r\u00e6kkef\u00f8lgeblokke, hvilket er udfordrende og udvikler koncentration, rumlig bevidsthed, logisk t\u00e6nkning og farvegenkendelse. <\/p>\n<p>* &#8211; Leget\u00f8j til b\u00f8rn fra 2 \u00e5r og opefter.* &#8211; S\u00e6ttet best\u00e5r af 30 farverige ringe (6 s\u00e6t med 5 stykker i lignende farver)<br \/>\n* &#8211; Hj\u00e6lper b\u00f8rn med at forst\u00e5 r\u00e6kkef\u00f8lge og farvematchning<br \/>\n* &#8211; Tr\u00e6sorteringsleget\u00f8j til farvegenkendelse og l\u00e6ring af at t\u00e6lle<\/p>\n<p>Leget\u00f8jet udvikler:<\/p>\n<p>* &#8211; motoriske f\u00e6rdigheder<br \/>\n* &#8211; sensoriske f\u00e6rdigheder<br \/>\n* &#8211; h\u00e5nd-\u00f8je-koordination<\/p>\n","protected":false},"excerpt":{"rendered":"<p>Dette p\u00e6dagogiske br\u00e6t er et fantastisk sekventielt puslespil til b\u00f8rn fra 2 \u00e5r og opefter. S\u00e6ttet indeholder 6 s\u00e6t farverige ringe, der kan bruges til leg, farvel\u00e6ring, sortering og r\u00e6kkef\u00f8lge. B\u00f8rnene kan arrangere ringene i en bestemt r\u00e6kkef\u00f8lge eller skabe deres egne r\u00e6kkef\u00f8lger. Pladsen foran st\u00e6ngerne giver mulighed for at arrangere r\u00e6kkef\u00f8lgeblokke, hvilket er udfordrende [&hellip;]<\/p>\n","protected":false},"featured_media":0,"comment_status":"open","ping_status":"closed","template":"","meta":[],"product_brand":[],"product_cat":[31],"product_tag":[],"class_list":{"0":"post-26477","1":"product","2":"type-product","3":"status-publish","5":"product_cat-uncategorized-da","7":"first","8":"instock","9":"shipping-taxable","10":"purchasable","11":"product-type-simple"},"_links":{"self":[{"href":"https:\/\/nordicmart.andreevmaster.com\/da\/wp-json\/wp\/v2\/product\/26477","targetHints":{"allow":["GET"]}}],"collection":[{"href":"https:\/\/nordicmart.andreevmaster.com\/da\/wp-json\/wp\/v2\/product"}],"about":[{"href":"https:\/\/nordicmart.andreevmaster.com\/da\/wp-json\/wp\/v2\/types\/product"}],"replies":[{"embeddable":true,"href":"https:\/\/nordicmart.andreevmaster.com\/da\/wp-json\/wp\/v2\/comments?post=26477"}],"wp:attachment":[{"href":"https:\/\/nordicmart.andreevmaster.com\/da\/wp-json\/wp\/v2\/media?parent=26477"}],"wp:term":[{"taxonomy":"product_brand","embeddable":true,"href":"https:\/\/nordicmart.andreevmaster.com\/da\/wp-json\/wp\/v2\/product_brand?post=26477"},{"taxonomy":"product_cat","embeddable":true,"href":"https:\/\/nordicmart.andreevmaster.com\/da\/wp-json\/wp\/v2\/product_cat?post=26477"},{"taxonomy":"product_tag","embeddable":true,"href":"https:\/\/nordicmart.andreevmaster.com\/da\/wp-json\/wp\/v2\/product_tag?post=26477"}],"curies":[{"name":"wp","href":"https:\/\/api.w.org\/{rel}","templated":true}]}}