{"id":26476,"date":"2026-02-27T00:32:44","date_gmt":"2026-02-27T00:32:44","guid":{"rendered":"https:\/\/nordicmart.andreevmaster.com\/product\/masterkidz-saet-med-tal-og-tegn-til-at-laere-at-taelle-og-matematik-til-stem-vaegpaneler-82-stykker\/"},"modified":"2026-02-27T09:12:13","modified_gmt":"2026-02-27T09:12:13","slug":"masterkidz-saet-med-tal-og-tegn-til-at-laere-at-taelle-og-matematik-til-stem-vaegpaneler-82-stykker","status":"publish","type":"product","link":"https:\/\/nordicmart.andreevmaster.com\/da\/vare\/masterkidz-saet-med-tal-og-tegn-til-at-laere-at-taelle-og-matematik-til-stem-vaegpaneler-82-stykker\/","title":{"rendered":"MASTERKIDZ S\u00e6t med tal og tegn til at l\u00e6re at t\u00e6lle og matematik til STEM-v\u00e6gpaneler, 82 stykker"},"content":{"rendered":"<p>Det 82-delte tals\u00e6t til at l\u00e6re at t\u00e6lle er et komplet s\u00e6t, der er et fremragende redskab til at undervise b\u00f8rn i matematik. Det indeholder 40 tal og symboler til matematiske operationer og ligninger, hvilket g\u00f8r det muligt at udf\u00f8re enkle aritmetiske operationer. Elementerne i s\u00e6ttet er store nok til at v\u00e6re nemme at holde og matche, og deres lilla farve tiltr\u00e6kker opm\u00e6rksomhed. S\u00e6ttet passer perfekt p\u00e5 STEM-v\u00e6gge. Det hj\u00e6lper b\u00f8rn med at l\u00e6re at t\u00e6lle, forst\u00e5 tal og udf\u00f8re grundl\u00e6ggende matematiske operationer s\u00e5som addition, subtraktion, multiplikation og division. Det er et fantastisk v\u00e6rkt\u00f8j til at st\u00f8tte udviklingen af matematiske f\u00e6rdigheder hos unge elever.<\/p>\n<p>Funktioner:<\/p>\n<p>* &#8211; Brikkerne har den rigtige st\u00f8rrelse til sm\u00e5 h\u00e6nder og passer til enhver STEM-v\u00e6g eller STEM-overflade.<br \/>\n* &#8211;  Ideel som et forst\u00e6rkningsv\u00e6rkt\u00f8j til at t\u00e6lle, tal i base 10,<br \/>\n* &#8211; Perfekt til brug i enkle taloperationer &#8211; multiplikation, division, addition og subtraktion.<\/p>\n<p>S\u00e6ttet indeholder:<\/p>\n<p>* &#8211; 40 tal (4 s\u00e6t fra 0 til 9)<br \/>\n* &#8211; 4 s\u00e6t regnesymboler (+, -, x og \/)<br \/>\n* &#8211; 8 x lighedstegn (=)<br \/>\n* &#8211; 6 plader<br \/>\n* &#8211; 12 skruer<\/p>\n<p>Bem\u00e6rk! Dette er et s\u00e6t tilbeh\u00f8r til tavler eller borde. Tavlerne og bordene, der vises p\u00e5 de illustrative fotos, kan k\u00f8bes separat.<\/p>\n<p>S\u00e6ttet er kompatibelt med tavler som: ME25111; ME15365; ME11343.<\/p>\n","protected":false},"excerpt":{"rendered":"<p>Det 82-delte tals\u00e6t til at l\u00e6re at t\u00e6lle er et komplet s\u00e6t, der er et fremragende redskab til at undervise b\u00f8rn i matematik. Det indeholder 40 tal og symboler til matematiske operationer og ligninger, hvilket g\u00f8r det muligt at udf\u00f8re enkle aritmetiske operationer. Elementerne i s\u00e6ttet er store nok til at v\u00e6re nemme at holde [&hellip;]<\/p>\n","protected":false},"featured_media":0,"comment_status":"open","ping_status":"closed","template":"","meta":[],"product_brand":[],"product_cat":[31],"product_tag":[],"class_list":{"0":"post-26476","1":"product","2":"type-product","3":"status-publish","5":"product_cat-uncategorized-da","7":"first","8":"instock","9":"shipping-taxable","10":"purchasable","11":"product-type-simple"},"_links":{"self":[{"href":"https:\/\/nordicmart.andreevmaster.com\/da\/wp-json\/wp\/v2\/product\/26476","targetHints":{"allow":["GET"]}}],"collection":[{"href":"https:\/\/nordicmart.andreevmaster.com\/da\/wp-json\/wp\/v2\/product"}],"about":[{"href":"https:\/\/nordicmart.andreevmaster.com\/da\/wp-json\/wp\/v2\/types\/product"}],"replies":[{"embeddable":true,"href":"https:\/\/nordicmart.andreevmaster.com\/da\/wp-json\/wp\/v2\/comments?post=26476"}],"wp:attachment":[{"href":"https:\/\/nordicmart.andreevmaster.com\/da\/wp-json\/wp\/v2\/media?parent=26476"}],"wp:term":[{"taxonomy":"product_brand","embeddable":true,"href":"https:\/\/nordicmart.andreevmaster.com\/da\/wp-json\/wp\/v2\/product_brand?post=26476"},{"taxonomy":"product_cat","embeddable":true,"href":"https:\/\/nordicmart.andreevmaster.com\/da\/wp-json\/wp\/v2\/product_cat?post=26476"},{"taxonomy":"product_tag","embeddable":true,"href":"https:\/\/nordicmart.andreevmaster.com\/da\/wp-json\/wp\/v2\/product_tag?post=26476"}],"curies":[{"name":"wp","href":"https:\/\/api.w.org\/{rel}","templated":true}]}}