{"id":26475,"date":"2026-02-27T00:32:44","date_gmt":"2026-02-27T00:32:44","guid":{"rendered":"https:\/\/nordicmart.andreevmaster.com\/product\/masterkidz-alfabet-saet-store-og-sma-bogstaver-til-stem-vaegpaneler-122-stk\/"},"modified":"2026-02-27T09:12:13","modified_gmt":"2026-02-27T09:12:13","slug":"masterkidz-alfabet-saet-store-og-sma-bogstaver-til-stem-vaegpaneler-122-stk","status":"publish","type":"product","link":"https:\/\/nordicmart.andreevmaster.com\/da\/vare\/masterkidz-alfabet-saet-store-og-sma-bogstaver-til-stem-vaegpaneler-122-stk\/","title":{"rendered":"MASTERKIDZ Alfabet-s\u00e6t (store og sm\u00e5 bogstaver) til STEM-v\u00e6gpaneler, 122 stk."},"content":{"rendered":"<p>Alfabet med store og sm\u00e5 bogstaver Dette fantastiske bogstavs\u00e6t er perfekt til begyndere, da det indeholder b\u00e5de store og sm\u00e5 bogstaver, som b\u00f8rnene kan identificere, orientere sig i og derefter matche med enhver STEM-v\u00e6g. S\u00e6ttet indeholder to komplette s\u00e6t store bogstaver og to s\u00e6t sm\u00e5 bogstaver, hvilket er tilstr\u00e6kkeligt til enkeltpersoner eller sm\u00e5 grupper, der arbejder sammen. B\u00f8rnene vil gerne sortere dem, arrangere dem, danne ord med dem og \u00f8ve deres udtale. Brikkerne er farverige, s\u00e5 de kan adskilles tydeligt, n\u00e5r de arrangeres i alfabetisk r\u00e6kkef\u00f8lge. S\u00e6ttet indeholder: * &#8211; 104 standardbogstaver med en tydelig skrifttype (2 s\u00e6t store bogstaver og 2 s\u00e6t sm\u00e5 bogstaver).* &#8211; 6 m\u00f8nstrede skjorter. * &#8211; 12 skruer. Bem\u00e6rk! Dette er et s\u00e6t tilbeh\u00f8r til tavler eller borde. Tavlerne og bordene, der vises p\u00e5 de illustrative fotos, kan k\u00f8bes separat. S\u00e6ttet er kompatibelt med tavler som: ME25111; ME15365; ME11343.<\/p>\n","protected":false},"excerpt":{"rendered":"<p>Alfabet med store og sm\u00e5 bogstaver Dette fantastiske bogstavs\u00e6t er perfekt til begyndere, da det indeholder b\u00e5de store og sm\u00e5 bogstaver, som b\u00f8rnene kan identificere, orientere sig i og derefter matche med enhver STEM-v\u00e6g. S\u00e6ttet indeholder to komplette s\u00e6t store bogstaver og to s\u00e6t sm\u00e5 bogstaver, hvilket er tilstr\u00e6kkeligt til enkeltpersoner eller sm\u00e5 grupper, der [&hellip;]<\/p>\n","protected":false},"featured_media":0,"comment_status":"open","ping_status":"closed","template":"","meta":[],"product_brand":[],"product_cat":[31],"product_tag":[],"class_list":{"0":"post-26475","1":"product","2":"type-product","3":"status-publish","5":"product_cat-uncategorized-da","7":"first","8":"instock","9":"shipping-taxable","10":"purchasable","11":"product-type-simple"},"_links":{"self":[{"href":"https:\/\/nordicmart.andreevmaster.com\/da\/wp-json\/wp\/v2\/product\/26475","targetHints":{"allow":["GET"]}}],"collection":[{"href":"https:\/\/nordicmart.andreevmaster.com\/da\/wp-json\/wp\/v2\/product"}],"about":[{"href":"https:\/\/nordicmart.andreevmaster.com\/da\/wp-json\/wp\/v2\/types\/product"}],"replies":[{"embeddable":true,"href":"https:\/\/nordicmart.andreevmaster.com\/da\/wp-json\/wp\/v2\/comments?post=26475"}],"wp:attachment":[{"href":"https:\/\/nordicmart.andreevmaster.com\/da\/wp-json\/wp\/v2\/media?parent=26475"}],"wp:term":[{"taxonomy":"product_brand","embeddable":true,"href":"https:\/\/nordicmart.andreevmaster.com\/da\/wp-json\/wp\/v2\/product_brand?post=26475"},{"taxonomy":"product_cat","embeddable":true,"href":"https:\/\/nordicmart.andreevmaster.com\/da\/wp-json\/wp\/v2\/product_cat?post=26475"},{"taxonomy":"product_tag","embeddable":true,"href":"https:\/\/nordicmart.andreevmaster.com\/da\/wp-json\/wp\/v2\/product_tag?post=26475"}],"curies":[{"name":"wp","href":"https:\/\/api.w.org\/{rel}","templated":true}]}}