{"id":26474,"date":"2026-02-27T00:32:43","date_gmt":"2026-02-27T00:32:43","guid":{"rendered":"https:\/\/nordicmart.andreevmaster.com\/product\/masterkidz-reol-pa-hjul-3-hylder-til-stem-braet-tilbehor-800h-x-800l\/"},"modified":"2026-02-27T09:12:13","modified_gmt":"2026-02-27T09:12:13","slug":"masterkidz-reol-pa-hjul-3-hylder-til-stem-braet-tilbehor-800h-x-800l","status":"publish","type":"product","link":"https:\/\/nordicmart.andreevmaster.com\/da\/vare\/masterkidz-reol-pa-hjul-3-hylder-til-stem-braet-tilbehor-800h-x-800l\/","title":{"rendered":"MASTERKIDZ Reol p\u00e5 hjul &#8211; 3 hylder til STEM-br\u00e6t tilbeh\u00f8r 800H x 800L"},"content":{"rendered":"<p>Den mobile hylde p\u00e5 hjul ME29959 er et moderne og robust stykke udstyr til ethvert undervisningslokale. Den er designet med de yngste brugeres komfort for \u00f8je og g\u00f8r det nemt at opbevare og organisere sm\u00e5 og mellemstore genstande s\u00e5som skruer, m\u00f8trikker og pinde. Takket v\u00e6re sit elegante udseende og funktionalitet passer den perfekt ind i undervisningslokalet og tilskynder b\u00f8rnene til at v\u00e6re selvst\u00e6ndige og kreative i undervisningen. <\/p>\n<p>Funktioner: <\/p>\n<p>* Fremstillet af materialer af h\u00f8j kvalitet<br \/>\n* Udstyret med l\u00e5sbare hjul, s\u00e5 den let kan flyttes og placeres sikkert p\u00e5 det \u00f8nskede sted.<br \/>\n* Tilpasset b\u00f8rns h\u00f8jde, s\u00e5 alle hylder er let tilg\u00e6ngelige.* Vippes fremad for hurtig visning og udv\u00e6lgelse af n\u00f8dvendige genstande.<br \/>\n* Kompatibel med Masterkidz akrylbeholdere (ME24886, ME16560, ME16553)<\/p>\n","protected":false},"excerpt":{"rendered":"<p>Den mobile hylde p\u00e5 hjul ME29959 er et moderne og robust stykke udstyr til ethvert undervisningslokale. Den er designet med de yngste brugeres komfort for \u00f8je og g\u00f8r det nemt at opbevare og organisere sm\u00e5 og mellemstore genstande s\u00e5som skruer, m\u00f8trikker og pinde. Takket v\u00e6re sit elegante udseende og funktionalitet passer den perfekt ind i [&hellip;]<\/p>\n","protected":false},"featured_media":0,"comment_status":"open","ping_status":"closed","template":"","meta":[],"product_brand":[],"product_cat":[31],"product_tag":[],"class_list":{"0":"post-26474","1":"product","2":"type-product","3":"status-publish","5":"product_cat-uncategorized-da","7":"first","8":"instock","9":"shipping-taxable","10":"purchasable","11":"product-type-simple"},"_links":{"self":[{"href":"https:\/\/nordicmart.andreevmaster.com\/da\/wp-json\/wp\/v2\/product\/26474","targetHints":{"allow":["GET"]}}],"collection":[{"href":"https:\/\/nordicmart.andreevmaster.com\/da\/wp-json\/wp\/v2\/product"}],"about":[{"href":"https:\/\/nordicmart.andreevmaster.com\/da\/wp-json\/wp\/v2\/types\/product"}],"replies":[{"embeddable":true,"href":"https:\/\/nordicmart.andreevmaster.com\/da\/wp-json\/wp\/v2\/comments?post=26474"}],"wp:attachment":[{"href":"https:\/\/nordicmart.andreevmaster.com\/da\/wp-json\/wp\/v2\/media?parent=26474"}],"wp:term":[{"taxonomy":"product_brand","embeddable":true,"href":"https:\/\/nordicmart.andreevmaster.com\/da\/wp-json\/wp\/v2\/product_brand?post=26474"},{"taxonomy":"product_cat","embeddable":true,"href":"https:\/\/nordicmart.andreevmaster.com\/da\/wp-json\/wp\/v2\/product_cat?post=26474"},{"taxonomy":"product_tag","embeddable":true,"href":"https:\/\/nordicmart.andreevmaster.com\/da\/wp-json\/wp\/v2\/product_tag?post=26474"}],"curies":[{"name":"wp","href":"https:\/\/api.w.org\/{rel}","templated":true}]}}