{"id":26473,"date":"2026-02-27T00:32:43","date_gmt":"2026-02-27T00:32:43","guid":{"rendered":"https:\/\/nordicmart.andreevmaster.com\/product\/masterkidz-farverige-skruer-i-5-former-til-stem-creative-board-512-stykker-i-forskellige-farver\/"},"modified":"2026-02-27T09:12:12","modified_gmt":"2026-02-27T09:12:12","slug":"masterkidz-farverige-skruer-i-5-former-til-stem-creative-board-512-stykker-i-forskellige-farver","status":"publish","type":"product","link":"https:\/\/nordicmart.andreevmaster.com\/da\/vare\/masterkidz-farverige-skruer-i-5-former-til-stem-creative-board-512-stykker-i-forskellige-farver\/","title":{"rendered":"MASTERKIDZ Farverige skruer i 5 former til STEM Creative Board 512 stykker i forskellige farver"},"content":{"rendered":"<p>Farverige skruer til at skrue i Masterkidz STEM tr\u00e6p\u00e6dagogisk tavle er et fantastisk element, der ikke kun giver dit barn mulighed for at dekorere sin tavle p\u00e5 en smuk m\u00e5de og skabe fantastiske tegninger, men ogs\u00e5, takket v\u00e6re specialv\u00e6rkt\u00f8j, der skal k\u00f8bes separat, l\u00e6re dem at bruge h\u00e5ndv\u00e6rkt\u00f8j og en elektrisk skruetr\u00e6kker. Dette s\u00e6t indeholder 5 typer skruer i 8 farver med forskellige fordybninger: 128 standardskruer med krydsformet spids og yderligere 4 typer skruer, 96 stk. af hver, med flade, trekantede, stjerneformede og firkantede fordybninger. <\/p>\n<p>### Egenskaber: <\/p>\n<p>* &#8211; S\u00e6ttet indeholder 512 farvede skruer i 8 farver<br \/>\n* &#8211; 128 skruer med stjerneskruehoved, 96 skruer med fladt, trekantet, stjerneformet og firkantet hoved<br \/>\n* &#8211; Takket v\u00e6re de forskellige skruehoveder l\u00e6rer b\u00f8rnene at genkende former<br \/>\n* &#8211; Leg med Masterkidz STEM tr\u00e6p\u00e6dagogisk tavle f\u00e5r en helt ny dimension! Nu kan du fylde br\u00e6ttet med farverige skruer, som er en fantastisk m\u00e5de at udvikle dit barns motoriske f\u00e6rdigheder p\u00e5.<br \/>\n* &#8211; Skruerne passer ikke kun perfekt til br\u00e6ttet og fylder det med nye farver, men takket v\u00e6re det faktum, at de kan skrues i med specialv\u00e6rkt\u00f8j (som skal k\u00f8bes separat), l\u00e6rer dit barn at bruge skruetr\u00e6kkere, skruen\u00f8gler og en elektrisk skruetr\u00e6kker med forskellige bits.<\/p>\n","protected":false},"excerpt":{"rendered":"<p>Farverige skruer til at skrue i Masterkidz STEM tr\u00e6p\u00e6dagogisk tavle er et fantastisk element, der ikke kun giver dit barn mulighed for at dekorere sin tavle p\u00e5 en smuk m\u00e5de og skabe fantastiske tegninger, men ogs\u00e5, takket v\u00e6re specialv\u00e6rkt\u00f8j, der skal k\u00f8bes separat, l\u00e6re dem at bruge h\u00e5ndv\u00e6rkt\u00f8j og en elektrisk skruetr\u00e6kker. Dette s\u00e6t indeholder [&hellip;]<\/p>\n","protected":false},"featured_media":0,"comment_status":"open","ping_status":"closed","template":"","meta":[],"product_brand":[],"product_cat":[31],"product_tag":[],"class_list":{"0":"post-26473","1":"product","2":"type-product","3":"status-publish","5":"product_cat-uncategorized-da","7":"first","8":"instock","9":"shipping-taxable","10":"purchasable","11":"product-type-simple"},"_links":{"self":[{"href":"https:\/\/nordicmart.andreevmaster.com\/da\/wp-json\/wp\/v2\/product\/26473","targetHints":{"allow":["GET"]}}],"collection":[{"href":"https:\/\/nordicmart.andreevmaster.com\/da\/wp-json\/wp\/v2\/product"}],"about":[{"href":"https:\/\/nordicmart.andreevmaster.com\/da\/wp-json\/wp\/v2\/types\/product"}],"replies":[{"embeddable":true,"href":"https:\/\/nordicmart.andreevmaster.com\/da\/wp-json\/wp\/v2\/comments?post=26473"}],"wp:attachment":[{"href":"https:\/\/nordicmart.andreevmaster.com\/da\/wp-json\/wp\/v2\/media?parent=26473"}],"wp:term":[{"taxonomy":"product_brand","embeddable":true,"href":"https:\/\/nordicmart.andreevmaster.com\/da\/wp-json\/wp\/v2\/product_brand?post=26473"},{"taxonomy":"product_cat","embeddable":true,"href":"https:\/\/nordicmart.andreevmaster.com\/da\/wp-json\/wp\/v2\/product_cat?post=26473"},{"taxonomy":"product_tag","embeddable":true,"href":"https:\/\/nordicmart.andreevmaster.com\/da\/wp-json\/wp\/v2\/product_tag?post=26473"}],"curies":[{"name":"wp","href":"https:\/\/api.w.org\/{rel}","templated":true}]}}